{"id":954,"date":"2017-09-27T13:37:40","date_gmt":"2017-09-27T11:37:40","guid":{"rendered":"http:\/\/muzeumpamieci.umk.pl\/?page_id=954"},"modified":"2021-12-08T20:41:37","modified_gmt":"2021-12-08T19:41:37","slug":"raporty","status":"publish","type":"page","link":"https:\/\/muzeumpamieci.umk.pl\/?page_id=954","title":{"rendered":"RAPORTY"},"content":{"rendered":"<ul class=\"lcp_catlist\" id=\"lcp_instance_0\"><li><a href=\"https:\/\/muzeumpamieci.umk.pl\/?p=6904\">Ma\u0142gorzata BAKA, Tomasz de ROSSET | Projekt \u201eMuzeum w polskiej kulturze pami\u0119ci&#8230; podsumowanie 2016-2020<\/a><\/li><li><a href=\"https:\/\/muzeumpamieci.umk.pl\/?p=6801\">Ma\u0142gorzata BAKA, Tomasz de ROSSET | Projekt \u201eMuzeum w polskiej kulturze pami\u0119ci\u2026 raport 2019<\/a><\/li><li><a href=\"https:\/\/muzeumpamieci.umk.pl\/?p=5849\">Ma\u0142gorzata BAKA, Tomasz de ROSSET | Projekt \u201eMuzeum w polskiej kulturze pami\u0119ci&#8230; raport 2018<\/a><\/li><li><a href=\"https:\/\/muzeumpamieci.umk.pl\/?p=2467\">Ma\u0142gorzata BAKA, Tomasz de ROSSET | Projekt &#8222;Muzeum w polskiej kulturze pami\u0119ci&#8230; raport 2017<\/a><\/li><li><a href=\"https:\/\/muzeumpamieci.umk.pl\/?p=902\">Ma\u0142gorzata BAKA, Tomasz de ROSSET | 2016 &#8211; Podsumowanie pierwszego roku projektu &#8222;Muzeum w polskiej kulturze pami\u0119ci (do 1918 r.): wczesne instytucje muzealne wobec muzeologii cyfrowej&#8221;<\/a><\/li><\/ul>\n<hr \/>\n<h4>WYKAZY uzupe\u0142niaj\u0105ce\u00a0do raport\u00f3w<\/h4>\n<ul class=\"lcp_catlist\" id=\"lcp_instance_0\"><li><a href=\"https:\/\/muzeumpamieci.umk.pl\/?p=9147\">Wykaz instytucji muzealnych obj\u0119tych opracowaniem (stan na 2020-12-31)<\/a><\/li><li><a href=\"https:\/\/muzeumpamieci.umk.pl\/?p=9143\">Wykaz instytucji, w kt\u00f3rych prowadzono kwerendy<\/a><\/li><li><a href=\"https:\/\/muzeumpamieci.umk.pl\/?p=9180\">Wykaz wyst\u0105pie\u0144 zespo\u0142u projektowego na konferencjach og\u00f3lnopolskich i mi\u0119dzynarodowych<\/a><\/li><li><a href=\"https:\/\/muzeumpamieci.umk.pl\/?p=9062\">Wykaz opracowanych ankiet instytucji muzealnych (stan na 31-12-2019)<\/a><\/li><li><a href=\"https:\/\/muzeumpamieci.umk.pl\/?p=9175\">Wykaz muze\u00f3w krajoznawczych<\/a><\/li><li><a href=\"https:\/\/muzeumpamieci.umk.pl\/?p=9080\">Wykaz materia\u0142\u00f3w pomocniczych: pami\u0119tniki, dzienniki<\/a><\/li><li><a href=\"https:\/\/muzeumpamieci.umk.pl\/?p=9074\">Wykaz bibliotek cyfrowych i baz wiedzy, w kt\u00f3rych prowadzono kwerendy<\/a><\/li><li><a href=\"https:\/\/muzeumpamieci.umk.pl\/?p=9034\">Wykaz dzie\u0142 sztuki i wystaw publikowanych na \u0142amach \u201eTygodnika Illustrowanego\u201d | oprac. Ma\u0142gorzata Baka<\/a><\/li><li><a href=\"https:\/\/muzeumpamieci.umk.pl\/?p=9027\">Wykaz statut\u00f3w muzealnych i sprawozda\u0144<\/a><\/li><li><a href=\"https:\/\/muzeumpamieci.umk.pl\/?p=9024\">Wykaz czasopi\u015bmiennictwa obj\u0119tego kwerend\u0105<\/a><\/li><\/ul>\n","protected":false},"excerpt":{"rendered":"<p>WYKAZY uzupe\u0142niaj\u0105ce\u00a0do raport\u00f3w<\/p>\n","protected":false},"author":1,"featured_media":0,"parent":2,"menu_order":0,"comment_status":"closed","ping_status":"closed","template":"","meta":{"footnotes":""},"class_list":["post-954","page","type-page","status-publish","hentry"],"aioseo_notices":[],"_links":{"self":[{"href":"https:\/\/muzeumpamieci.umk.pl\/index.php?rest_route=\/wp\/v2\/pages\/954","targetHints":{"allow":["GET"]}}],"collection":[{"href":"https:\/\/muzeumpamieci.umk.pl\/index.php?rest_route=\/wp\/v2\/pages"}],"about":[{"href":"https:\/\/muzeumpamieci.umk.pl\/index.php?rest_route=\/wp\/v2\/types\/page"}],"author":[{"embeddable":true,"href":"https:\/\/muzeumpamieci.umk.pl\/index.php?rest_route=\/wp\/v2\/users\/1"}],"replies":[{"embeddable":true,"href":"https:\/\/muzeumpamieci.umk.pl\/index.php?rest_route=%2Fwp%2Fv2%2Fcomments&post=954"}],"version-history":[{"count":4,"href":"https:\/\/muzeumpamieci.umk.pl\/index.php?rest_route=\/wp\/v2\/pages\/954\/revisions"}],"predecessor-version":[{"id":9054,"href":"https:\/\/muzeumpamieci.umk.pl\/index.php?rest_route=\/wp\/v2\/pages\/954\/revisions\/9054"}],"up":[{"embeddable":true,"href":"https:\/\/muzeumpamieci.umk.pl\/index.php?rest_route=\/wp\/v2\/pages\/2"}],"wp:attachment":[{"href":"https:\/\/muzeumpamieci.umk.pl\/index.php?rest_route=%2Fwp%2Fv2%2Fmedia&parent=954"}],"curies":[{"name":"wp","href":"https:\/\/api.w.org\/{rel}","templated":true}]}}