{"id":9499,"date":"2022-01-01T21:03:25","date_gmt":"2022-01-01T20:03:25","guid":{"rendered":"http:\/\/muzeumpamieci.umk.pl\/?page_id=9499"},"modified":"2022-01-01T22:29:34","modified_gmt":"2022-01-01T21:29:34","slug":"9499-2","status":"publish","type":"page","link":"https:\/\/muzeumpamieci.umk.pl\/?page_id=9499","title":{"rendered":"Bazy danych"},"content":{"rendered":"\t\t<div data-elementor-type=\"wp-page\" data-elementor-id=\"9499\" class=\"elementor elementor-9499\">\n\t\t\t\t\t\t<section class=\"elementor-section elementor-top-section elementor-element elementor-element-e5597df elementor-section-boxed elementor-section-height-default elementor-section-height-default\" data-id=\"e5597df\" data-element_type=\"section\" data-e-type=\"section\">\n\t\t\t\t\t\t<div class=\"elementor-container elementor-column-gap-default\">\n\t\t\t\t\t<div class=\"elementor-column elementor-col-66 elementor-top-column elementor-element elementor-element-212358d\" data-id=\"212358d\" data-element_type=\"column\" data-e-type=\"column\">\n\t\t\t<div class=\"elementor-widget-wrap elementor-element-populated\">\n\t\t\t\t\t\t<div class=\"elementor-element elementor-element-f8ed5bf elementor-widget elementor-widget-text-editor\" data-id=\"f8ed5bf\" data-element_type=\"widget\" data-e-type=\"widget\" data-widget_type=\"text-editor.default\">\n\t\t\t\t<div class=\"elementor-widget-container\">\n\t\t\t\t\t\t\t\t\t<p><strong>Baza danych I<\/strong> wykonana przez firm\u0119 <b>Aplan Media Sp. z o.o. z \u0141odzi<\/b> w ramach projektu &#8222;Muzeum w polskiej kulturze pami\u0119ci (do 1918 r.): wczesne instytucje muzealne wobec muzeologii cyfrowej&#8221; finansowanego z\u00a0<span style=\"color: #333333; font-family: Lato, sans-serif; font-size: 14px; font-style: normal; font-weight: 400; text-align: -webkit-center;\">\u00a0<\/span><span style=\"color: #333333; font-family: Lato, sans-serif; font-size: 14px; font-style: normal; font-weight: 400; text-align: -webkit-center;\">grantu Ministra Nauki i Szkolnictwa Wy\u017cszego w ramach Narodowego Programu Rozwoju Humanistyki na lata 2016-2019.<\/span><\/p><p>Baza zawiera wykaz instytucji muzealnych wraz z opisem. Baz\u0119 danych mo\u017cna uzupe\u0142nia\u0107 po wcze\u015bniejszym za\u0142o\u017ceniu konta\/zalogowaniu si\u0119. Wszystkie rekordy s\u0105 moderowane przez redakcj\u0119 portalu.<\/p>\t\t\t\t\t\t\t\t<\/div>\n\t\t\t\t<\/div>\n\t\t\t\t\t<\/div>\n\t\t<\/div>\n\t\t\t\t<div class=\"elementor-column elementor-col-33 elementor-top-column elementor-element elementor-element-b510b8e\" data-id=\"b510b8e\" data-element_type=\"column\" data-e-type=\"column\">\n\t\t\t<div class=\"elementor-widget-wrap elementor-element-populated\">\n\t\t\t\t\t\t<div class=\"elementor-element elementor-element-e0bef12 elementor-align-center elementor-widget elementor-widget-button\" data-id=\"e0bef12\" data-element_type=\"widget\" data-e-type=\"widget\" data-widget_type=\"button.default\">\n\t\t\t\t<div class=\"elementor-widget-container\">\n\t\t\t\t\t\t\t\t\t<div class=\"elementor-button-wrapper\">\n\t\t\t\t\t<a class=\"elementor-button elementor-button-link elementor-size-sm\" href=\"http:\/\/muzeumpamieci.umk.pl\/panel\/register\">\n\t\t\t\t\t\t<span class=\"elementor-button-content-wrapper\">\n\t\t\t\t\t\t\t\t\t<span class=\"elementor-button-text\">ZAREJESTRUJ SI\u0118<\/span>\n\t\t\t\t\t<\/span>\n\t\t\t\t\t<\/a>\n\t\t\t\t<\/div>\n\t\t\t\t\t\t\t\t<\/div>\n\t\t\t\t<\/div>\n\t\t\t\t<div class=\"elementor-element elementor-element-9f12f15 elementor-align-center elementor-widget elementor-widget-button\" data-id=\"9f12f15\" data-element_type=\"widget\" data-e-type=\"widget\" data-widget_type=\"button.default\">\n\t\t\t\t<div class=\"elementor-widget-container\">\n\t\t\t\t\t\t\t\t\t<div class=\"elementor-button-wrapper\">\n\t\t\t\t\t<a class=\"elementor-button elementor-button-link elementor-size-sm\" href=\"http:\/\/muzeumpamieci.umk.pl\/panel\/login\">\n\t\t\t\t\t\t<span class=\"elementor-button-content-wrapper\">\n\t\t\t\t\t\t\t\t\t<span class=\"elementor-button-text\">    LOGOWANIE    <\/span>\n\t\t\t\t\t<\/span>\n\t\t\t\t\t<\/a>\n\t\t\t\t<\/div>\n\t\t\t\t\t\t\t\t<\/div>\n\t\t\t\t<\/div>\n\t\t\t\t\t<\/div>\n\t\t<\/div>\n\t\t\t\t\t<\/div>\n\t\t<\/section>\n\t\t\t\t<section class=\"elementor-section elementor-top-section elementor-element elementor-element-161c230 elementor-section-boxed elementor-section-height-default elementor-section-height-default\" data-id=\"161c230\" data-element_type=\"section\" data-e-type=\"section\">\n\t\t\t\t\t\t<div class=\"elementor-container elementor-column-gap-default\">\n\t\t\t\t\t<div class=\"elementor-column elementor-col-66 elementor-top-column elementor-element elementor-element-724761a\" data-id=\"724761a\" data-element_type=\"column\" data-e-type=\"column\">\n\t\t\t<div class=\"elementor-widget-wrap elementor-element-populated\">\n\t\t\t\t\t\t<div class=\"elementor-element elementor-element-abc3c34 elementor-widget elementor-widget-text-editor\" data-id=\"abc3c34\" data-element_type=\"widget\" data-e-type=\"widget\" data-widget_type=\"text-editor.default\">\n\t\t\t\t<div class=\"elementor-widget-container\">\n\t\t\t\t\t\t\t\t\t<p><!DOCTYPE html>\n<html lang=\"en\">\n    <head>\n        <meta charset=\"utf-8\">\n        <meta http-equiv=\"X-UA-Compatible\" content=\"IE=edge\">\n        <meta name=\"viewport\" content=\"width=device-width, initial-scale=1\">\n\n        <title>Error<\/title>\n\n        <!-- Fonts -->\n        <link href=\"https:\/\/fonts.googleapis.com\/css?family=Raleway:100,600\" rel=\"stylesheet\" type=\"text\/css\">\n\n        <!-- Styles -->\n        <style>\n            html, body {\n                background-color: #fff;\n                color: #636b6f;\n                font-family: 'Raleway', sans-serif;\n                font-weight: 100;\n                height: 100vh;\n                margin: 0;\n            }\n\n            .full-height {\n                height: 100vh;\n            }\n\n            .flex-center {\n                align-items: center;\n                display: flex;\n                justify-content: center;\n            }\n\n            .position-ref {\n                position: relative;\n            }\n\n            .content {\n                text-align: center;\n            }\n\n            .title {\n                font-size: 36px;\n                padding: 20px;\n            }\n        <\/style>\n    <\/head>\n    <body>\n        <div class=\"flex-center position-ref full-height\">\n            <div class=\"content\">\n                <div class=\"title\">\n                    Whoops, looks like something went wrong.                <\/div>\n            <\/div>\n        <\/div>\n    <\/body>\n<\/html>\n<\/p>\t\t\t\t\t\t\t\t<\/div>\n\t\t\t\t<\/div>\n\t\t\t\t<div class=\"elementor-element elementor-element-d5b3a69 elementor-widget elementor-widget-text-editor\" data-id=\"d5b3a69\" data-element_type=\"widget\" data-e-type=\"widget\" data-widget_type=\"text-editor.default\">\n\t\t\t\t<div class=\"elementor-widget-container\">\n\t\t\t\t\t\t\t\t\t<h3><CENTER>Baz\u0119 danych wykona\u0142a firma <strong>Aplan Media<\/strong><\/h3>\t\t\t\t\t\t\t\t<\/div>\n\t\t\t\t<\/div>\n\t\t\t\t<div class=\"elementor-element elementor-element-c21e80c elementor-widget elementor-widget-text-editor\" data-id=\"c21e80c\" data-element_type=\"widget\" data-e-type=\"widget\" data-widget_type=\"text-editor.default\">\n\t\t\t\t<div class=\"elementor-widget-container\">\n\t\t\t\t\t\t\t\t\t<div class=\"wp-block-image\"><figure class=\"aligncenter\"><a href=\"https:\/\/www.aplanmedia.pl\" target=\"_blank\" rel=\"noopener\"><img decoding=\"async\" width=\"400;\" src=\"http:\/\/muzeumpamieci.umk.pl\/wp-content\/uploads\/2020\/10\/31190104_1690973950993533_4701066595237791494_n.jpg\" alt=\"\" class=\"wp-image-6518\" srcset=\"https:\/\/muzeumpamieci.umk.pl\/wp-content\/uploads\/2020\/10\/31190104_1690973950993533_4701066595237791494_n.jpg 820w, https:\/\/muzeumpamieci.umk.pl\/wp-content\/uploads\/2020\/10\/31190104_1690973950993533_4701066595237791494_n-300x114.jpg 300w, https:\/\/muzeumpamieci.umk.pl\/wp-content\/uploads\/2020\/10\/31190104_1690973950993533_4701066595237791494_n-768x292.jpg 768w, https:\/\/muzeumpamieci.umk.pl\/wp-content\/uploads\/2020\/10\/31190104_1690973950993533_4701066595237791494_n-500x190.jpg 500w\" sizes=\"(max-width: 820px) 100vw, 820px\" \/><\/a><\/figure><\/div>\t\t\t\t\t\t\t\t<\/div>\n\t\t\t\t<\/div>\n\t\t\t\t\t<\/div>\n\t\t<\/div>\n\t\t\t\t<div class=\"elementor-column elementor-col-33 elementor-top-column elementor-element elementor-element-a8a1db9\" data-id=\"a8a1db9\" data-element_type=\"column\" data-e-type=\"column\">\n\t\t\t<div class=\"elementor-widget-wrap elementor-element-populated\">\n\t\t\t\t\t\t<div class=\"elementor-element elementor-element-44681d2 elementor-align-center elementor-widget elementor-widget-button\" data-id=\"44681d2\" data-element_type=\"widget\" data-e-type=\"widget\" data-widget_type=\"button.default\">\n\t\t\t\t<div class=\"elementor-widget-container\">\n\t\t\t\t\t\t\t\t\t<div class=\"elementor-button-wrapper\">\n\t\t\t\t\t<a class=\"elementor-button elementor-button-link elementor-size-sm\" href=\"#\">\n\t\t\t\t\t\t<span class=\"elementor-button-content-wrapper\">\n\t\t\t\t\t\t\t\t\t<span class=\"elementor-button-text\">BAZA DANYCH  \u03b2<\/span>\n\t\t\t\t\t<\/span>\n\t\t\t\t\t<\/a>\n\t\t\t\t<\/div>\n\t\t\t\t\t\t\t\t<\/div>\n\t\t\t\t<\/div>\n\t\t\t\t\t<\/div>\n\t\t<\/div>\n\t\t\t\t\t<\/div>\n\t\t<\/section>\n\t\t\t\t<\/div>\n\t\t","protected":false},"excerpt":{"rendered":"<p>Baza danych I wykonana przez firm\u0119 Aplan Media Sp. z o.o. z \u0141odzi w ramach projektu &#8222;Muzeum w polskiej kulturze pami\u0119ci (do 1918 r.): wczesne instytucje muzealne wobec muzeologii cyfrowej&#8221; finansowanego z&nbsp;&nbsp;grantu Ministra Nauki i Szkolnictwa Wy\u017cszego w ramach Narodowego Programu Rozwoju Humanistyki na lata 2016-2019. Baza zawiera wykaz instytucji muzealnych wraz z opisem. Baz\u0119&hellip; <\/p>\n","protected":false},"author":1,"featured_media":0,"parent":0,"menu_order":0,"comment_status":"closed","ping_status":"closed","template":"elementor_header_footer","meta":{"footnotes":""},"class_list":["post-9499","page","type-page","status-publish","hentry"],"aioseo_notices":[],"_links":{"self":[{"href":"https:\/\/muzeumpamieci.umk.pl\/index.php?rest_route=\/wp\/v2\/pages\/9499","targetHints":{"allow":["GET"]}}],"collection":[{"href":"https:\/\/muzeumpamieci.umk.pl\/index.php?rest_route=\/wp\/v2\/pages"}],"about":[{"href":"https:\/\/muzeumpamieci.umk.pl\/index.php?rest_route=\/wp\/v2\/types\/page"}],"author":[{"embeddable":true,"href":"https:\/\/muzeumpamieci.umk.pl\/index.php?rest_route=\/wp\/v2\/users\/1"}],"replies":[{"embeddable":true,"href":"https:\/\/muzeumpamieci.umk.pl\/index.php?rest_route=%2Fwp%2Fv2%2Fcomments&post=9499"}],"version-history":[{"count":18,"href":"https:\/\/muzeumpamieci.umk.pl\/index.php?rest_route=\/wp\/v2\/pages\/9499\/revisions"}],"predecessor-version":[{"id":9523,"href":"https:\/\/muzeumpamieci.umk.pl\/index.php?rest_route=\/wp\/v2\/pages\/9499\/revisions\/9523"}],"wp:attachment":[{"href":"https:\/\/muzeumpamieci.umk.pl\/index.php?rest_route=%2Fwp%2Fv2%2Fmedia&parent=9499"}],"curies":[{"name":"wp","href":"https:\/\/api.w.org\/{rel}","templated":true}]}}