{"id":871,"date":"2017-09-19T13:32:58","date_gmt":"2017-09-19T11:32:58","guid":{"rendered":"http:\/\/muzeumpamieci.umk.pl\/?page_id=871"},"modified":"2021-12-12T12:02:39","modified_gmt":"2021-12-12T11:02:39","slug":"blog","status":"publish","type":"page","link":"https:\/\/muzeumpamieci.umk.pl\/?page_id=871","title":{"rendered":"WYKAZY OPRACOWA\u0143"},"content":{"rendered":"<p><span style=\"text-decoration: underline;\"><strong>WCZESNE MUZEA POLSKIE (przed 1918)<\/strong><\/span><\/p>\n<p>Wykaz ma posta\u0107 skr\u00f3tow\u0105 i stanowi on swego rodzaju indeks do przygotowywanej bazy danych wczesnych muze\u00f3w polskich; obejmuje:<\/p>\n<ul>\n<li><strong>muzea<\/strong> (w tym muzea projektowane, a nie zrealizowane &#8211; np. muzeum staro\u017cytno\u015bci Towarzystwa Naukowego Krakowskiego, Muzeum \u015awidzi\u0144skiego w Warszawie) rozumiane jako instytucje o charakterze publicznym gromadz\u0105ce i eksponuj\u0105ce kolekcje oraz udost\u0119pniane permanentnie w zakresie pe\u0142nym lub ograniczonym (ze wzgl\u0119d\u00f3w zawodowych, maj\u0105tkowych, spo\u0142ecznych itd.), zak\u0142adane\/ fundowane\/ organizowane\/ zarz\u0105dzane przez:\n<ul>\n<li>organa pa\u0144stwa (w\u0142adza, urz\u0119dy, wojsko);<\/li>\n<li>w\u0142adze lokalne (prowincje, miasta, gminy);<\/li>\n<li>uczelnie i szko\u0142y;<\/li>\n<li>zwi\u0105zki religijne (diecezje, parafie, gminy);<\/li>\n<li>organizacje i stowarzyszenie (naukowe, kulturalne, spo\u0142eczne);<\/li>\n<li>osoby prywatne;<\/li>\n<\/ul>\n<\/li>\n<li><strong>zbiory muzealne, <\/strong><strong>gabinety, galerie <\/strong><strong>przy innych instytucjach<\/strong>, kt\u00f3re na marginesie swojej dzia\u0142alno\u015bci posiada\u0142y\/ gromadzi\u0142y muzealia (w sensie obiektu kolekcji i ekspozycji muzealnej) oraz zak\u0142adane\/ gromadzone przy bibliotekach, uczelniach, szko\u0142ach, salonach ekspozycyjnych i innych instytucjach publicznych (np. gabinety Uniwersytet\u00f3w we Lwowie, Krakowie, Warszawie, kolekcja dzie\u0142 sztuki \u201eZach\u0119ty\u201d w Warszawie i TPSP w Krakowie, zbi\u00f3r rycin przy Bibliotece Polskiej w Pary\u017cu, Narodnik Domu we Lwowie);<\/li>\n<li><strong>kolekcje prywatne <\/strong>o wyra\u017anym znaczeniu spo\u0142ecznym ze wzgl\u0119du na udost\u0119pnianie (stale lub tylko w pewnym okresie), w zakresie pe\u0142nym lub ograniczonym (ze wzgl\u0119d\u00f3w zawodowych, maj\u0105tkowych, spo\u0142ecznych, lokalowych itd.)<\/li>\n<li><strong>za\u0142o\u017cenia protomuzealne <\/strong>tworzone do ko\u0144ca XVIII wieku udost\u0119pniane publicznie kolekcje, kunstkamery, gabinety, galerie samodzielne lub zwi\u0105zane z instytucjami edukacyjnymi, osobisto\u015bciami i instytucjami ko\u015bcielnymi, w\u0142adcami, magnateri\u0105 (np. gabinet przy bibliotece Gimnazjum Akademickiego w Toruniu, skarbiec na Jasnej G\u00f3rze, Biblioteka Za\u0142uskich i gabinety Stanis\u0142awa Augusta Poniatowskiego w Pa\u0142acu pod Blach\u0105 w Warszawie)<\/li>\n<\/ul>\n<p><a href=\"http:\/\/muzeumpamieci.umk.pl\/?page_id=74\">WYKAZ MUZE\u00d3W &gt;&gt;&gt;<\/a><\/p>\n<hr>\n<ul class=\"lcp_catlist\" id=\"lcp_instance_0\"><li><a href=\"https:\/\/muzeumpamieci.umk.pl\/?p=4228\">&#8222;Muzeum a pami\u0119\u0107&#8221; &#8211; pierwsza publikacja projektowa!<\/a><\/li><\/ul>\n<hr>\n","protected":false},"excerpt":{"rendered":"<p>WCZESNE MUZEA POLSKIE (przed 1918) Wykaz ma posta\u0107 skr\u00f3tow\u0105 i stanowi on swego rodzaju indeks do przygotowywanej bazy danych wczesnych muze\u00f3w polskich; obejmuje: muzea (w tym muzea projektowane, a nie zrealizowane &#8211; np. muzeum staro\u017cytno\u015bci Towarzystwa Naukowego Krakowskiego, Muzeum \u015awidzi\u0144skiego w Warszawie) rozumiane jako instytucje o charakterze publicznym gromadz\u0105ce i eksponuj\u0105ce kolekcje oraz udost\u0119pniane permanentnie&hellip; <\/p>\n","protected":false},"author":1,"featured_media":9235,"parent":22,"menu_order":0,"comment_status":"closed","ping_status":"closed","template":"","meta":{"footnotes":""},"class_list":["post-871","page","type-page","status-publish","has-post-thumbnail","hentry"],"aioseo_notices":[],"_links":{"self":[{"href":"https:\/\/muzeumpamieci.umk.pl\/index.php?rest_route=\/wp\/v2\/pages\/871","targetHints":{"allow":["GET"]}}],"collection":[{"href":"https:\/\/muzeumpamieci.umk.pl\/index.php?rest_route=\/wp\/v2\/pages"}],"about":[{"href":"https:\/\/muzeumpamieci.umk.pl\/index.php?rest_route=\/wp\/v2\/types\/page"}],"author":[{"embeddable":true,"href":"https:\/\/muzeumpamieci.umk.pl\/index.php?rest_route=\/wp\/v2\/users\/1"}],"replies":[{"embeddable":true,"href":"https:\/\/muzeumpamieci.umk.pl\/index.php?rest_route=%2Fwp%2Fv2%2Fcomments&post=871"}],"version-history":[{"count":13,"href":"https:\/\/muzeumpamieci.umk.pl\/index.php?rest_route=\/wp\/v2\/pages\/871\/revisions"}],"predecessor-version":[{"id":9246,"href":"https:\/\/muzeumpamieci.umk.pl\/index.php?rest_route=\/wp\/v2\/pages\/871\/revisions\/9246"}],"up":[{"embeddable":true,"href":"https:\/\/muzeumpamieci.umk.pl\/index.php?rest_route=\/wp\/v2\/pages\/22"}],"wp:featuredmedia":[{"embeddable":true,"href":"https:\/\/muzeumpamieci.umk.pl\/index.php?rest_route=\/wp\/v2\/media\/9235"}],"wp:attachment":[{"href":"https:\/\/muzeumpamieci.umk.pl\/index.php?rest_route=%2Fwp%2Fv2%2Fmedia&parent=871"}],"curies":[{"name":"wp","href":"https:\/\/api.w.org\/{rel}","templated":true}]}}