{"id":84,"date":"2016-10-02T02:02:23","date_gmt":"2016-10-02T00:02:23","guid":{"rendered":"http:\/\/muzeumpamieci.umk.pl\/?page_id=84"},"modified":"2018-03-12T22:46:16","modified_gmt":"2018-03-12T21:46:16","slug":"katalogi-wystaw","status":"publish","type":"page","link":"https:\/\/muzeumpamieci.umk.pl\/?page_id=84","title":{"rendered":"KATALOGI WYSTAW"},"content":{"rendered":"<hr \/>\n<ul class=\"lcp_catlist\" id=\"lcp_instance_0\"><li><a href=\"https:\/\/muzeumpamieci.umk.pl\/?p=3462\">1819 &#8211; Dzie\u0142a sztuk pi\u0119knych wystawione na widok publiczny w salach Uniwersytetu Kr\u00f3lewsko-Warszawskiego<\/a><\/li><li><a href=\"https:\/\/muzeumpamieci.umk.pl\/?p=5200\">1821 &#8211; Dzie\u0142a sztuk pi\u0119knych wystawione na widok publiczny w salach Krolewskiego Uniwersytetu&#8230;, Warszawa<\/a><\/li><li><a href=\"https:\/\/muzeumpamieci.umk.pl\/?p=1701\">1823 &#8211; Katalog wystawy wyrob\u00f3w krajowych, Warszawa<\/a><\/li><li><a href=\"https:\/\/muzeumpamieci.umk.pl\/?p=5214\">1825 &#8211; Dzie\u0142a sztuk pi\u0119knych wystawione na widok publiczny w salach Kr\u00f3lewskiego Uniwersytetu w Warszawie<\/a><\/li><li><a href=\"https:\/\/muzeumpamieci.umk.pl\/?p=1596\">1828 &#8211; Katalog &#8222;Poczet pami\u0105tek zachowanych w Domu Gotyckim w Pu\u0142awach&#8221;<\/a><\/li><li><a href=\"https:\/\/muzeumpamieci.umk.pl\/?p=5218\">1836 &#8211; Katalog dzie\u0142 sztuk pi\u0119knych wystawionych na widok publiczny w sali Pa\u0142acu Kazimirowskiego, Warszawa<\/a><\/li><li><a href=\"https:\/\/muzeumpamieci.umk.pl\/?p=5221\">1838 &#8211; Katalog dzie\u0142 sztuk pi\u0119knych z\u0142o\u017conych na wystaw\u0119 publiczn\u0105 w czerwcu&#8230;, Warszawa<\/a><\/li><li><a href=\"https:\/\/muzeumpamieci.umk.pl\/?p=3469\">1838 &#8211; Kr\u00f3tko zebrany i kolejno u\u0142o\u017cony opis sztucznej galeryi&#8230;, Krak\u00f3w<\/a><\/li><li><a href=\"https:\/\/muzeumpamieci.umk.pl\/?p=5224\">1841 &#8211; Spis dzie\u0142 sztuk pi\u0119knych na wystaw\u0119 publiczn\u0105, Warszawa<\/a><\/li><li><a href=\"https:\/\/muzeumpamieci.umk.pl\/?p=5227\">1845 &#8211; Spis dzie\u0142 sztuk pi\u0119knych na wystaw\u0119 publiczn\u0105 w Warszawie<\/a><\/li><li><a href=\"https:\/\/muzeumpamieci.umk.pl\/?p=5231\">1847 &#8211; Spis obraz\u00f3w&#8230; w sali Hotelu Saskiego przez Towarzystwo sztuk pi\u0119knych, Pozna\u0144<\/a><\/li><li><a href=\"https:\/\/muzeumpamieci.umk.pl\/?p=3473\">1856 &#8211; Katalog wystawy staro\u017cytno\u015bci i przedmiot\u00f3w sztuki&#8230;, Warszawa<\/a><\/li><li><a href=\"https:\/\/muzeumpamieci.umk.pl\/?p=6091\">1856 &#8211; Przegl\u0105d historyczny staro\u017cytno\u015bci krajowych, Warszawa<\/a><\/li><li><a href=\"https:\/\/muzeumpamieci.umk.pl\/?p=3479\">1857 &#8211; Przegl\u0105d historyczny staro\u017cytno\u015bci krajowych, Warszawa<\/a><\/li><li><a href=\"https:\/\/muzeumpamieci.umk.pl\/?p=3476\">1857 &#8211; Przewodnik Wystawy Wyrob\u00f3w R\u0119kodzielniczych i P\u0142od\u00f3w Rolniczych w Warszawie<\/a><\/li><li><a href=\"https:\/\/muzeumpamieci.umk.pl\/?p=6094\">1857 &#8211; Przewodnik Wystawy Wyrob\u00f3w R\u0119kodzielniczych i P\u0142od\u00f3w Rolniczych w Warszawie<\/a><\/li><li><a href=\"https:\/\/muzeumpamieci.umk.pl\/?p=5234\">1860 &#8211; Album polskich malarzy z Wystawy Towarzystwa Przyjaci\u00f3\u0142 Sztuk Pi\u0119knych w Krakowie<\/a><\/li><li><a href=\"https:\/\/muzeumpamieci.umk.pl\/?p=5237\">1861 &#8211; Katalog wystawy Towarzystwa Zach\u0119ty Sztuk Pi\u0119knych, Warszawa<\/a><\/li><li><a href=\"https:\/\/muzeumpamieci.umk.pl\/?p=5240\">1866 &#8211; Opis wystawy obraz\u00f3w w Pa\u0142acu Dzia\u0142y\u0144skich na korzy\u015b\u0107 ubogich miejscowych w Poznaniu<\/a><\/li><li><a href=\"https:\/\/muzeumpamieci.umk.pl\/?p=5243\">1866 &#8211; Spis drugiej seryi wystawy obraz\u00f3w w Pa\u0142acu Dzia\u0142y\u0144skich na korzy\u015b\u0107 ubogich miejscowych w Poznaniu<\/a><\/li><li><a href=\"https:\/\/muzeumpamieci.umk.pl\/?p=3483\">1868 &#8211; Katalog wystawy po\u015bmiertnej obraz\u00f3w \u015b.p. J\u00f3zefa Simmlera, Warszawa<\/a><\/li><li><a href=\"https:\/\/muzeumpamieci.umk.pl\/?p=3486\">1869 &#8211; Katalog wystawy Lekarsko-Przyrodniczej, Krak\u00f3w<\/a><\/li><li><a href=\"https:\/\/muzeumpamieci.umk.pl\/?p=5246\">1870 &#8211; Katalog Wystawy przemys\u0142owo rolniczej w Ko\u015bcianie<\/a><\/li><li><a href=\"https:\/\/muzeumpamieci.umk.pl\/?p=3641\">1872 &#8211; Katalog wystawy staro\u017cytno\u015bci oraz narz\u0119dzi torturowych, Warszawa<\/a><\/li><li><a href=\"https:\/\/muzeumpamieci.umk.pl\/?p=3646\">1873 &#8211; Wykaz udzia\u0142u Galicyi i Wielkiego Ksi\u0119ztwa Krakowskiego na powszechnej wystawie w Wiedniu<\/a><\/li><li><a href=\"https:\/\/muzeumpamieci.umk.pl\/?p=1703\">1877 &#8211; Katalog wystawy rolniczo-przemys\u0142owej, Lw\u00f3w<\/a><\/li><li><a href=\"https:\/\/muzeumpamieci.umk.pl\/?p=5249\">1879 &#8211; Katalog obraz\u00f3w wystawionych w Salonie Sztuk Pi\u0119knych J\u00f3zefa Ungra w Warszawie<\/a><\/li><li><a href=\"https:\/\/muzeumpamieci.umk.pl\/?p=6104\">1880 &#8211; Katalog obraz\u00f3w staro\u017cytnych&#8230;, Warszawa<\/a><\/li><li><a href=\"https:\/\/muzeumpamieci.umk.pl\/?p=1706\">1880 &#8211; Katalog wystawy etnograficznej Pokucia, Ko\u0142omyja<\/a><\/li><li><a href=\"https:\/\/muzeumpamieci.umk.pl\/?p=3649\">1881 &#8211; Katalog Pierwszej Og\u00f3lnej Wystawy Ogrodniczej w Warszawie<\/a><\/li><li><a href=\"https:\/\/muzeumpamieci.umk.pl\/?p=5260\">1881 &#8211; Katalog wystawy dzie\u0142 sztuki stosowanej do przemys\u0142u urz\u0105dzonej staraniem Komitetu Muzeum Przemys\u0142u i Rolnictwa w Warszawie<\/a><\/li><li><a href=\"https:\/\/muzeumpamieci.umk.pl\/?p=3652\">1881 &#8211; Katalog wystawy dzie\u0142 sztuki stosowanej do przemys\u0142u, Warszawa<\/a><\/li><li><a href=\"https:\/\/muzeumpamieci.umk.pl\/?p=5257\">1881 &#8211; Katalog wystawy lekarsko-przyrodniczej, Krak\u00f3w<\/a><\/li><li><a href=\"https:\/\/muzeumpamieci.umk.pl\/?p=1708\">1883 &#8211; Katalog wystawy pami\u0105tek z epoki Jana III, Krak\u00f3w<\/a><\/li><li><a href=\"https:\/\/muzeumpamieci.umk.pl\/?p=3489\">1884 &#8211; Katalog wystawy zabytk\u00f3w z epoki Jana Kochanowskiego, Krak\u00f3w<\/a><\/li><li><a href=\"https:\/\/muzeumpamieci.umk.pl\/?p=3512\">1885 &#8211;  Dodatek do katalogu wystawy rybactwa, Warszawa<\/a><\/li><li><a href=\"https:\/\/muzeumpamieci.umk.pl\/?p=3517\">1885 &#8211; Dalszy ci\u0105g Katalogu wystawy rolniczo-przemys\u0142owej w Warszawie<\/a><\/li><li><a href=\"https:\/\/muzeumpamieci.umk.pl\/?p=5264\">1885 &#8211; Dalszy ci\u0105g Katalogu wystawy rolniczo-przemys\u0142owej w Warszawie<\/a><\/li><li><a href=\"https:\/\/muzeumpamieci.umk.pl\/?p=3520\">1885 &#8211; Katalog wystawy dzie\u0142 Artura Grottgera, Krak\u00f3w<\/a><\/li><li><a href=\"https:\/\/muzeumpamieci.umk.pl\/?p=6097\">1885 &#8211; Katalog wystawy przygotowawczej w Radomiu<\/a><\/li><li><a href=\"https:\/\/muzeumpamieci.umk.pl\/?p=3507\">1885 &#8211; Katalog wystawy przygotowawczej, Radom<\/a><\/li><li><a href=\"https:\/\/muzeumpamieci.umk.pl\/?p=6100\">1885 &#8211; Katalog wystawy rolniczo-przemys\u0142owej w Warszawie<\/a><\/li><li><a href=\"https:\/\/muzeumpamieci.umk.pl\/?p=3504\">1885 &#8211; Katalog wystawy rolniczo-przemys\u0142owej,  Warszawa<\/a><\/li><li><a href=\"https:\/\/muzeumpamieci.umk.pl\/?p=1710\">1887 &#8211; Katalog I Wystawy Hygjenicznej, Warszawa<\/a><\/li><li><a href=\"https:\/\/muzeumpamieci.umk.pl\/?p=3523\">1887 &#8211; Katalog Pierwszej Wielkiej Wystawy Sztuki Polskiej w Krakowie<\/a><\/li><li><a href=\"https:\/\/muzeumpamieci.umk.pl\/?p=3655\">1887 &#8211; Katalog wystawy obraz\u00f3w i szkic\u00f3w z wojny Bu\u0142garsko-Serbskiej<\/a><\/li><li><a href=\"https:\/\/muzeumpamieci.umk.pl\/?p=5267\">1887 &#8211; Katalog wystawy rybackiej, \u0142owieckiej i lasowej&#8230;, Krak\u00f3w<\/a><\/li><li><a href=\"https:\/\/muzeumpamieci.umk.pl\/?p=3526\">1887 &#8211; Katalog wystawy staro\u017cytnych przedmiot\u00f3w, Warszawa<\/a><\/li><li><a href=\"https:\/\/muzeumpamieci.umk.pl\/?p=5270\">1888 &#8211; Katalog archeologiczno-bibliograficznej wystawy Instytutu Stauropigia\u0144skiego we Lwowie<\/a><\/li><li><a href=\"https:\/\/muzeumpamieci.umk.pl\/?p=1712\">1888 &#8211; Katalog rozumowany Pierwszej Polskiej Wystawy Muzycznej, Warszawa<\/a><\/li><li><a href=\"https:\/\/muzeumpamieci.umk.pl\/?p=3529\">1888 &#8211; Katalog wystawy dzie\u0142 sztuki polskiej oraz Staro\u017cytno\u015bci z dziejami Polski zwi\u0105zek maj\u0105cych, Ko\u0142omyja<\/a><\/li><li><a href=\"https:\/\/muzeumpamieci.umk.pl\/?p=6108\">1888 &#8211; Katalog wystawy obraz\u00f3w Jana Styki<\/a><\/li><li><a href=\"https:\/\/muzeumpamieci.umk.pl\/?p=6088\">1888 &#8211; Katalog wystawy wyrob\u00f3w z drzewa, metali, wyrob\u00f3w ceramicznych i hutniczych oraz zabawek dziecinnych&#8230;<\/a><\/li><li><a href=\"https:\/\/muzeumpamieci.umk.pl\/?p=3531\">1889 &#8211; Katalog wystawy sztuki staro\u017cytnej i nowo\u017cytnej, Warszawa<\/a><\/li><li><a href=\"https:\/\/muzeumpamieci.umk.pl\/?p=1714\">1890 &#8211; Katalog wystawy afryka\u0144skiej ze zbior\u00f3w L. Janikowskiego, Warszawa<\/a><\/li><li><a href=\"https:\/\/muzeumpamieci.umk.pl\/?p=2236\">1890 &#8211; Katalog wystawy wyrob\u00f3w rzemie\u015blnicznych oraz przedmiot\u00f3w wchodz\u0105cych w zakres handlu wywozowego&#8230;, Warszawa<\/a><\/li><li><a href=\"https:\/\/muzeumpamieci.umk.pl\/?p=3535\">1891 &#8211; Katalog wystawy staro\u017cytno\u015bci, dzie\u0142 sztuki i obraz\u00f3w, Radom<\/a><\/li><li><a href=\"https:\/\/muzeumpamieci.umk.pl\/?p=3537\">1892 &#8211; Katalog Wystawy Nasion w Muzeum Przemys\u0142u i Rolnictwa, Warszawa<\/a><\/li><li><a href=\"https:\/\/muzeumpamieci.umk.pl\/?p=5274\">1893 &#8211; Katalog wystawy rolniczej, Cieszyn<\/a><\/li><li><a href=\"https:\/\/muzeumpamieci.umk.pl\/?p=5290\">1894 &#8211; Katalog czasowej wystawy owiec i nierogacizny, Lw\u00f3w<\/a><\/li><li><a href=\"https:\/\/muzeumpamieci.umk.pl\/?p=5316\">1894 &#8211; Katalog dzia\u0142u etnograficznego, Lw\u00f3w<\/a><\/li><li><a href=\"https:\/\/muzeumpamieci.umk.pl\/?p=5293\">1894 &#8211; Katalog Illustrowany Wystawy Sztuki Wsp\u00f3\u0142czesnej, Lw\u00f3w<\/a><\/li><li><a href=\"https:\/\/muzeumpamieci.umk.pl\/?p=5283\">1894 &#8211; Katalog Powszechnej Wystawy Krajowej we Lwowie<\/a><\/li><li><a href=\"https:\/\/muzeumpamieci.umk.pl\/?p=5277\">1894 &#8211; Katalog wystawy dzie\u0142 Jana Matejki,  Lw\u00f3w<\/a><\/li><li><a href=\"https:\/\/muzeumpamieci.umk.pl\/?p=5204\">1894 &#8211; Katalog wystawy Ko\u015bciuszkowskiej, Krak\u00f3w<\/a><\/li><li><a href=\"https:\/\/muzeumpamieci.umk.pl\/?p=5311\">1894 &#8211; Katalog wystawy literatury le\u015bnictwa i \u0142owiectwa polskiego, Lw\u00f3w<\/a><\/li><li><a href=\"https:\/\/muzeumpamieci.umk.pl\/?p=5280\">1894 &#8211; Katalog wystawy sztuki polskiej od roku 1764-1886, Lw\u00f3w<\/a><\/li><li><a href=\"https:\/\/muzeumpamieci.umk.pl\/?p=3541\">1894 &#8211; Katalog wystawy sztuki polskiej, Lw\u00f3w<\/a><\/li><li><a href=\"https:\/\/muzeumpamieci.umk.pl\/?p=3539\">1894 &#8211; Katalog wystawy zabytk\u00f3w staro\u017cytnych, Lw\u00f3w<\/a><\/li><li><a href=\"https:\/\/muzeumpamieci.umk.pl\/?p=5304\">1894 &#8211; Katalog zbiorowej wystawy w pawilonie c.k. Ministerstwa Skarbu, Lw\u00f3w<\/a><\/li><li><a href=\"https:\/\/muzeumpamieci.umk.pl\/?p=5308\">1894 &#8211; Wystawa we Lwowie: szko\u0142y<\/a><\/li><li><a href=\"https:\/\/muzeumpamieci.umk.pl\/?p=5322\">1895 &#8211; Katalog urz\u0119dowy drugiej Pozna\u0144skiej Prowincjonalnej Wystawy Przemys\u0142owej, Pozna\u0144<\/a><\/li><li><a href=\"https:\/\/muzeumpamieci.umk.pl\/?p=3543\">1895 &#8211; Katalog wystawy ogrodniczej, Warszawa<\/a><\/li><li><a href=\"https:\/\/muzeumpamieci.umk.pl\/?p=5325\">1896 &#8211; Katalog ilustrowany Oddzia\u0142u Zakopia\u0144skiego Wystawy Umeblowa\u0144 Stylowych<\/a><\/li><li><a href=\"https:\/\/muzeumpamieci.umk.pl\/?p=4041\">1896 &#8211; Powszechna Wystawa Krajowa we Lwowie<\/a><\/li><li><a href=\"https:\/\/muzeumpamieci.umk.pl\/?p=1716\">1897 &#8211; Katalog wystawy introligatorskiej, Warszawa<\/a><\/li><li><a href=\"https:\/\/muzeumpamieci.umk.pl\/?p=5328\">1898 &#8211; Katalog obraz\u00f3w i rysunk\u00f3w \u015b.p. Tytusa Maleszewskiego wystawionych w &#8222;Salonie Artystycznym&#8221; w Warszawie<\/a><\/li><li><a href=\"https:\/\/muzeumpamieci.umk.pl\/?p=3660\">1898 &#8211; Katalog wystawy retrospektywnej nie\u017cyj\u0105cych malarzy polskich, Warszawa<\/a><\/li><li><a href=\"https:\/\/muzeumpamieci.umk.pl\/?p=3869\">1898 &#8211; Wystawa plakat\u00f3w, Krak\u00f3w<\/a><\/li><li><a href=\"https:\/\/muzeumpamieci.umk.pl\/?p=3805\">1899 &#8211; Katalog II-ej Wystawy Towarzystwa artyst\u00f3w polskich &#8222;Sztuka&#8221;, Warszawa<\/a><\/li><li><a href=\"https:\/\/muzeumpamieci.umk.pl\/?p=3666\">1900 &#8211; Katalog pierwszej w Warszawie Wystawy Rybackiej<\/a><\/li><li><a href=\"https:\/\/muzeumpamieci.umk.pl\/?p=3663\">1900 &#8211; Katalog wystawy dzie\u0142 Edwarda Burne-Jonesa, Lw\u00f3w<\/a><\/li><li><a href=\"https:\/\/muzeumpamieci.umk.pl\/?p=3669\">1900 &#8211; Katalog wystawy zabytk\u00f3w epoki Jagiello\u0144skiej, Krak\u00f3w<\/a><\/li><li><a href=\"https:\/\/muzeumpamieci.umk.pl\/?p=2437\">1901 &#8211; Katalog wystawy fotograficznej, Warszawa<\/a><\/li><li><a href=\"https:\/\/muzeumpamieci.umk.pl\/?p=3673\">1901 &#8211; Katalog wystawy obraz\u00f3w wielkich mistrz\u00f3w szko\u0142y w\u0142oskiej i flamandzkiej, Warszawa<\/a><\/li><li><a href=\"https:\/\/muzeumpamieci.umk.pl\/?p=3676\">1901 &#8211; Katalog wystawy przedmiot\u00f3w sztuki i staro\u017cytno\u015bci, Lublin<\/a><\/li><li><a href=\"https:\/\/muzeumpamieci.umk.pl\/?p=1718\">1901 &#8211; Katalog wystawy Rolniczo-Przemys\u0142owej, Lublin<\/a><\/li><li><a href=\"https:\/\/muzeumpamieci.umk.pl\/?p=3685\">1902 &#8211; Katalog I. Wystawy Towarzystwa &#8222;Polska Sztuka Stosowana&#8221;, Krak\u00f3w<\/a><\/li><li><a href=\"https:\/\/muzeumpamieci.umk.pl\/?p=3679\">1902 &#8211; Katalog jubileuszowej wystawy prac cz\u0142onk\u00f3w urz\u0105dzonej w 25-lecie za\u0142o\u017cenia Towarzystwa\ufeff, Krak\u00f3w<\/a><\/li><li><a href=\"https:\/\/muzeumpamieci.umk.pl\/?p=3689\">1902 &#8211; Katalog wystawy jubileuszowej dzie\u0142 prof. Tadeusza Rybkowskiego<\/a><\/li><li><a href=\"https:\/\/muzeumpamieci.umk.pl\/?p=2401\">1902 &#8211; Katalog wystawy teatralnej w Warszawie<\/a><\/li><li><a href=\"https:\/\/muzeumpamieci.umk.pl\/?p=3682\">1902 &#8211; Zabytki dawnego polskiego przemys\u0142u artystycznego na I-szej wystawie Towarzystwa Polska Sztuka Stosowana&#8230;, Krak\u00f3w<\/a><\/li><li><a href=\"https:\/\/muzeumpamieci.umk.pl\/?p=6112\">1903 &#8211; 2-a wystawa wiosenna, Warszawa<\/a><\/li><li><a href=\"https:\/\/muzeumpamieci.umk.pl\/?p=3695\">1903 &#8211; Katalog wystawy obraz\u00f3w Henryka Siemiradzkiego, Warszawa<\/a><\/li><li><a href=\"https:\/\/muzeumpamieci.umk.pl\/?p=6122\">1904 &#8211;  Pobie\u017cny katalog wystawionych nowo\u017cytnych obraz\u00f3w i rze\u017ab Muzeum Narodowego, Krak\u00f3w<\/a><\/li><li><a href=\"https:\/\/muzeumpamieci.umk.pl\/?p=3701\">1904 &#8211; Katalog wystawy zabytk\u00f3w metalowych&#8230;, Krak\u00f3w<\/a><\/li><li><a href=\"https:\/\/muzeumpamieci.umk.pl\/?p=6117\">1904 &#8211; Nieustaj\u0105ca wystawa Tow. Przyjaci\u00f3\u0142 Sztuk Pi\u0119knych, Krak\u00f3w<\/a><\/li><li><a href=\"https:\/\/muzeumpamieci.umk.pl\/?p=3698\">1904 &#8211; Przewodnik po wystawie retrospektywnej druk\u00f3w i opraw XV-XIX w.,  Krak\u00f3w<\/a><\/li><li><a href=\"https:\/\/muzeumpamieci.umk.pl\/?p=6125\">1905 &#8211; IV Wystawa Stowarzyszenia Artyst\u00f3w Polskich &#8222;Sztuka&#8221;, Warszawa<\/a><\/li><li><a href=\"https:\/\/muzeumpamieci.umk.pl\/?p=6130\">1905 &#8211; Katalog IX wystawy &#8222;Sztuki&#8221;, Krak\u00f3w<\/a><\/li><li><a href=\"https:\/\/muzeumpamieci.umk.pl\/?p=3723\">1906 &#8211; Katalog wystawy sztych\u00f3w polskich i napoleo\u0144skich ze zbioru Leopolda Lity\u0144skiego, Lw\u00f3w<\/a><\/li><li><a href=\"https:\/\/muzeumpamieci.umk.pl\/?p=6134\">1907 &#8211; VI. Wystawa Tow. Artyst\u00f3w Polskich &#8222;Sztuka&#8221;, Warszawa<\/a><\/li><li><a href=\"https:\/\/muzeumpamieci.umk.pl\/?p=1720\">1908 &#8211; Katalog Wystawy Hygienicznej, Lublin<\/a><\/li><li><a href=\"https:\/\/muzeumpamieci.umk.pl\/?p=3731\">1908 &#8211; V Wystawa Doroczna, Warszawa<\/a><\/li><li><a href=\"https:\/\/muzeumpamieci.umk.pl\/?p=3705\">1908 &#8211; Wystawa dzie\u0142 artyst\u00f3w s\u0142owe\u0144skich, Warszawa<\/a><\/li><li><a href=\"https:\/\/muzeumpamieci.umk.pl\/?p=3720\">1909 &#8211; Katalog Domu Sztuki na Wystawie Przemys\u0142owo-Rolniczej w Cz\u0119stochowie<\/a><\/li><li><a href=\"https:\/\/muzeumpamieci.umk.pl\/?p=3711\">1909 &#8211; Katalog Salonu 1909, Warszawa<\/a><\/li><li><a href=\"https:\/\/muzeumpamieci.umk.pl\/?p=3708\">1909 &#8211; Katalog TPSP, Krak\u00f3w<\/a><\/li><li><a href=\"https:\/\/muzeumpamieci.umk.pl\/?p=3717\">1909 &#8211; Katalog wystawy ko\u015bcielnej, Lw\u00f3w<\/a><\/li><li><a href=\"https:\/\/muzeumpamieci.umk.pl\/?p=3714\">1909 &#8211; Katalog XIII wystawy Towarzystwa Artyst\u00f3w Polskich &#8222;Sztuka&#8221;, Krak\u00f3w<\/a><\/li><li><a href=\"https:\/\/muzeumpamieci.umk.pl\/?p=3808\">1910 &#8211; Katalog powszechnej wystawy sztuki polskiej we Lwowie<\/a><\/li><li><a href=\"https:\/\/muzeumpamieci.umk.pl\/?p=3743\">1910 &#8211; Katalog wystawy widok\u00f3w starego Krakowa, Krak\u00f3w<\/a><\/li><li><a href=\"https:\/\/muzeumpamieci.umk.pl\/?p=3734\">1910 &#8211; Katalog XIV wystawy Towarzystwa Artyst\u00f3w Polskich &#8222;Sztuka&#8221; , Krak\u00f3w<\/a><\/li><li><a href=\"https:\/\/muzeumpamieci.umk.pl\/?p=3737\">1910 &#8211; Nieustaj\u0105ca Wystawa Towarzystwa Przyjaci\u00f3\u0142 Sztuk Pi\u0119knych, Krak\u00f3w<\/a><\/li><li><a href=\"https:\/\/muzeumpamieci.umk.pl\/?p=3740\">1910 &#8211; Wystawa jubileuszowa Towarz. Zach\u0119ty Sztuk Pi\u0119knych w Kr\u00f3l. Polskiem, Warszawa<\/a><\/li><li><a href=\"https:\/\/muzeumpamieci.umk.pl\/?p=1722\">1911 &#8211; Katalog wystawy &#8222;Stara Warszawa&#8221;<\/a><\/li><li><a href=\"https:\/\/muzeumpamieci.umk.pl\/?p=3756\">1911 &#8211; Katalog wystawy obraz\u00f3w dawnych malarzy w\u0142oskich, hollenderskich, niemieckich, francuskich i polskich,  Krak\u00f3w<\/a><\/li><li><a href=\"https:\/\/muzeumpamieci.umk.pl\/?p=1347\">1911 &#8211; Katalog wystawy podhala\u0144skiej we Lwowie<\/a><\/li><li><a href=\"https:\/\/muzeumpamieci.umk.pl\/?p=1725\">1911 &#8211; Katalog wystawy podhala\u0144skiej, Lw\u00f3w<\/a><\/li><li><a href=\"https:\/\/muzeumpamieci.umk.pl\/?p=3750\">1911 &#8211; Nieustaj\u0105ca Wystawa TPSP, Krak\u00f3w, maj<\/a><\/li><li><a href=\"https:\/\/muzeumpamieci.umk.pl\/?p=3753\">1911 &#8211; Pierwsza Wystawa Wsp\u00f3\u0142czesnej Polskiej Sztuki Ko\u015bcielnej, Krak\u00f3w<\/a><\/li><li><a href=\"https:\/\/muzeumpamieci.umk.pl\/?p=3758\">1911 &#8211; Wystawa dzie\u0142 artyst\u00f3w francuskich, Warszawa<\/a><\/li><li><a href=\"https:\/\/muzeumpamieci.umk.pl\/?p=3760\">1912 &#8211; Katalog wystawy architektury i wn\u0119trz w otoczeniu ogrodowem, Krak\u00f3w<\/a><\/li><li><a href=\"https:\/\/muzeumpamieci.umk.pl\/?p=2503\">1912 &#8211; Katalog wystawy miniatur, polskich tkanin i haft\u00f3w, Warszawa<\/a><\/li><li><a href=\"https:\/\/muzeumpamieci.umk.pl\/?p=1344\">1912 &#8211; Katalog wystawy przemys\u0142owo-rzemie\u015blniczej w \u0141odzi<\/a><\/li><li><a href=\"https:\/\/muzeumpamieci.umk.pl\/?p=3763\">1912 &#8211; Katalog wystawy sportowo-przemys\u0142owej, Warszawa<\/a><\/li><li><a href=\"https:\/\/muzeumpamieci.umk.pl\/?p=3765\">1913 &#8211; Katalog wystawy Ko\u0144 w malarstwie i rze\u017abie polskiej, Krak\u00f3w<\/a><\/li><li><a href=\"https:\/\/muzeumpamieci.umk.pl\/?p=1727\">1913 &#8211; Katalog wystawy przemys\u0142owo-rzemie\u015blniczej, \u0141\u00f3d\u017a<\/a><\/li><li><a href=\"https:\/\/muzeumpamieci.umk.pl\/?p=6083\">1913 &#8211; Katalog wystawy sztuki wsp\u00f3\u0142czesnej<\/a><\/li><li><a href=\"https:\/\/muzeumpamieci.umk.pl\/?p=3728\">1913 &#8211; Zbiorowa wystawa bronz\u00f3w Konstantego Meuniera, Krak\u00f3w<\/a><\/li><li><a href=\"https:\/\/muzeumpamieci.umk.pl\/?p=3767\">1914 &#8211; Katalog wystawy E.M. Liliena, Lw\u00f3w<\/a><\/li><li><a href=\"https:\/\/muzeumpamieci.umk.pl\/?p=3770\">1914 &#8211; Katalog wystawy Jubileuszowej TPSP, Krak\u00f3w<\/a><\/li><li><a href=\"https:\/\/muzeumpamieci.umk.pl\/?p=2407\">1914 &#8211; Katalog wystawy starych rycin polskich ze zbior\u00f3w Dominika Witke-Je\u017cewskiego, Warszawa<\/a><\/li><li><a href=\"https:\/\/muzeumpamieci.umk.pl\/?p=1784\">1914 &#8211; Katalog: VIII Litewska Wystawa Sztuk Pi\u0119knych, Wilno<\/a><\/li><li><a href=\"https:\/\/muzeumpamieci.umk.pl\/?p=4013\">1914 &#8211; Pami\u0105tka z wystawy graficznej i Konkursu II-go imienia Henryka Grohmanna<\/a><\/li><li><a href=\"https:\/\/muzeumpamieci.umk.pl\/?p=3208\">1914 &#8211; Regulamin Delegacyi Muzeolog\u00f3w Polskich<\/a><\/li><li><a href=\"https:\/\/muzeumpamieci.umk.pl\/?p=2319\">1916 &#8211; Katalog Muzeum Lubelskie: wystawa dzie\u0142 malarzy polskich, Lublin<\/a><\/li><li><a href=\"https:\/\/muzeumpamieci.umk.pl\/?p=3777\">1916 &#8211; Katalog wystawy dzie\u0142 sztuki &#8222;Legiony Polskie&#8221;, Krak\u00f3w<\/a><\/li><li><a href=\"https:\/\/muzeumpamieci.umk.pl\/?p=3774\">1916 &#8211; Katalog wystawy dzie\u0142 sztuki,  Krak\u00f3w<\/a><\/li><li><a href=\"https:\/\/muzeumpamieci.umk.pl\/?p=3789\">1916 &#8211; Katalog wystawy obraz\u00f3w, rze\u017ab i sztych\u00f3w &#8222;Dziecko w sztuce&#8221;, Warszawa<\/a><\/li><li><a href=\"https:\/\/muzeumpamieci.umk.pl\/?p=6150\">1917 &#8211; Katalog VII. wystawy obraz\u00f3w, rze\u017aby i grafiki<\/a><\/li><li><a href=\"https:\/\/muzeumpamieci.umk.pl\/?p=2447\">1917 &#8211; Katalog wystawy &#8222;Dziecko w sztuce&#8221;, Krak\u00f3w<\/a><\/li><li><a href=\"https:\/\/muzeumpamieci.umk.pl\/?p=3780\">1917 &#8211; Katalog Wystawy Dzie\u0142 Sztuki, Lw\u00f3w<\/a><\/li><li><a href=\"https:\/\/muzeumpamieci.umk.pl\/?p=3783\">1917 &#8211; Katalog wystawy Legion\u00f3w Polskich, Lw\u00f3w<\/a><\/li><li><a href=\"https:\/\/muzeumpamieci.umk.pl\/?p=3792\">1917 &#8211; Katalog wystawy Legjon\u00f3w Polskich, Lublin<\/a><\/li><li><a href=\"https:\/\/muzeumpamieci.umk.pl\/?p=3786\">1917 &#8211; Katalog wystawy Legjon\u00f3w Polskich, Warszawa<\/a><\/li><li><a href=\"https:\/\/muzeumpamieci.umk.pl\/?p=6139\">1918 &#8211; III wystawa sekcji plastyk\u00f3w, Warszawa<\/a><\/li><li><a href=\"https:\/\/muzeumpamieci.umk.pl\/?p=3795\">1918 &#8211; Katalog wystawy obraz\u00f3w, szkic\u00f3w i rze\u017ab, Lw\u00f3w<\/a><\/li><li><a href=\"https:\/\/muzeumpamieci.umk.pl\/?p=3799\">1918 &#8211; Katalog wystawy sztuki wsp\u00f3\u0142czesnej, Lw\u00f3w<\/a><\/li><li><a href=\"https:\/\/muzeumpamieci.umk.pl\/?p=6144\">1918 &#8211; Katalog zbiorowej wystawy prac Henryka Szczygli\u0144skiego, Warszawa<\/a><\/li><li><a href=\"https:\/\/muzeumpamieci.umk.pl\/?p=3802\">1918 &#8211; Wystawa wiosenna artyst\u00f3w warszawskich, Warszawa<\/a><\/li><\/ul>\n<hr \/>\n<p>&nbsp;<\/p>\n<p>&nbsp;<\/p>\n<p>&nbsp;<\/p>\n<p>&nbsp;<\/p>\n<p>&nbsp;<\/p>\n<p>&nbsp;<\/p>\n","protected":false},"excerpt":{"rendered":"<p>&nbsp; &nbsp; &nbsp; &nbsp; &nbsp; &nbsp;<\/p>\n","protected":false},"author":1,"featured_media":0,"parent":80,"menu_order":0,"comment_status":"closed","ping_status":"closed","template":"","meta":{"footnotes":""},"class_list":["post-84","page","type-page","status-publish","hentry"],"aioseo_notices":[],"_links":{"self":[{"href":"https:\/\/muzeumpamieci.umk.pl\/index.php?rest_route=\/wp\/v2\/pages\/84","targetHints":{"allow":["GET"]}}],"collection":[{"href":"https:\/\/muzeumpamieci.umk.pl\/index.php?rest_route=\/wp\/v2\/pages"}],"about":[{"href":"https:\/\/muzeumpamieci.umk.pl\/index.php?rest_route=\/wp\/v2\/types\/page"}],"author":[{"embeddable":true,"href":"https:\/\/muzeumpamieci.umk.pl\/index.php?rest_route=\/wp\/v2\/users\/1"}],"replies":[{"embeddable":true,"href":"https:\/\/muzeumpamieci.umk.pl\/index.php?rest_route=%2Fwp%2Fv2%2Fcomments&post=84"}],"version-history":[{"count":24,"href":"https:\/\/muzeumpamieci.umk.pl\/index.php?rest_route=\/wp\/v2\/pages\/84\/revisions"}],"predecessor-version":[{"id":1729,"href":"https:\/\/muzeumpamieci.umk.pl\/index.php?rest_route=\/wp\/v2\/pages\/84\/revisions\/1729"}],"up":[{"embeddable":true,"href":"https:\/\/muzeumpamieci.umk.pl\/index.php?rest_route=\/wp\/v2\/pages\/80"}],"wp:attachment":[{"href":"https:\/\/muzeumpamieci.umk.pl\/index.php?rest_route=%2Fwp%2Fv2%2Fmedia&parent=84"}],"curies":[{"name":"wp","href":"https:\/\/api.w.org\/{rel}","templated":true}]}}