{"id":82,"date":"2016-10-02T01:43:31","date_gmt":"2016-10-01T23:43:31","guid":{"rendered":"http:\/\/muzeumpamieci.umk.pl\/?page_id=82"},"modified":"2021-12-12T11:50:40","modified_gmt":"2021-12-12T10:50:40","slug":"baza-projektow-muzealnych","status":"publish","type":"page","link":"https:\/\/muzeumpamieci.umk.pl\/?page_id=82","title":{"rendered":"WYKAZ PROJEKT\u00d3W MUZEALNYCH"},"content":{"rendered":"<hr>\n<ul class=\"lcp_catlist\" id=\"lcp_instance_0\"><li><a href=\"https:\/\/muzeumpamieci.umk.pl\/?p=966\">1766 &#8211; Warszawa, Projekt muzeum bogactw naturalnych Stefana Chardona de Rieule<\/a><\/li><li><a href=\"https:\/\/muzeumpamieci.umk.pl\/?p=6692\">1775 &#8211; Museaum Polonicum Micha\u0142a Mniszcha<\/a><\/li><li><a href=\"https:\/\/muzeumpamieci.umk.pl\/?p=6666\">1782 &#8211; Musei Gottwaldiani (projekt)<\/a><\/li><li><a href=\"https:\/\/muzeumpamieci.umk.pl\/?p=6694\">1785 &#8211; Projekt Galerii Sztuk Wyzwolonych J\u00f3zefa Salezego Ossoli\u0144skiego<\/a><\/li><li><a href=\"https:\/\/muzeumpamieci.umk.pl\/?p=6697\">1786 &#8211; Xawery Zubowski i jego projekt kolekcji staro\u017cytno\u015bci<\/a><\/li><li><a href=\"https:\/\/muzeumpamieci.umk.pl\/?p=6668\">1822 &#8211; Projekt Gabinetu rycin w publicznej narodowej bibliotece<\/a><\/li><li><a href=\"https:\/\/muzeumpamieci.umk.pl\/?p=6670\">1823 &#8211; Projekt muzeum staro\u017cytno\u015bci prowincji \u017bmudzkiej Dionizego Paszkiewicza<\/a><\/li><li><a href=\"https:\/\/muzeumpamieci.umk.pl\/?p=985\">1839 &#8211; Lw\u00f3w, Projekt muzeum natury Wincentego Pola<\/a><\/li><li><a href=\"https:\/\/muzeumpamieci.umk.pl\/?p=2217\">1850 &#8211; Pary\u017c, projekt Muzeum-mauzoleum-atelier Honor\u00e9 de Balzac<\/a><\/li><li><a href=\"https:\/\/muzeumpamieci.umk.pl\/?p=6674\">1850 &#8211; Projekt Gabinetu historii naturalnej Uniwersytetu Wile\u0144skiego<\/a><\/li><li><a href=\"https:\/\/muzeumpamieci.umk.pl\/?p=1753\">1878 &#8211; Krak\u00f3w, Projekt Muzeum Narodowego<\/a><\/li><li><a href=\"https:\/\/muzeumpamieci.umk.pl\/?p=2272\">1878 &#8211; Warszawa, projekt Muzeum rybackiego po\u0142\u0105czonego z akwarium Micha\u0142a Girdwoynia<\/a><\/li><li><a href=\"https:\/\/muzeumpamieci.umk.pl\/?p=6688\">1879 &#8211; Projekt Muzeum na Wawelu<\/a><\/li><li><a href=\"https:\/\/muzeumpamieci.umk.pl\/?p=6676\">1882 &#8211; Galeria Narodowa w Poznaniu Edwarda Rastawieckiego (projekt)<\/a><\/li><li><a href=\"https:\/\/muzeumpamieci.umk.pl\/?p=2450\">1883 &#8211; Warszawa, projekt muzeum mleczarskiego<\/a><\/li><li><a href=\"https:\/\/muzeumpamieci.umk.pl\/?p=1261\">1888 &#8211; Warszawa, Projekt Muzeum Ogrodniczego<\/a><\/li><li><a href=\"https:\/\/muzeumpamieci.umk.pl\/?p=4694\">1893 &#8211; Warszawa, Muzeum Towaroznawcze Wyrob\u00f3w Wschodnich (koncepcja)<\/a><\/li><li><a href=\"https:\/\/muzeumpamieci.umk.pl\/?p=2245\">1898 &#8211; Warszawa, Projekt Muzeum Towarzystwa Higienicznego Warszawskiego<\/a><\/li><li><a href=\"https:\/\/muzeumpamieci.umk.pl\/?p=1367\">1903 &#8211; Cz\u0119stochowa, Projekt muzeum im. Kordeckiego<\/a><\/li><li><a href=\"https:\/\/muzeumpamieci.umk.pl\/?p=1009\">1906 &#8211; Krak\u00f3w, Projekt muzeum przyrodniczego<\/a><\/li><li><a href=\"https:\/\/muzeumpamieci.umk.pl\/?p=2605\">1906 &#8211; Warszawa, projekt Muzeum Bibliotekoznawczego<\/a><\/li><li><a href=\"https:\/\/muzeumpamieci.umk.pl\/?p=4501\">1910 &#8211; Warszawa, projekt Muzeum Artura Oppmana<\/a><\/li><li><a href=\"https:\/\/muzeumpamieci.umk.pl\/?p=6690\">1913 &#8211; Projekt muzeum w \u0141owiczy Anieli Chmieli\u0144skiej<\/a><\/li><li><a href=\"https:\/\/muzeumpamieci.umk.pl\/?p=6678\">1914 &#8211; Projekt Pro Arte Zenona Przesmyckiego<\/a><\/li><li><a href=\"https:\/\/muzeumpamieci.umk.pl\/?p=2683\">1915 &#8211; Warszawa, projekt Muzeum Narodowego Eligiusza Niewiadomskiego<\/a><\/li><li><a href=\"https:\/\/muzeumpamieci.umk.pl\/?p=6680\">1917 &#8211; Projekt Muzeum teatralnego w Krakowie<\/a><\/li><li><a href=\"https:\/\/muzeumpamieci.umk.pl\/?p=1074\">1917 &#8211; Warszawa, Projekt Muzeum zoologicznego<\/a><\/li><li><a href=\"https:\/\/muzeumpamieci.umk.pl\/?p=1181\">1918 &#8211; Warszawa, Projekt Polskiego Muzeum Historii Naturalnej<\/a><\/li><li><a href=\"https:\/\/muzeumpamieci.umk.pl\/?p=2473\">Wykaz projekt\u00f3w muzealnych<\/a><\/li><\/ul>\n<hr>\n<p>&nbsp;<\/p>\n<p>&nbsp;<\/p>\n<p>&nbsp;<\/p>\n<p>&nbsp;<\/p>\n","protected":false},"excerpt":{"rendered":"<p>&nbsp; &nbsp; &nbsp; &nbsp;<\/p>\n","protected":false},"author":1,"featured_media":9235,"parent":20,"menu_order":2,"comment_status":"closed","ping_status":"closed","template":"","meta":{"footnotes":""},"class_list":["post-82","page","type-page","status-publish","has-post-thumbnail","hentry"],"aioseo_notices":[],"_links":{"self":[{"href":"https:\/\/muzeumpamieci.umk.pl\/index.php?rest_route=\/wp\/v2\/pages\/82","targetHints":{"allow":["GET"]}}],"collection":[{"href":"https:\/\/muzeumpamieci.umk.pl\/index.php?rest_route=\/wp\/v2\/pages"}],"about":[{"href":"https:\/\/muzeumpamieci.umk.pl\/index.php?rest_route=\/wp\/v2\/types\/page"}],"author":[{"embeddable":true,"href":"https:\/\/muzeumpamieci.umk.pl\/index.php?rest_route=\/wp\/v2\/users\/1"}],"replies":[{"embeddable":true,"href":"https:\/\/muzeumpamieci.umk.pl\/index.php?rest_route=%2Fwp%2Fv2%2Fcomments&post=82"}],"version-history":[{"count":10,"href":"https:\/\/muzeumpamieci.umk.pl\/index.php?rest_route=\/wp\/v2\/pages\/82\/revisions"}],"predecessor-version":[{"id":5551,"href":"https:\/\/muzeumpamieci.umk.pl\/index.php?rest_route=\/wp\/v2\/pages\/82\/revisions\/5551"}],"up":[{"embeddable":true,"href":"https:\/\/muzeumpamieci.umk.pl\/index.php?rest_route=\/wp\/v2\/pages\/20"}],"wp:featuredmedia":[{"embeddable":true,"href":"https:\/\/muzeumpamieci.umk.pl\/index.php?rest_route=\/wp\/v2\/media\/9235"}],"wp:attachment":[{"href":"https:\/\/muzeumpamieci.umk.pl\/index.php?rest_route=%2Fwp%2Fv2%2Fmedia&parent=82"}],"curies":[{"name":"wp","href":"https:\/\/api.w.org\/{rel}","templated":true}]}}