{"id":8141,"date":"2019-08-02T18:24:48","date_gmt":"2019-08-02T16:24:48","guid":{"rendered":"http:\/\/muzeumpamieci.umk.pl\/?page_id=8141"},"modified":"2021-12-12T12:31:40","modified_gmt":"2021-12-12T11:31:40","slug":"muzeologia-cyfrowa-artykuly","status":"publish","type":"page","link":"https:\/\/muzeumpamieci.umk.pl\/?page_id=8141","title":{"rendered":"MUZEOLOGIA CYFROWA: ARTYKU\u0141Y"},"content":{"rendered":"\n<hr class=\"wp-block-separator\"\/>\n\n\n<style>.wp-block-kadence-advancedbtn.kb-btns_b40725-60{gap:var(--global-kb-gap-xs, 0.5rem );justify-content:center;align-items:center;}.kt-btns_b40725-60 .kt-button{font-weight:normal;font-style:normal;}.kt-btns_b40725-60 .kt-btn-wrap-0{margin-right:5px;}.wp-block-kadence-advancedbtn.kt-btns_b40725-60 .kt-btn-wrap-0 .kt-button{color:#555555;border-color:#555555;}.wp-block-kadence-advancedbtn.kt-btns_b40725-60 .kt-btn-wrap-0 .kt-button:hover, .wp-block-kadence-advancedbtn.kt-btns_b40725-60 .kt-btn-wrap-0 .kt-button:focus{color:#ffffff;border-color:#444444;}.wp-block-kadence-advancedbtn.kt-btns_b40725-60 .kt-btn-wrap-0 .kt-button::before{display:none;}.wp-block-kadence-advancedbtn.kt-btns_b40725-60 .kt-btn-wrap-0 .kt-button:hover, .wp-block-kadence-advancedbtn.kt-btns_b40725-60 .kt-btn-wrap-0 .kt-button:focus{background:#444444;}.kt-btns_b40725-60 .kt-btn-wrap-1{margin-right:5px;}.wp-block-kadence-advancedbtn.kt-btns_b40725-60 .kt-btn-wrap-1 .kt-button{color:#555555;border-color:#555555;}.wp-block-kadence-advancedbtn.kt-btns_b40725-60 .kt-btn-wrap-1 .kt-button:hover, .wp-block-kadence-advancedbtn.kt-btns_b40725-60 .kt-btn-wrap-1 .kt-button:focus{color:#ffffff;border-color:#444444;}.wp-block-kadence-advancedbtn.kt-btns_b40725-60 .kt-btn-wrap-1 .kt-button::before{display:none;}.wp-block-kadence-advancedbtn.kt-btns_b40725-60 .kt-btn-wrap-1 .kt-button:hover, .wp-block-kadence-advancedbtn.kt-btns_b40725-60 .kt-btn-wrap-1 .kt-button:focus{background:#444444;}.kt-btns_b40725-60 .kt-btn-wrap-2{margin-right:5px;}.wp-block-kadence-advancedbtn.kt-btns_b40725-60 .kt-btn-wrap-2 .kt-button{color:#555555;border-color:#555555;}.wp-block-kadence-advancedbtn.kt-btns_b40725-60 .kt-btn-wrap-2 .kt-button:hover, .wp-block-kadence-advancedbtn.kt-btns_b40725-60 .kt-btn-wrap-2 .kt-button:focus{color:#ffffff;border-color:#444444;}.wp-block-kadence-advancedbtn.kt-btns_b40725-60 .kt-btn-wrap-2 .kt-button::before{display:none;}.wp-block-kadence-advancedbtn.kt-btns_b40725-60 .kt-btn-wrap-2 .kt-button:hover, .wp-block-kadence-advancedbtn.kt-btns_b40725-60 .kt-btn-wrap-2 .kt-button:focus{background:#444444;}.kt-btns_b40725-60 .kt-btn-wrap-3{margin-right:5px;}.wp-block-kadence-advancedbtn.kt-btns_b40725-60 .kt-btn-wrap-3 .kt-button{color:#555555;border-color:#555555;}.wp-block-kadence-advancedbtn.kt-btns_b40725-60 .kt-btn-wrap-3 .kt-button:hover, .wp-block-kadence-advancedbtn.kt-btns_b40725-60 .kt-btn-wrap-3 .kt-button:focus{color:#ffffff;border-color:#444444;}.wp-block-kadence-advancedbtn.kt-btns_b40725-60 .kt-btn-wrap-3 .kt-button::before{display:none;}.wp-block-kadence-advancedbtn.kt-btns_b40725-60 .kt-btn-wrap-3 .kt-button:hover, .wp-block-kadence-advancedbtn.kt-btns_b40725-60 .kt-btn-wrap-3 .kt-button:focus{background:#444444;}<\/style>\n<div class=\"wp-block-kadence-advancedbtn kt-btn-align-center kt-btn-tablet-align-inherit kt-btn-mobile-align-inherit kt-btns-wrap kt-btns_b40725-60\"><div class=\"kt-btn-wrap kt-btn-wrap-0\"><a class=\"kt-button button kt-btn-0-action kt-btn-size-standard kt-btn-style-basic kt-btn-svg-show-always kt-btn-has-text-true kt-btn-has-svg-false\" href=\"http:\/\/muzeumpamieci.umk.pl\/?page_id=6899\"><span class=\"kt-btn-inner-text\">BIBLIOGRAFIA<\/span><\/a><\/div><div class=\"kt-btn-wrap kt-btn-wrap-1\"><a class=\"kt-button button kt-btn-1-action kt-btn-size-standard kt-btn-style-basic kt-btn-svg-show-always kt-btn-has-text-true kt-btn-has-svg-false\" href=\"http:\/\/muzeumpamieci.umk.pl\/?page_id=8096\"><span class=\"kt-btn-inner-text\">MAPA MUZEOLOGII CYFROWEJ<\/span><\/a><\/div><div class=\"kt-btn-wrap kt-btn-wrap-2\"><a class=\"kt-button button kt-btn-2-action kt-btn-size-standard kt-btn-style-basic kt-btn-svg-show-always kt-btn-has-text-true kt-btn-has-svg-false\" href=\"#\"><span class=\"kt-btn-inner-text\">WIZUALIZACJE<\/span><\/a><\/div><div class=\"kt-btn-wrap kt-btn-wrap-3\"><a class=\"kt-button button kt-btn-3-action kt-btn-size-standard kt-btn-style-basic kt-btn-svg-show-always kt-btn-has-text-true kt-btn-has-svg-false\" href=\"http:\/\/muzeumpamieci.umk.pl\/?page_id=8064\"><span class=\"kt-btn-inner-text\">S\u0141OWNIK<\/span><\/a><\/div><\/div>\n\n\n\n<hr class=\"wp-block-separator\"\/>\n\n\n<ul class=\"lcp_catlist\" id=\"lcp_instance_0\"><li><a href=\"https:\/\/muzeumpamieci.umk.pl\/?p=9553\">Muzea krakowskie &#8211; o\u015b czasu<\/a>  2022-01-16<\/li><li><a href=\"https:\/\/muzeumpamieci.umk.pl\/?p=7482\">#muzeologiacyfrowa: Do\u015bwiadczenie i umiej\u0119tno\u015bci specjalist\u00f3w dost\u0119pno\u015bci cyfrowej<\/a>  2021-06-25<\/li><li><a href=\"https:\/\/muzeumpamieci.umk.pl\/?p=7490\">#muzeologiacyfrowa: Summer School on Digital Art History: Digital Exhibition (Malaga, online)<\/a>  2021-06-23<\/li><li><a href=\"https:\/\/muzeumpamieci.umk.pl\/?p=9151\">#muzeologiacyfrowa: &#8222;Projekt&#8221; w mediach spo\u0142eczno\u015bciowych w 2020 roku | Ma\u0142gorzata Baka<\/a>  2021-03-31<\/li><li><a href=\"https:\/\/muzeumpamieci.umk.pl\/?p=6913\">Konferencja: Digitale Erfahrungen u. Strategien nach einem Jahr Corona | Do\u015bwiadczenia i strategie cyfrowe po roku koronawirusa, 26-27.03.2021 (online)<\/a>  2021-02-24<\/li><li><a href=\"https:\/\/muzeumpamieci.umk.pl\/?p=6542\">Big Data w humanistyce&#8230;<\/a>  2020-10-23<\/li><li><a href=\"https:\/\/muzeumpamieci.umk.pl\/?p=6846\">Konferencja: The Art Museum in the Digital Age, Wiede\u0144<\/a>  2020-08-15<\/li><li><a href=\"https:\/\/muzeumpamieci.umk.pl\/?p=6844\">Mi\u0119dzynarodowa Letnia Szko\u0142a Historii Sztuki Cyfrowej (DAHSS) &#8211; online<\/a>  2020-07-15<\/li><li><a href=\"https:\/\/muzeumpamieci.umk.pl\/?p=6842\">Wyk\u0142ad: Cultural data sculpting, 11.06, 16:00<\/a>  2020-06-10<\/li><li><a href=\"https:\/\/muzeumpamieci.umk.pl\/?p=6840\">Nab\u00f3r tekst\u00f3w do Digital Culture &#038; Society, No. 1 (2021): The Politics of Metadata<\/a>  2020-05-15<\/li><li><a href=\"https:\/\/muzeumpamieci.umk.pl\/?p=6838\">Nab\u00f3r tekst\u00f3w do International Journal for Digital and Public Humanities<\/a>  2020-04-06<\/li><li><a href=\"https:\/\/muzeumpamieci.umk.pl\/?p=6836\">Konferencja online w kwarantannie<\/a>  2020-04-03<\/li><li><a href=\"https:\/\/muzeumpamieci.umk.pl\/?p=6834\">Nab\u00f3r tekst\u00f3w do &#8222;Panorama: Journal of the Association of History of American Art&#8221;<\/a>  2020-04-01<\/li><li><a href=\"https:\/\/muzeumpamieci.umk.pl\/?p=6832\">28. Konferencja Grupy Roboczej Polskich i Niemieckich Historyk\u00f3w Sztuki i Konserwator\u00f3w Moguncja, 24\u201326.09.2020<\/a>  2020-03-28<\/li><li><a href=\"https:\/\/muzeumpamieci.umk.pl\/?p=6057\">Ma\u0142gorzata BAKA | Co m\u00f3wi\u0105 statystyki social medi\u00f3w? (podsumowanie 2019 r.)<\/a>  2020-03-16<\/li><li><a href=\"https:\/\/muzeumpamieci.umk.pl\/?p=6830\">Konferencja: Das Fragment im digitalen Zeitalter, Hildesheim (DE)<\/a>  2020-03-15<\/li><li><a href=\"https:\/\/muzeumpamieci.umk.pl\/?p=6828\">Digital Approaches to Art History and Cultural Heritage &#8211; nab\u00f3r tekst\u00f3w<\/a>  2020-03-03<\/li><li><a href=\"https:\/\/muzeumpamieci.umk.pl\/?p=6826\">Konferencja: Bildarchive w Dreznie<\/a>  2020-02-29<\/li><li><a href=\"https:\/\/muzeumpamieci.umk.pl\/?p=6824\">Stypendium na badania w ramach humanistyki cyfrowej w Moguncji!<\/a>  2020-02-23<\/li><li><a href=\"https:\/\/muzeumpamieci.umk.pl\/?p=6822\">Szko\u0142a letnia humanistyki cyfrowej w Wenecji!<\/a>  2020-01-17<\/li><li><a href=\"https:\/\/muzeumpamieci.umk.pl\/?p=6820\">Humanistyka cyfrowa na Summer School: Cultures of Science and Art w Rzymie (IT)<\/a>  2019-12-11<\/li><li><a href=\"https:\/\/muzeumpamieci.umk.pl\/?p=6818\">Konferencja: Raumdefinitionen \u2013 Stadtkonstruktionen \u2013 Architekturpraktiken in Mittel- und Osteuropa. Digital Humanities und die \u201aMessbarkeit\u2018 des NS-Regimes<\/a>  2019-12-05<\/li><li><a href=\"https:\/\/muzeumpamieci.umk.pl\/?p=5955\">Zako\u0144czyli\u015bmy #2SympoMuz&#8230;<\/a>  2019-03-15<\/li><li><a href=\"https:\/\/muzeumpamieci.umk.pl\/?p=1450\">Konferencja \u201cMaking Cultural Heritage Data Accessible and Reusable: Finding Best Practices\u201d 19-20 .04.2018, Warszawa<\/a>  2018-03-12<\/li><li><a href=\"https:\/\/muzeumpamieci.umk.pl\/?p=2058\">Prezentacja projektu w Kujawsko-Pomorskiej Bibliotece Cyfrowej<\/a>  2018-01-16<\/li><li><a href=\"https:\/\/muzeumpamieci.umk.pl\/?p=1443\">Konferencja \u201eHumanistyka cyfrowa a instytucje dziedzictwa\u201d 16-17.11.2017<\/a>  2017-11-18<\/li><li><a href=\"https:\/\/muzeumpamieci.umk.pl\/?p=1029\">IV Konferencja DARIAH-PL | &#8222;Humanistyka cyfrowa a instytucje dziedzictwa&#8221; 16-17.11.2017<\/a>  2017-11-15<\/li><li><a href=\"https:\/\/muzeumpamieci.umk.pl\/?p=929\">Digital Cultures Conference, Warszawa (25-27.09.2017)<\/a>  2017-09-27<\/li><li><a href=\"https:\/\/muzeumpamieci.umk.pl\/?p=957\">Konferencja &#8222;Wizualizacja danych w humanistyce&#8221; w Toruniu (23-24.03.2017)<\/a>  2017-03-27<\/li><li><a href=\"https:\/\/muzeumpamieci.umk.pl\/?p=869\">Ewelina BEDNARZ | \u201eMuzeum Pami\u0119ci\u201d \u2013 has\u0142o, kt\u00f3re przynios\u0142o nieoczekiwany odzew. Kilka s\u0142\u00f3w o aktywno\u015bci Projektu na Instagramie<\/a>  2017-03-26<\/li><li><a href=\"https:\/\/muzeumpamieci.umk.pl\/?p=846\">Ewelina BEDNARZ | Digital Humanities Centres. Experiences and Perspectives<\/a>  2017-01-02<\/li><li><a href=\"https:\/\/muzeumpamieci.umk.pl\/?p=464\">Po III Konferencji DARIAH-PL, Pozna\u0144 (8-9.11.2016)<\/a>  2016-11-11<\/li><li><a href=\"https:\/\/muzeumpamieci.umk.pl\/?p=460\">III Konferencja DARIAH-PL w Poznaniu (8-9.11.2016)<\/a>  2016-11-07<\/li><li><a href=\"https:\/\/muzeumpamieci.umk.pl\/?p=281\">Konferencja &#8222;Digital Humanities Centres: Experiences and Perspectives&#8221; w Warszawie (8-9.12.2016)<\/a>  2016-10-21<\/li><li><a href=\"https:\/\/muzeumpamieci.umk.pl\/?p=268\">Konferencja &#8222;Muzeum cyfrowe&#8221;, Warszawa, Muzeum Narodowe (19.10.2016)<\/a>  2016-10-20<\/li><\/ul>\n\n\n<hr class=\"wp-block-separator\"\/>\n\n\n<style>.wp-block-kadence-advancedbtn.kb-btns_34ba6b-00{gap:var(--global-kb-gap-xs, 0.5rem );justify-content:center;align-items:center;}.kt-btns_34ba6b-00 .kt-button{font-weight:normal;font-style:normal;}.kt-btns_34ba6b-00 .kt-btn-wrap-0{margin-right:5px;}.wp-block-kadence-advancedbtn.kt-btns_34ba6b-00 .kt-btn-wrap-0 .kt-button{color:#555555;border-color:#555555;}.wp-block-kadence-advancedbtn.kt-btns_34ba6b-00 .kt-btn-wrap-0 .kt-button:hover, .wp-block-kadence-advancedbtn.kt-btns_34ba6b-00 .kt-btn-wrap-0 .kt-button:focus{color:#ffffff;border-color:#444444;}.wp-block-kadence-advancedbtn.kt-btns_34ba6b-00 .kt-btn-wrap-0 .kt-button::before{display:none;}.wp-block-kadence-advancedbtn.kt-btns_34ba6b-00 .kt-btn-wrap-0 .kt-button:hover, .wp-block-kadence-advancedbtn.kt-btns_34ba6b-00 .kt-btn-wrap-0 .kt-button:focus{background:#444444;}<\/style>\n<div class=\"wp-block-kadence-advancedbtn kt-btn-align-center kt-btn-tablet-align-inherit kt-btn-mobile-align-inherit kt-btns-wrap kt-btns_34ba6b-00\"><div class=\"kt-btn-wrap kt-btn-wrap-0\"><a class=\"kt-button button kt-btn-0-action kt-btn-size-standard kt-btn-style-basic kt-btn-svg-show-always kt-btn-has-text-true kt-btn-has-svg-false\" href=\"http:\/\/muzeumpamieci.umk.pl\/?page_id=90\"><span class=\"kt-btn-inner-text\">WR\u00d3\u0106 DO: AKTUALNO\u015aCI<\/span><\/a><\/div><\/div>\n\n\n\n<p><\/p>\n","protected":false},"excerpt":{"rendered":"","protected":false},"author":1,"featured_media":9214,"parent":90,"menu_order":0,"comment_status":"closed","ping_status":"closed","template":"","meta":{"footnotes":""},"class_list":["post-8141","page","type-page","status-publish","has-post-thumbnail","hentry"],"aioseo_notices":[],"_links":{"self":[{"href":"https:\/\/muzeumpamieci.umk.pl\/index.php?rest_route=\/wp\/v2\/pages\/8141","targetHints":{"allow":["GET"]}}],"collection":[{"href":"https:\/\/muzeumpamieci.umk.pl\/index.php?rest_route=\/wp\/v2\/pages"}],"about":[{"href":"https:\/\/muzeumpamieci.umk.pl\/index.php?rest_route=\/wp\/v2\/types\/page"}],"author":[{"embeddable":true,"href":"https:\/\/muzeumpamieci.umk.pl\/index.php?rest_route=\/wp\/v2\/users\/1"}],"replies":[{"embeddable":true,"href":"https:\/\/muzeumpamieci.umk.pl\/index.php?rest_route=%2Fwp%2Fv2%2Fcomments&post=8141"}],"version-history":[{"count":5,"href":"https:\/\/muzeumpamieci.umk.pl\/index.php?rest_route=\/wp\/v2\/pages\/8141\/revisions"}],"predecessor-version":[{"id":8287,"href":"https:\/\/muzeumpamieci.umk.pl\/index.php?rest_route=\/wp\/v2\/pages\/8141\/revisions\/8287"}],"up":[{"embeddable":true,"href":"https:\/\/muzeumpamieci.umk.pl\/index.php?rest_route=\/wp\/v2\/pages\/90"}],"wp:featuredmedia":[{"embeddable":true,"href":"https:\/\/muzeumpamieci.umk.pl\/index.php?rest_route=\/wp\/v2\/media\/9214"}],"wp:attachment":[{"href":"https:\/\/muzeumpamieci.umk.pl\/index.php?rest_route=%2Fwp%2Fv2%2Fmedia&parent=8141"}],"curies":[{"name":"wp","href":"https:\/\/api.w.org\/{rel}","templated":true}]}}