{"id":787,"date":"2017-05-15T19:23:37","date_gmt":"2017-05-15T17:23:37","guid":{"rendered":"http:\/\/muzeumpamieci.umk.pl\/?page_id=787"},"modified":"2017-05-16T08:26:59","modified_gmt":"2017-05-16T06:26:59","slug":"i-sympozjum-muzealnicze","status":"publish","type":"page","link":"https:\/\/muzeumpamieci.umk.pl\/?page_id=787","title":{"rendered":"I SYMPOZJUM MUZEALNICZE"},"content":{"rendered":"<p style=\"text-align: left;\">aktualizacja: 15.05.2017 r.<\/p>\n<p style=\"text-align: center;\"><strong><em>MUZEUM A PAMI\u0118\u0106 \u2013 FORMA, PRODUKCJA, MIEJSCE<\/em><\/strong><\/p>\n<p style=\"text-align: center;\">8-9 czerwca 2017 r.<\/p>\n<p style=\"text-align: center;\">Sympozjum naukowe w ramach projektu<br \/>\n<strong><em>Muzeum w polskiej kulturze pami\u0119ci (do 1918 r.): \u00a0<\/em><\/strong><strong><em>wczesne instytucje muzealne wobec muzeologii cyfrowej<br \/>\n<\/em><\/strong>finansowanego z grantu Ministra Nauki Szkolnictwa Wy\u017cszego w ramach Narodowego Programu Rozwoju Humanistyki na lata 2016-2019<\/p>\n<p><a href=\"http:\/\/muzeumpamieci.umk.pl\/wp-content\/uploads\/2017\/01\/muzeum1.jpg\"><img fetchpriority=\"high\" decoding=\"async\" class=\"aligncenter wp-image-641\" src=\"http:\/\/muzeumpamieci.umk.pl\/wp-content\/uploads\/2017\/01\/muzeum1.jpg\" alt=\"muzeum1\" width=\"600\" height=\"142\" srcset=\"https:\/\/muzeumpamieci.umk.pl\/wp-content\/uploads\/2017\/01\/muzeum1.jpg 956w, https:\/\/muzeumpamieci.umk.pl\/wp-content\/uploads\/2017\/01\/muzeum1-300x71.jpg 300w, https:\/\/muzeumpamieci.umk.pl\/wp-content\/uploads\/2017\/01\/muzeum1-768x182.jpg 768w\" sizes=\"(max-width: 600px) 100vw, 600px\" \/><\/a><\/p>\n<p style=\"text-align: center;\">***<\/p>\n<p style=\"text-align: center;\"><a href=\"http:\/\/muzeumpamieci.umk.pl\/?page_id=778\">PROGRAM<\/a>\u00a0 | <a href=\"http:\/\/muzeumpamieci.umk.pl\/?page_id=792\">STRESZCZENIA<\/a>\u00a0| \u00a0<a href=\"http:\/\/muzeumpamieci.umk.pl\/?page_id=797\">PRELEGENCI<\/a><\/p>\n<p style=\"text-align: center;\">***<\/p>\n<p style=\"text-align: justify;\">Informacja o sympozjum <a href=\"http:\/\/muzeumpamieci.umk.pl\/wp-content\/uploads\/2017\/01\/I-SYMPOZJUM-MUZEALNICZE-Muzeum-a-pami\u0119\u0107-8-9.06.2017-1.pdf\">do pobrania: PDF<\/a>\u00a0| <a href=\"http:\/\/muzeumpamieci.umk.pl\/wp-content\/uploads\/2017\/01\/formularz-zg\u0142oszeniowy.docx\">formularz zg\u0142oszeniowy<\/a><\/p>\n<p style=\"text-align: justify;\">Pami\u0119\u0107 jest poj\u0119ciem kluczowym dla muzealnictwa. Muzeum mo\u017ce bowiem by\u0107 rozumiane jako miejsce, gdzie znajduj\u0105 si\u0119 kolekcje \u2013 uporz\u0105dkowane wewn\u0119trznie zbiory przedmiot\u00f3w, kt\u00f3re same w sobie s\u0105 form\u0105 pami\u0119ci, b\u0119d\u0105c odbiciem specyficznej zdolno\u015bci m\u00f3zgu do utrwalania i przywo\u0142ywania wra\u017ce\u0144 zmys\u0142owych, skojarze\u0144 oraz informacji, podobnie jak zarejestrowana wypowied\u017a, tekst, albo obraz. Je\u015bli natomiast, wzorem Krzysztofa Pomiana, zobaczymy muzeum jako t\u0119 szczeg\u00f3ln\u0105, wysoce rozwini\u0119t\u0105 posta\u0107 kolekcji, jego relacje wobec pami\u0119ci stan\u0105 si\u0119 wszechstronne. Nie jest to wszak tylko magazyn dla kolekcji, bo pami\u0119\u0107 kszta\u0142towana w okre\u015blony spos\u00f3b ju\u017c poprzez kolekcjonerski wyb\u00f3r, jest tu dalej urabiana i formowana, a wi\u0119c w jakim\u015b sensie produkowana w ramach ekspozycji i procesu jej odbioru. B\u0119dzie wi\u0119c muzeum i form\u0105 jej, i swego rodzaju maszyn\u0105 do jej wytwarzania, i jej miejscem, gdzie si\u0119 ona przejawia. B\u0119dzie wtedy jednym z istotniejszych element\u00f3w kultury pami\u0119ci (niem. <em>Erinnerungskultur<\/em>), uj\u0119tej jako ca\u0142okszta\u0142t post\u0119powania z przesz\u0142o\u015bci\u0105 i histori\u0105 przez dan\u0105 grup\u0119 spo\u0142eczn\u0105 i poszczeg\u00f3lne tworz\u0105ce j\u0105 jednostki.<\/p>\n<p style=\"text-align: justify;\">Chcieliby\u015bmy zaprosi\u0107 do refleksji na ten temat, w kontek\u015bcie pierwszej epoki dziej\u00f3w polskiego muzealnictwa, czyli okresu w jego historii, jaki zamyka odrodzenie pa\u0144stwowo\u015bci w 1918 r. Kolekcje i ekspozycje\u00a0muzealne stanowi\u0105 zwierciad\u0142o przemian kulturowych, spo\u0142ecznych czy geopolitycznych, b\u0119d\u0105c\u00a0jednocze\u015bnie aktywnym ich czynnikiem. Paradoksem jest, \u017ce polska\u00a0 tradycja zbudowa\u0142a si\u0119 pod tym wzgl\u0119dem przede wszystkim w XIX stuleciu w okresie kiedy pa\u0144stwo\u00a0polskie znikn\u0119\u0142o z mapy. W tym czasie powsta\u0142y najistotniejsze dawne, ale i obecnie instytucje, jak Muzeum Czartoryskich i Muzeum Narodowe w Krakowie, Muzeum Narodowe w Warszawie, Poznaniu i Przemy\u015blu i wiele innych. Stanowi\u0105 one bardzo mocny element tradycji muzealnictwa polskiego. Dzi\u0119ki nim muzea sprawnie rozpocz\u0119\u0142y swoj\u0105 dzia\u0142alno\u015b\u0107 zaraz po odzyskaniu niepodleg\u0142o\u015bci i prowadzi\u0142y j\u0105 w ci\u0105gu ca\u0142ego dwudziestolecia mi\u0119dzywojennego, a tak\u017ce w nast\u0119pnych epokach.<\/p>\n<p style=\"text-align: justify;\">Upadek pa\u0144stwa i rozbiory by\u0142y wydarzeniem, kt\u00f3rego\u00a0znaczenie nie ogranicza\u0142o si\u0119 jedynie do obszaru polityki \u2013 wp\u0142yn\u0119\u0142y one r\u00f3wnie\u017c\u00a0na strategie wobec kulturowej to\u017csamo\u015bci obierane przez powstaj\u0105ce w\u00f3wczas muzea. Do ich skutk\u00f3w o ogromnym znaczeniu nale\u017ca\u0142o zogniskowanie\u00a0kultury polskiej wok\u00f3\u0142 problematyki narodowej oraz jej zr\u00f3\u017cnicowanie terytorialne i co za\u00a0tym idzie cywilizacyjne. Sk\u0142ada\u0142y si\u0119 na\u0144 bowiem odmienne pod tym wzgl\u0119dem obszary\u00a0trzech zabor\u00f3w i tzw. ziemie zabrane, a nie mo\u017cna ogranicza\u0107 si\u0119 wy\u0142\u0105cznie do ziem\u00a0etnicznych i zapomina\u0107 o emigracji (przede wszystkim we Francji, ale te\u017c w Szwajcarii i we\u00a0W\u0142oszech) oraz stolicach i niekt\u00f3rych miastach pa\u0144stw zaborczych; tam r\u00f3wnie\u017c rozwija\u0142o si\u0119\u00a0polskie kolekcjonerstwo, czasem o charakterze publicznym (niezwykle ciekawy pod tym\u00a0wzgl\u0119dem by\u0142by Wiede\u0144, a mo\u017ce te\u017c Berlin, Sankt Petersburg, Odessa, Baku). Dziewi\u0119tnastowieczne polskie instytucje o charakterze muzealnym funkcjonowa\u0142y zatem w\u00a0regionach ca\u0142kiem od siebie odmiennych pod wzgl\u0119dem tradycji, kultury, gospodarki, ustroju,\u00a0o nier\u00f3wnoleg\u0142ej polityce wobec polsko\u015bci i swob\u00f3d jednostki oraz nier\u00f3wnoleg\u0142ej\u00a0chronologii. Tradycja polskiego muzealnictwa nie mo\u017ce wi\u0119c nie by\u0107 zjawiskiem z\u0142o\u017conym.\u00a0R\u00f3\u017cnorodne czynniki szatkuj\u0105 i przecinaj\u0105 na wszystkie strony rozliczne problematyki, jakie\u00a0tu si\u0119 pojawiaj\u0105.<\/p>\n<p style=\"text-align: justify;\">W obecnym pi\u015bmiennictwie na temat dyskursu muzealnego najpowszechniejsza jest narracja patriotyczno-narodowa \u2013 nierzadko przek\u0142adaj\u0105ca si\u0119 na wybi\u00f3rcz\u0105 interpretacj\u0119 historii, pomijaj\u0105c\u0105 liczne elementy nie pasuj\u0105ce do obranego schematu. Problematyka to\u017csamo\u015bciowa i kszta\u0142towanie kultury pami\u0119ci przez muzea musi jednak bra\u0107 pod\u00a0uwag\u0119 tak\u017ce ich inne narracje: etniczn\u0105, biograficzn\u0105, techniczno-przemys\u0142ow\u0105, przyrodnicz\u0105, czy wreszcie pust\u0105 rozrywk\u0119 (niejednokrotnie bezzasadnie odwo\u0142uj\u0105c\u0105 si\u0119 do terminologii muzealnej). Zasadnicze pytania, jakie trzeba tu postawi\u0107 dotyczy\u0107 wi\u0119c b\u0119d\u0105 lektury\u00a0r\u00f3\u017cnorodnej i z\u0142o\u017conej tradycji polskiego muzealnictwa w kontek\u015bcie przekazywania,\u00a0budowania i kszta\u0142towania przez nie polskiej kultury pami\u0119ci. Chodzi w nich o pr\u00f3b\u0119 odczytania i interpretacji zakresu semantycznego, a tak\u017ce strategii i specyficznego j\u0119zyka\u00a0kolekcjonerstwa, eksponowania oraz innej dzia\u0142alno\u015bci (popularyzacji, bada\u0144 naukowych,\u00a0propagandy politycznej) przyjmowanych w tym celu przez instytucje muzealne funkcjonuj\u0105ce do 1918\u00a0roku na obszarze szeroko rozumianej kultury polskiej<a href=\"#_ftn1\" name=\"_ftnref1\">*<\/a>.<\/p>\n<p style=\"text-align: justify;\">Konferencja niniejsza mie\u015bci si\u0119 w ramach projektu badawczego <em>Muzeum w polskiej kulturze pami\u0119ci (do 1918 roku): wczesne instytucje muzealne wobec muzeologii cyfrowej<\/em> finansowanego z grantu Ministra Nauki i Szkolnictwa Wy\u017cszego realizowanego w ramach Narodowego Programu Rozwoju Humanistyki na lata 2016-2019.<\/p>\n<p style=\"text-align: justify;\"><a href=\"#_ftnref1\" name=\"_ftn1\">*<\/a> Obszar ziem polskich i z polsk\u0105\u00a0kultur\u0105 powi\u0105zanych, kt\u00f3re obejmuj\u0105 historyczne pa\u0144stwo polskie od momentu pojawienia si\u0119\u00a0w nim instytucji o charakterze \u201eprotomuzealnym\u201d i muzealnym (XVI-XVIII), dla XIX i\u00a0pocz\u0105tk\u00f3w XX stulecia natomiast \u2013 tereny trzech zabor\u00f3w i kres\u00f3w wschodnich w\u0142\u0105czonych\u00a0do Rosji, niekt\u00f3re miasta\/stolice pa\u0144stw zaborczych (Wiede\u0144, Berlin), a tak\u017ce polskie\u00a0skupiska emigracyjne, gdzie takie instytucje funkcjonowa\u0142y (Pary\u017c, Drezno, Rapperswil,\u00a0Solura, Rzym).<\/p>\n<p><span style=\"text-decoration: underline;\">INFORMACJE ORGANIZACYJNE:<\/span><\/p>\n<p>Zapraszamy do Torunia na <strong>8 i 9 czerwca 2017 r.<\/strong> Postanowili\u015bmy przyj\u0105\u0107, \u017ce <strong>na ka\u017cde wyst\u0105pienie przeznaczone b\u0119dzie 40 minut, z czego 25 minut na referat, a 15 minut <\/strong>\u2013 <strong>na pytania i komentarze<\/strong>. Takie rozwi\u0105zanie, chocia\u017c po\u0142\u0105czone z konieczno\u015bci\u0105 ograniczenia liczby wyst\u0105pie\u0144 (a wi\u0119c i trudnym procesem ich selekcji), zapewni, mamy nadzieje, odpowiedni\u0105 ilo\u015b\u0107 czasu na wymian\u0119 pogl\u0105d\u00f3w i dyskusje na poziomie odpowiednim dla tej formy naukowego spotkania.<\/p>\n<p><u>TERMINY i OP\u0141ATA:\u00a0<\/u><\/p>\n<ul>\n<li>Zapisy zamkni\u0119te (do 31.03).<\/li>\n<li>Op\u0142ata konferencyjna:\u00a0<strong>150 z\u0142; p\u0142atno\u015b\u0107 do 15. maja<\/strong><\/li>\n<\/ul>\n<p style=\"text-align: center;\"><b>Uniwersytet Miko\u0142aja Kopernika w Toruniu<br \/>\n<\/b><b>Bank Millennium S.A. w Warszawie<br \/>\n<\/b><b>45 1160 2202 0000 0000 3174 8579<\/b><\/p>\n<p style=\"text-align: center;\">z dopiskiem: &#8222;Muzeum pami\u0119ci:\u00a0imi\u0119 i nazwisko uczestnika konferencji&#8221;.<\/p>\n<p style=\"text-align: center;\"><span style=\"font-weight: 400;\">Dodatkowo dla wp\u0142atach z zagranicy nale\u017cy poda\u0107:<br \/>\n<\/span><span style=\"font-weight: 400;\">SWIFT: BIG B PL PW<br \/>\n<\/span><span style=\"font-weight: 400;\">IBAN: PL45 1160 2202 0000 0000 3174 8579<\/span><\/p>\n<ul>\n<li>Organizatorzy nie zapewniaj\u0105 noclegu i pokrycia koszt\u00f3w przejazdu.<\/li>\n<\/ul>\n<p style=\"text-align: right;\">Informacja o sympozjum <a href=\"http:\/\/muzeumpamieci.umk.pl\/wp-content\/uploads\/2017\/01\/I-SYMPOZJUM-MUZEALNICZE-Muzeum-a-pami\u0119\u0107-8-9.06.2017-1.pdf\">do pobrania: PDF<\/a><\/p>\n<p><strong>Kierownik naukowy:<\/strong><br \/>\ndr hab. Tomasz F. de Rosset, prof. UMK<\/p>\n<p><strong>Sekretarze naukowi:<\/strong><br \/>\nmgr Ma\u0142gorzata Baka \u2013 koordynator Projektu<br \/>\n@: <a href=\"mailto:malgosia_theis@umk.pl\">malgosia_theis@umk.pl<\/a> | tel. 695\u00a0297 142<br \/>\nmgr Aldona To\u0142ysz<br \/>\n@: <a href=\"mailto:atolysz@doktorant.umk.pl\">atolysz@doktorant.umk.pl <\/a><br \/>\nmgr Ewelina Bednarz<br \/>\n@: <a href=\"mailto:ebdnrz@doktorant.umk.pl\">ebdnrz@doktorant.umk.pl<\/a> | tel. 506\u00a0023 799<\/p>\n","protected":false},"excerpt":{"rendered":"<p>aktualizacja: 15.05.2017 r. MUZEUM A PAMI\u0118\u0106 \u2013 FORMA, PRODUKCJA, MIEJSCE 8-9 czerwca 2017 r. Sympozjum naukowe w ramach projektu Muzeum w polskiej kulturze pami\u0119ci (do 1918 r.): \u00a0wczesne instytucje muzealne wobec muzeologii cyfrowej finansowanego z grantu Ministra Nauki Szkolnictwa Wy\u017cszego w ramach Narodowego Programu Rozwoju Humanistyki na lata 2016-2019 *** PROGRAM\u00a0 | STRESZCZENIA\u00a0| \u00a0PRELEGENCI ***&hellip; <\/p>\n","protected":false},"author":1,"featured_media":0,"parent":57,"menu_order":0,"comment_status":"closed","ping_status":"closed","template":"","meta":{"footnotes":""},"class_list":["post-787","page","type-page","status-publish","hentry"],"aioseo_notices":[],"_links":{"self":[{"href":"https:\/\/muzeumpamieci.umk.pl\/index.php?rest_route=\/wp\/v2\/pages\/787","targetHints":{"allow":["GET"]}}],"collection":[{"href":"https:\/\/muzeumpamieci.umk.pl\/index.php?rest_route=\/wp\/v2\/pages"}],"about":[{"href":"https:\/\/muzeumpamieci.umk.pl\/index.php?rest_route=\/wp\/v2\/types\/page"}],"author":[{"embeddable":true,"href":"https:\/\/muzeumpamieci.umk.pl\/index.php?rest_route=\/wp\/v2\/users\/1"}],"replies":[{"embeddable":true,"href":"https:\/\/muzeumpamieci.umk.pl\/index.php?rest_route=%2Fwp%2Fv2%2Fcomments&post=787"}],"version-history":[{"count":4,"href":"https:\/\/muzeumpamieci.umk.pl\/index.php?rest_route=\/wp\/v2\/pages\/787\/revisions"}],"predecessor-version":[{"id":811,"href":"https:\/\/muzeumpamieci.umk.pl\/index.php?rest_route=\/wp\/v2\/pages\/787\/revisions\/811"}],"up":[{"embeddable":true,"href":"https:\/\/muzeumpamieci.umk.pl\/index.php?rest_route=\/wp\/v2\/pages\/57"}],"wp:attachment":[{"href":"https:\/\/muzeumpamieci.umk.pl\/index.php?rest_route=%2Fwp%2Fv2%2Fmedia&parent=787"}],"curies":[{"name":"wp","href":"https:\/\/api.w.org\/{rel}","templated":true}]}}