{"id":778,"date":"2017-05-12T14:31:05","date_gmt":"2017-05-12T12:31:05","guid":{"rendered":"http:\/\/muzeumpamieci.umk.pl\/?page_id=778"},"modified":"2017-06-07T09:54:34","modified_gmt":"2017-06-07T07:54:34","slug":"program-ramowy-i-sympozjum-muzealniczego","status":"publish","type":"page","link":"https:\/\/muzeumpamieci.umk.pl\/?page_id=778","title":{"rendered":"I SYMPOZJUM MUZEALNICZE &#8211; Program"},"content":{"rendered":"<p style=\"text-align: center;\">PROGRAM RAMOWY I SYMPOZJUM MUZEALNICZEGO<br \/>\n<em><strong><span style=\"color: #3366ff;\">MUZEUM A PAMI\u0118\u0106 \u2013 FORMA, PRODUKCJA, MIEJSCE<\/span><\/strong><\/em><br \/>\nTORU\u0143, 8-9 czerwca 2017 r.<br \/>\nWydzia\u0142 Sztuk Pi\u0119knych, Uniwersytet Miko\u0142aja Kopernika w Toruniu<br \/>\nul. Sienkiewicza 30\/32<br \/>\nSala im. Tymona Niesio\u0142owskiego<\/p>\n<p style=\"text-align: center;\">***<\/p>\n<p style=\"text-align: center;\"><a href=\"http:\/\/muzeumpamieci.umk.pl\/?page_id=792\">STRESZCZENIA<\/a>\u00a0\u00a0| \u00a0<a href=\"http:\/\/muzeumpamieci.umk.pl\/?page_id=797\">PRELEGENCI<\/a>\u00a0 \u00a0| \u00a0\u00a0<a href=\"http:\/\/muzeumpamieci.umk.pl\/?page_id=787\">O I SYMPOZJUM MUZEALNICZYM<\/a><\/p>\n<p style=\"text-align: center;\">***<\/p>\n<p><span style=\"text-decoration: underline;\"><strong>8 CZERWCA<\/strong><\/span><br \/>\n10:00-10:30 \u00a0 \u00a0Rejestracja uczestnik\u00f3w<br \/>\n10:30-11:00 \u00a0 \u00a0 Powitanie,<strong>\u00a0Tomasz de Rosset<\/strong><br \/>\n11:00-12:00 \u00a0 \u00a0 SESJA I:<em> Muzeum a pami\u0119\u0107 &#8211; forma, produkcja, miejsce<\/em><br \/>\n<strong>Tomasz F. de Rosset,\u00a0<\/strong><strong>Micha\u0142 F. Wo\u017aniak<\/strong><br \/>\nDYSKUSJA<\/p>\n<p>12:00-12:30 \u00a0 \u00a0PRZERWA<\/p>\n<p>12:30-14:00 \u00a0 \u00a0 SESJA II: <em>PROJEKT \u201eMUZEUM W POLSKIEJ KULTURZE PAMI\u0118CI (DO 1918 R.)\u201d<\/em><br \/>\nSesja panelowa<br \/>\n<strong>Micha\u0142 F. Wo\u017aniak, Tomasz de Rosset, Ma\u0142gorzata Baka, Ma\u0142gorzata Wawrzak, Aldona To\u0142ysz, Ewelina Bednarz<\/strong><\/p>\n<p>14:00-15:30 LUNCH<\/p>\n<p>SESJA III:<br \/>\n15:30-16:10 \u00a0 \u00a0<strong>Piotr Daszkiewicz<\/strong>, Muzeum Historii Naturalnej w Pary\u017cu<br \/>\n<em>W\u0142adys\u0142aw Taczanowski (1819-1890) i warszawski gabinet zoologiczny w dobie popowstaniowych represji<\/em><br \/>\n16:10-16:50 \u00a0 <strong>\u00a0Jan Piskurewicz<\/strong>, Uniwersytet Kardyna\u0142a Stefana Wyszy\u0144skiego w Warszawie<br \/>\n<em>Od zbior\u00f3w prywatnych do publicznego muzeum. Utworzenie Muzeum Kopernika w Rzymie i jego ewolucja.<\/em><\/p>\n<p>16:50-17:20 \u00a0 \u00a0PRZERWA<\/p>\n<p>17:20-18:00 \u00a0 \u00a0<strong>Agnieszka Kluczewska-W\u00f3jcik<\/strong><br \/>\n<em>\u201eIstnienie narodu jest codziennie ponawianym wyborem\u201d. Muzea przemys\u0142u i sztuk dekoracyjnych jako miejsce formowania dyskursu to\u017csamo\u015bciowego<\/em><br \/>\n18:00-18:40 \u00a0 \u00a0<strong>Micha\u0142 Mencfel<\/strong>, Uniwersytet im. Adama Mickiewicza<br \/>\n<em>Arystokratyczna pami\u0119\u0107: galerie Atanazego Raczy\u0144skiego<\/em><\/p>\n<p>&nbsp;<\/p>\n<p><span style=\"text-decoration: underline;\"><strong>9 CZERWCA<\/strong><\/span><\/p>\n<p>SESJA IV:<br \/>\n9:00-9:40 \u00a0 \u00a0\u00a0<strong>Magdalena Piotrowska<\/strong>, IHS,\u00a0Uniwersytet im. Adama Mickiewicza w Poznaniu; Muzeum Narodowe w Poznaniu<br \/>\n<em>Wymiar ideologicznych polskich kolekcji sztuki wschodnioazjatykiej przed 1918 rokiem<\/em><br \/>\n9:40-10:20 \u00a0 \u00a0<strong>Agnieszka Wajroch<\/strong>, Uniwersytet im. Adama Mickiewicza w Poznaniu<br \/>\n<em>Przysz\u0142o\u015b\u0107 z przesz\u0142o\u015bci. Inicjatywy muzealne abp. Floriana Stablewskiego i abp. Edwarda Likowskiego<\/em><br \/>\n10:20-11:00 \u00a0 <strong>Anna Kornelia J\u0119drzejewska<\/strong>, Muzeum Okr\u0119gowe w Toruniu<br \/>\n<em>Zbiory form piernikarskich w Toruniu od XVII wieku do 1926 roku, w \u015bwietle inwentarza Stanis\u0142awa D\u0105browskiego<\/em><\/p>\n<p>11:00-11:30 \u00a0 \u00a0PRZERWA<\/p>\n<p>SESJA V:<br \/>\n12:10-12:50 \u00a0 \u00a0<strong>Anna Kroplewska-Gajewska<\/strong>, Muzeum Okr\u0119gowe w Toruniu<br \/>\n<em>Kolekcja Muzeum Towarzystwa Naukowego w Toruniu.<br \/>\n<\/em>11:30-12:10 \u00a0 \u00a0<strong>Katarzyna Gieszczy\u0144ska-Nowacka<\/strong>, Muzeum Narodowe w Poznaniu<br \/>\n<em>\u201ePami\u0119\u0107 w obrazach, obrazy w pami\u0119ci\u201d<br \/>\n<\/em>12:50-13:30 \u00a0 \u00a0<strong>Kamila K\u0142udkiewicz<\/strong>, IHS,\u00a0Uniwersytet im. Adama Mickiewicza w Poznaniu<br \/>\n<em>Muzeum im. Miel\u017cy\u0144skich versus Kaiser-Friedrich Museum w Poznaniu. Strategie pami\u0119ci polskiego i niemieckiego muzeum sztuki na pocz\u0105tku XX wieku<\/em><\/p>\n<p>13:30-14:30 \u00a0 \u00a0LUNCH<\/p>\n<p>SESJA VI:<br \/>\n14:30-15:10 \u00a0 \u00a0<strong>Dorota Gorzelany<\/strong>, Muzeum Narodowe w Krakowie<br \/>\n<em>Ekspozycja a koncepcja kolekcjonerska. Casus Muzeum Ksi\u0105\u017c\u0105t Czartoryskich<\/em><br \/>\n15:10-15:50 \u00a0 \u00a0<strong>Gra\u017cyna Kubica-Heller<\/strong>, Uniwersytet Jagiello\u0144ski; Magdalena Zych, Muzeum Etnograficzne im. Seweryna Udzieli<br \/>\n<em>Pocz\u0105tki materialnej pami\u0119ci o do\u015bwiadczeniu Syberii w kolekcji Muzeum Etnograficznego w Krakowie<\/em><br \/>\n15:50-16:30 \u00a0 \u00a0<strong>Barbara Konwerska<\/strong>, Muzeum \u017bup Krakowskich Wieliczka<br \/>\n<em>\u201eGeneza i rozw\u00f3j zorganizowanej turystyki w wielickiej kopalni soli (1774-1918)\u201d<\/em><\/p>\n<p>16:30-17:00 \u00a0 \u00a0PRZERWA<\/p>\n<p>SESJA VII:<br \/>\n17:00-17:40 \u00a0 \u00a0<strong>Mariola Kazimierczak<\/strong>, Mus\u00e9es nationaux de Malmaison<br \/>\n<em>Pami\u0119\u0107 o \u00abmuzeum\u00bb archeologicznym Micha\u0142a Tyszkiewicza w Rzymie<\/em><br \/>\n17:40-18:20 \u00a0 \u00a0<strong>Kinga Anna Gajda<\/strong>, Instytut Europeistyki Uniwersytet Jagiello\u0144ski<br \/>\n<em>Muzeum jako miejsce pami\u0119ci, no\u015bnik pami\u0119ci, utrwalania pami\u0119ci i zachowywania w pami\u0119ci uczni\u00f3w<br \/>\n<\/em>18:20-19:00 \u00a0 \u00a0<strong>Grzegorz B\u0105biak,\u00a0<\/strong>Uniwersytet Warszawski<\/p>\n<p>19:00-&#8230; \u00a0 \u00a0 \u00a0 \u00a0 \u00a0 PODSUMOWANIE I ZAMKNI\u0118CIE SYMPOZJUM<\/p>\n<p>&nbsp;<\/p>\n<p style=\"text-align: center;\">***<\/p>\n<p style=\"text-align: center;\"><a href=\"http:\/\/muzeumpamieci.umk.pl\/?page_id=792\">STRESZCZENIA<\/a>\u00a0\u00a0| \u00a0<a href=\"http:\/\/muzeumpamieci.umk.pl\/?page_id=797\">PRELEGENCI<\/a>\u00a0 \u00a0| \u00a0\u00a0<a href=\"http:\/\/muzeumpamieci.umk.pl\/?page_id=787\">O I SYMPOZJUM MUZEALNICZYM<\/a><\/p>\n<p style=\"text-align: center;\">***<\/p>\n","protected":false},"excerpt":{"rendered":"<p>PROGRAM RAMOWY I SYMPOZJUM MUZEALNICZEGO MUZEUM A PAMI\u0118\u0106 \u2013 FORMA, PRODUKCJA, MIEJSCE TORU\u0143, 8-9 czerwca 2017 r. Wydzia\u0142 Sztuk Pi\u0119knych, Uniwersytet Miko\u0142aja Kopernika w Toruniu ul. Sienkiewicza 30\/32 Sala im. Tymona Niesio\u0142owskiego *** STRESZCZENIA\u00a0\u00a0| \u00a0PRELEGENCI\u00a0 \u00a0| \u00a0\u00a0O I SYMPOZJUM MUZEALNICZYM *** 8 CZERWCA 10:00-10:30 \u00a0 \u00a0Rejestracja uczestnik\u00f3w 10:30-11:00 \u00a0 \u00a0 Powitanie,\u00a0Tomasz de Rosset 11:00-12:00 \u00a0&hellip; <\/p>\n","protected":false},"author":1,"featured_media":0,"parent":57,"menu_order":0,"comment_status":"closed","ping_status":"closed","template":"","meta":{"footnotes":""},"class_list":["post-778","page","type-page","status-publish","hentry"],"aioseo_notices":[],"_links":{"self":[{"href":"https:\/\/muzeumpamieci.umk.pl\/index.php?rest_route=\/wp\/v2\/pages\/778","targetHints":{"allow":["GET"]}}],"collection":[{"href":"https:\/\/muzeumpamieci.umk.pl\/index.php?rest_route=\/wp\/v2\/pages"}],"about":[{"href":"https:\/\/muzeumpamieci.umk.pl\/index.php?rest_route=\/wp\/v2\/types\/page"}],"author":[{"embeddable":true,"href":"https:\/\/muzeumpamieci.umk.pl\/index.php?rest_route=\/wp\/v2\/users\/1"}],"replies":[{"embeddable":true,"href":"https:\/\/muzeumpamieci.umk.pl\/index.php?rest_route=%2Fwp%2Fv2%2Fcomments&post=778"}],"version-history":[{"count":12,"href":"https:\/\/muzeumpamieci.umk.pl\/index.php?rest_route=\/wp\/v2\/pages\/778\/revisions"}],"predecessor-version":[{"id":833,"href":"https:\/\/muzeumpamieci.umk.pl\/index.php?rest_route=\/wp\/v2\/pages\/778\/revisions\/833"}],"up":[{"embeddable":true,"href":"https:\/\/muzeumpamieci.umk.pl\/index.php?rest_route=\/wp\/v2\/pages\/57"}],"wp:attachment":[{"href":"https:\/\/muzeumpamieci.umk.pl\/index.php?rest_route=%2Fwp%2Fv2%2Fmedia&parent=778"}],"curies":[{"name":"wp","href":"https:\/\/api.w.org\/{rel}","templated":true}]}}