{"id":7362,"date":"2021-06-05T20:04:40","date_gmt":"2021-06-05T18:04:40","guid":{"rendered":"http:\/\/muzeumpamieci.umk.pl\/?page_id=7362"},"modified":"2021-06-06T21:25:13","modified_gmt":"2021-06-06T19:25:13","slug":"materialy-zrodlowe","status":"publish","type":"page","link":"https:\/\/muzeumpamieci.umk.pl\/?page_id=7362","title":{"rendered":"Materia\u0142y \u017ar\u00f3d\u0142owe"},"content":{"rendered":"<p>Antologia tekst\u00f3w muzeologicznych stanowi jeden z element\u00f3w programu badawczego &#8222;Muzeum w polskiej kulturze pami\u0119ci do 1918 r.&#8221;&nbsp; Antologia obejmuje teksty najwcze\u015bniejsze, powsta\u0142e w pierwszym okresie dziej\u00f3w muzealnictwa na obszarze Rzeczpospolitej, od XVIII wieku, zanim jeszcze wesz\u0142o ono w faz\u0119 instytucjonaln\u0105 i wytworzy\u0142o swoj\u0105 struktur\u0119 organizacyjn\u0105, do chwili odrodzenia polskiej pa\u0144stwowo\u015bci w roku 1918.<\/p>\n<p><\/p>\n<p><span style=\"text-decoration: underline;\">TOM I<\/span><\/p>\n<ul>\n<li>Etienne Dieudonn\u00e9 Chardon de Rieule, <em>Projekt zgromadzenia bez \u017cadnych wydatk\u00f3w wszystkich bogactw naturalnych Polski<\/em>, 1766, \u017ar\u00f3d\u0142o: <strong><a href=\"https:\/\/polona.pl\/item\/projet-pour-rassembler-sans-aucune-depense-toutes-les-richesses-naturelles-de-la-pologne,MTI2NDMwNzY5\/6\/#info:metadata\" target=\"_blank\" rel=\"noopener\">POLONA (fr.)<\/a><\/strong><\/li>\n<li>Micha\u0142 Jerzy Wandalin Mniszech, <strong><a href=\"http:\/\/muzeumpamieci.umk.pl\/wp-content\/uploads\/2021\/06\/1775 mniszech my\u015b\u0142i wzgl\u0119dem za\u0142o\u017cenia musaeum polonicum.pdf\" target=\"_blank\" rel=\"noopener\"><em>My\u015bli wzgl\u0119dem za\u0142o\u017cenia Musaeum Polonicum<\/em><\/a><\/strong>, 1775<\/li>\n<li>J\u00f3zef Salezy Ossoli\u0144ski, <strong><a href=\"http:\/\/muzeumpamieci.umk.pl\/wp-content\/uploads\/2021\/06\/1785 ossoli\u0144ski proiekt galeryi sztuk wyzwolonych narodowey.pdf\" target=\"_blank\" rel=\"noopener\"><em>Proiekt Galleryi Sztuk wyzwolonych Narodowey<\/em><\/a><\/strong>, 1785<\/li>\n<li>[Ks. Xawery Zubowski], <strong><a href=\"http:\/\/muzeumpamieci.umk.pl\/wp-content\/uploads\/2021\/06\/1786 x zubowski kollekcya staro\u017cytnych i tego-czasowych staro\u017cytno\u015bci.pdf\" target=\"_blank\" rel=\"noopener\"><em>Kollekcya Staro\u017cytnych i tego-czasowych osobliwo\u015bci w Kraiu i za Kraiem znaydui\u0105cych si\u0119, Nar\u00f3d Polski interessui\u0105cych. Pismo periodyczne. Prospekt<\/em><\/a><\/strong>, 1786<\/li>\n<li>Dionizy Paszkiewicz (Dionizas Po\u0161ka), <strong><a href=\"http:\/\/muzeumpamieci.umk.pl\/wp-content\/uploads\/2021\/06\/1826 paszkiewicz o d\u0119bie zwanym baublis.pdf\" target=\"_blank\" rel=\"noopener\"><em>O d\u0119bie mai\u0105cym lat przesz\u0142o tysi\u0105c zwanym Baublis, kt\u00f3ry r\u00f3s\u0142 na \u017bmudzi w mai\u0119tno\u015bci Bordzie nale\u017c\u0105cey do Dionizego Paszkiewicza<\/em><\/a><\/strong>, 1826<\/li>\n<li>Izabela z Fleming\u00f3w Czartoryska, <em>Katalog pami\u0105tek z\u0142o\u017conych w Domu Gotyckim w Pu\u0142awach<\/em>, [1828\u20131830] &#8211; <strong><a href=\"http:\/\/muzeumpamieci.umk.pl\/wp-content\/uploads\/2021\/06\/1839 katalog pami\u0105tek w pu\u0142awach (1).pdf\" target=\"_blank\" rel=\"noopener\">cz\u0119\u015b\u0107 1<\/a><\/strong> | cz\u0119\u015b\u0107 2 | cz\u0119\u015b\u0107 3<\/li>\n<li><a href=\"http:\/\/muzeumpamieci.umk.pl\/wp-content\/uploads\/2021\/06\/1841 statuta towarzystwa zbieracz\u00f3w staro\u017ctno\u015bci.pdf\" target=\"_blank\" rel=\"noopener\"><em><strong>Statuta Towarzystwa zbieracz\u00f3w staro\u017cytno\u015bci krajowych<\/strong><\/em><\/a>, 1841<\/li>\n<li>Wincenty Pol, <strong><a href=\"http:\/\/muzeumpamieci.umk.pl\/wp-content\/uploads\/2021\/06\/1847 wincenty pol projekt muzeum natury we lwowie 1.pdf\" target=\"_blank\" rel=\"noopener\" data-wplink-url-error=\"true\"><em>Muzeum natury we Lwowie<\/em><\/a><\/strong>, 1847<\/li>\n<li>[J\u00f3zef Majer, J\u00f3zef Kremer], <strong><a href=\"http:\/\/muzeumpamieci.umk.pl\/wp-content\/uploads\/2021\/06\/1850 odezwa tnk i uj ze skaz\u00f3wk\u0105.pdf\" target=\"_blank\" rel=\"noopener\"><em>Odezwa Towarzystwa Naukowego z Uniwersytetem Jagiello\u0144skim po\u0142\u0105czonego w celu archeologicznych poszukiwa\u0144, wraz ze skaz\u00f3wk\u0105 <\/em><em>mog\u0105c\u0105 pos\u0142u\u017cy\u0107 za przewodnika w poszukiwaniach tego rodzaju<\/em><\/a><\/strong>, 1850<\/li>\n<li>[J\u00f3zef Ignacy Kraszewski],<strong> <a href=\"http:\/\/muzeumpamieci.umk.pl\/wp-content\/uploads\/2021\/06\/1870 uroczysto\u015b\u0107 otwarcia muzeum w rapperswilu.pdf\" target=\"_blank\" rel=\"noopener\"><em>Uroczysto\u015b\u0107 otwarcia Muzeum Historyczno-Polskiego w Rapperswyl<\/em><\/a><\/strong>, 1870<\/li>\n<li>Zygmunt Dzia\u0142owski, <strong><a href=\"http:\/\/muzeumpamieci.umk.pl\/wp-content\/uploads\/2021\/06\/1876 dzia\u0142owski mowa na otwarcie muzeum tnt.pdf\" target=\"_blank\" rel=\"noopener\"><em>Mowa na otwarcie Muzeum Towarzystwa Naukowego w Toruniu<\/em><\/a><\/strong>, 1876<\/li>\n<li>Teodor Ziemi\u0119cki, <a href=\"http:\/\/muzeumpamieci.umk.pl\/wp-content\/uploads\/2021\/06\/1878 ziemi\u0119cki muzeum narodowe w krakowie.pdf\" target=\"_blank\" rel=\"noopener\"><em><strong>Muzeum Narodowe w Krakowie<\/strong><\/em><\/a>, 1878<\/li>\n<li>Teodor Ziemi\u0119cki, <strong><a href=\"http:\/\/muzeumpamieci.umk.pl\/wp-content\/uploads\/2021\/06\/1879 ziemi\u0119cki zamek na wawelu i muzeum narodowe.pdf\" target=\"_blank\" rel=\"noopener\"><em>Zamek na Wawelu i Muzeum Narodowe<\/em><\/a><\/strong>, 1879<\/li>\n<li>Wawrzyniec Benzelstjerna Engestr\u00f6m, <em>Kilka s\u0142\u00f3w o Edwardzie Rastawieckim i rzeczywistym znaczeniu naszej galeryi narodowej w Poznaniu<\/em>, 1882, \u017ar\u00f3d\u0142o: <strong><a href=\"https:\/\/www.wbc.poznan.pl\/dlibra\/publication\/12285\/edition\/19892?language=pl\" target=\"_blank\" rel=\"noopener\">Wielkopolska Biblioteka Cyfrowa<\/a><\/strong><\/li>\n<\/ul>\n<p><span style=\"text-decoration: underline;\">TOM II<\/span><\/p>\n<ul>\n<li>[OO. Jan Hoszowski, Ignacy Chojnacki, Micha\u0142 Dobrianski], <strong><a href=\"http:\/\/muzeumpamieci.umk.pl\/wp-content\/uploads\/2021\/06\/1882 statut cerkiewno-archeologicznego muzeum w che\u0142mie.pdf\" target=\"_blank\" rel=\"noopener\"><em>Statut cerkiewno-archeologicznego muzeum Prawos\u0142awnego Bractwa \u015awi\u0119to-Bogurodzickiego w Che\u0142mie<\/em><\/a><\/strong>, 1882<\/li>\n<li><strong><a href=\"http:\/\/muzeumpamieci.umk.pl\/wp-content\/uploads\/2021\/06\/1893 statut ordynacji rodziny xx czartoryskich na go\u0142uchowie.pdf\" target=\"_blank\" rel=\"noopener\"><em>Statut ordynacji rodziny ksi\u0105\u017c\u0105t Czartoryskich na Go\u0142uchowie<\/em><\/a><\/strong>, 1893<\/li>\n<li>Ludwig Kaemmerer, <em><a href=\"http:\/\/muzeumpamieci.umk.pl\/wp-content\/uploads\/2021\/06\/1904 kaemerer muzeum cesarza fryderyka w poznaniu.pdf\" target=\"_blank\" rel=\"noopener\"><strong>Muzeum Cesarza Fryderyka w Poznaniu<\/strong>,<\/a><\/em>&nbsp;1904<\/li>\n<li>\u0406\u0432\u0430\u043d \u0422\u0440\u0443\u0448, <strong><a href=\"http:\/\/muzeumpamieci.umk.pl\/wp-content\/uploads\/2021\/06\/1905 trusz potrzeba ukrai\u0144skiego muzeum.pdf\" target=\"_blank\" rel=\"noopener\"><em>Potrzeba ukrai\u0144skiego muzeum<\/em><\/a><\/strong>, 1905<\/li>\n<li>Feliks Jasie\u0144ski, <strong><a href=\"http:\/\/muzeumpamieci.umk.pl\/wp-content\/uploads\/2021\/06\/1906 manggha-jasie\u0144ski przewodnik po dziale japo\u0144skim.pdf\" target=\"_blank\" rel=\"noopener\"><em>Przewodnik po dziale japo\u0144skim Oddzia\u0142u Muzeum Narodowego<\/em><\/a><\/strong>, 1906<\/li>\n<li>Stanis\u0142aw Wyspia\u0144ski i W\u0142adys\u0142aw Ekielski, <strong><a href=\"http:\/\/muzeumpamieci.umk.pl\/wp-content\/uploads\/2021\/06\/1908 wyspia\u0144ski ekielski akropolis.pdf\" target=\"_blank\" rel=\"noopener\"><em>Akropolis. Projekt zabudowania Wawelu<\/em><\/a><\/strong>, 1908<\/li>\n<li>Aleksander Maciesza, <em>Zasady organizacji muze\u00f3w krajoznawczych<\/em>, 1910, <a href=\"http:\/\/muzeumpamieci.umk.pl\/wp-content\/uploads\/2021\/06\/1910 Maciesza Zasady organizacji muze\u00f3w 1. Ziemia_NR_35_1910, s. 549-551.pdf\" target=\"_blank\" rel=\"noopener\"><strong>cz\u0119\u015b\u0107 1<\/strong><\/a> | <a href=\"http:\/\/muzeumpamieci.umk.pl\/wp-content\/uploads\/2021\/06\/1910 Maciesza Zasady organizacji muze\u00f3w 2. Ziemia_NR_36_1910, s. 561-563.pdf\" target=\"_blank\" rel=\"noopener\"><strong>cz\u0119\u015b\u0107 2<\/strong><\/a><\/li>\n<li>Stefan Stobiecki,<a href=\"http:\/\/muzeumpamieci.umk.pl\/wp-content\/uploads\/2021\/06\/1910 Stobiecki w sprawie krajowego muzeum przyrodniczego (1).pdf\" target=\"_blank\" rel=\"noopener\"><strong><em> W sprawie krajowego muzeum przyrodniczego<\/em><\/strong><\/a>, 1910<\/li>\n<li>Stefan Stobiecki, <a href=\"http:\/\/muzeumpamieci.umk.pl\/wp-content\/uploads\/2021\/06\/1910 Stobiecki w sprawie krajowego muzeum przyrodniczego (2).pdf\" target=\"_blank\" rel=\"noopener\"><strong><em>W sprawie krajowego muzeum przyrodniczego. Cz. 2. Program muzeum i projekt regulaminu muzealnego<\/em><\/strong><\/a>, 1912<\/li>\n<li>Aniela Chmieli\u0144ska, <a href=\"http:\/\/muzeumpamieci.umk.pl\/wp-content\/uploads\/2021\/06\/1913 chmieli\u0144ska w jakim celu tworzymy muzeum w \u0142owiczu.pdf\" target=\"_blank\" rel=\"noopener\"><strong><em>W jakim celu tworzymy muzeum w \u0141owiczu?<\/em><\/strong><\/a>, 1913<\/li>\n<li>Zenon Przesmycki \u201eMiriam\u201d, <strong><a href=\"http:\/\/muzeumpamieci.umk.pl\/wp-content\/uploads\/2021\/06\/1914 przesmycki pro arte.pdf\" target=\"_blank\" rel=\"noopener\"><em>Pro arte<\/em><\/a><\/strong>, 1914<\/li>\n<li>Mieczys\u0142aw Treter, <strong><a href=\"http:\/\/muzeumpamieci.umk.pl\/wp-content\/uploads\/2021\/06\/1914 treter w sprawie polskiego muzeum wojny.pdf\" target=\"_blank\" rel=\"noopener\"><em>W sprawie polskiego Muzeum wojny<\/em><\/a><\/strong>, 1914<\/li>\n<li>Eligiusz Niewiadomski, <strong><a href=\"http:\/\/muzeumpamieci.umk.pl\/wp-content\/uploads\/2021\/06\/1915 niewiadomski przysz\u0142e muzea warszawy.pdf\" target=\"_blank\" rel=\"noopener\"><em>Przysz\u0142e muzea Warszawy<\/em><\/a><\/strong>, 1915<\/li>\n<li>Maciej Szukiewicz, <strong><em><a href=\"http:\/\/muzeumpamieci.umk.pl\/wp-content\/uploads\/2021\/06\/1917-szukiewicz-muzeum-teatralne-im.-s.-wyspianskiego-projekt.pdf\" target=\"_blank\" rel=\"noopener\">Muzeum teatralne im. Stanis\u0142awa Wyspia\u0144skiego<\/a><\/em><\/strong>&nbsp;(projekt), 1917<\/li>\n<li>Mieczys\u0142aw Treter, <em>Muzea wsp\u00f3\u0142czesne<\/em>, 1917, \u017ar\u00f3d\u0142o: <a href=\"https:\/\/polona.pl\/item\/muzea-wspolczesne-studium-muzeologiczne-poczatki-rodzaje,NDcyNjYxOTQ\/4\/#item\" target=\"_blank\" rel=\"noopener\"><strong>POLONA<\/strong><\/a><\/li>\n<\/ul>\n\n\n<hr class=\"wp-block-separator\"\/>\n\n\n\n<div class=\"wp-block-buttons is-content-justification-center is-layout-flex wp-block-buttons-is-layout-flex\">\n<div class=\"wp-block-button\"><a class=\"wp-block-button__link\" href=\"http:\/\/muzeumpamieci.umk.pl\/?page_id=63\">WYDAWNICTWA<\/a><\/div>\n<\/div>\n\n\n\n<hr class=\"wp-block-separator\"\/>\n","protected":false},"excerpt":{"rendered":"<p>Antologia tekst\u00f3w muzeologicznych stanowi jeden z element\u00f3w programu badawczego &#8222;Muzeum w polskiej kulturze pami\u0119ci do 1918 r.&#8221;&nbsp; Antologia obejmuje teksty najwcze\u015bniejsze, powsta\u0142e w pierwszym okresie dziej\u00f3w muzealnictwa na obszarze Rzeczpospolitej, od XVIII wieku, zanim jeszcze wesz\u0142o ono w faz\u0119 instytucjonaln\u0105 i wytworzy\u0142o swoj\u0105 struktur\u0119 organizacyjn\u0105, do chwili odrodzenia polskiej pa\u0144stwowo\u015bci w roku 1918. TOM I&hellip; <\/p>\n","protected":false},"author":1,"featured_media":0,"parent":0,"menu_order":0,"comment_status":"closed","ping_status":"closed","template":"","meta":{"footnotes":""},"class_list":["post-7362","page","type-page","status-publish","hentry"],"aioseo_notices":[],"_links":{"self":[{"href":"https:\/\/muzeumpamieci.umk.pl\/index.php?rest_route=\/wp\/v2\/pages\/7362","targetHints":{"allow":["GET"]}}],"collection":[{"href":"https:\/\/muzeumpamieci.umk.pl\/index.php?rest_route=\/wp\/v2\/pages"}],"about":[{"href":"https:\/\/muzeumpamieci.umk.pl\/index.php?rest_route=\/wp\/v2\/types\/page"}],"author":[{"embeddable":true,"href":"https:\/\/muzeumpamieci.umk.pl\/index.php?rest_route=\/wp\/v2\/users\/1"}],"replies":[{"embeddable":true,"href":"https:\/\/muzeumpamieci.umk.pl\/index.php?rest_route=%2Fwp%2Fv2%2Fcomments&post=7362"}],"version-history":[{"count":13,"href":"https:\/\/muzeumpamieci.umk.pl\/index.php?rest_route=\/wp\/v2\/pages\/7362\/revisions"}],"predecessor-version":[{"id":7472,"href":"https:\/\/muzeumpamieci.umk.pl\/index.php?rest_route=\/wp\/v2\/pages\/7362\/revisions\/7472"}],"wp:attachment":[{"href":"https:\/\/muzeumpamieci.umk.pl\/index.php?rest_route=%2Fwp%2Fv2%2Fmedia&parent=7362"}],"curies":[{"name":"wp","href":"https:\/\/api.w.org\/{rel}","templated":true}]}}