{"id":6366,"date":"2020-06-04T09:33:38","date_gmt":"2020-06-04T07:33:38","guid":{"rendered":"http:\/\/muzeumpamieci.umk.pl\/?page_id=6366"},"modified":"2021-12-12T12:56:10","modified_gmt":"2021-12-12T11:56:10","slug":"mc-appendix","status":"publish","type":"page","link":"https:\/\/muzeumpamieci.umk.pl\/?page_id=6366","title":{"rendered":"Muzeologia cyfrowa: Appendix"},"content":{"rendered":"\n<p class=\"is-style-default\">Za\u0142\u0105cznik internetowy do publikacji <strong><em><a href=\"http:\/\/muzeumpamieci.umk.pl\/?page_id=63#ksiazka4\">Muzeologia cyfrowa. Muzeum i narz\u0119dzia cyfrowe humanistyki<\/a><\/em><\/strong>, red. Ma\u0142gorzata Baka, Toru\u0144: Wydawnictwo Naukowe Uniwersytetu Miko\u0142aja Kopernika, 2020, ss. 230, ISBN:&nbsp; 978-83-231-4426-7&nbsp;<\/p>\n\n\n\n<p class=\"has-cyan-bluish-gray-background-color has-background\"><a href=\"http:\/\/muzeumpamieci.umk.pl\/?page_id=6899\" title=\"http:\/\/muzeumpamieci.umk.pl\/?page_id=6899\"><strong>Bibliografia do muzeologii cyfrowej<\/strong><br><\/a><br><strong><a href=\"http:\/\/muzeumpamieci.umk.pl\/?page_id=8064\">S\u0142ownik<\/a><\/strong><br><br><strong><a href=\"http:\/\/muzeumpamieci.umk.pl\/?page_id=8096\" title=\"http:\/\/muzeumpamieci.umk.pl\/?page_id=8096\">Mapa o\u015brodk\u00f3w muzeologii cyfrowej na \u015bwiecie<\/a><\/strong><\/p>\n\n\n\n<hr class=\"wp-block-separator\"\/>\n\n\n\n<p><\/p>\n","protected":false},"excerpt":{"rendered":"<p>Za\u0142\u0105cznik internetowy do publikacji Muzeologia cyfrowa. Muzeum i narz\u0119dzia cyfrowe humanistyki, red. Ma\u0142gorzata Baka, Toru\u0144: Wydawnictwo Naukowe Uniwersytetu Miko\u0142aja Kopernika, 2020, ss. 230, ISBN:&nbsp; 978-83-231-4426-7&nbsp; Bibliografia do muzeologii cyfrowejS\u0142ownik Mapa o\u015brodk\u00f3w muzeologii cyfrowej na \u015bwiecie<\/p>\n","protected":false},"author":5,"featured_media":9214,"parent":6314,"menu_order":0,"comment_status":"closed","ping_status":"closed","template":"","meta":{"footnotes":""},"class_list":["post-6366","page","type-page","status-publish","has-post-thumbnail","hentry"],"aioseo_notices":[],"_links":{"self":[{"href":"https:\/\/muzeumpamieci.umk.pl\/index.php?rest_route=\/wp\/v2\/pages\/6366","targetHints":{"allow":["GET"]}}],"collection":[{"href":"https:\/\/muzeumpamieci.umk.pl\/index.php?rest_route=\/wp\/v2\/pages"}],"about":[{"href":"https:\/\/muzeumpamieci.umk.pl\/index.php?rest_route=\/wp\/v2\/types\/page"}],"author":[{"embeddable":true,"href":"https:\/\/muzeumpamieci.umk.pl\/index.php?rest_route=\/wp\/v2\/users\/5"}],"replies":[{"embeddable":true,"href":"https:\/\/muzeumpamieci.umk.pl\/index.php?rest_route=%2Fwp%2Fv2%2Fcomments&post=6366"}],"version-history":[{"count":8,"href":"https:\/\/muzeumpamieci.umk.pl\/index.php?rest_route=\/wp\/v2\/pages\/6366\/revisions"}],"predecessor-version":[{"id":9266,"href":"https:\/\/muzeumpamieci.umk.pl\/index.php?rest_route=\/wp\/v2\/pages\/6366\/revisions\/9266"}],"up":[{"embeddable":true,"href":"https:\/\/muzeumpamieci.umk.pl\/index.php?rest_route=\/wp\/v2\/pages\/6314"}],"wp:featuredmedia":[{"embeddable":true,"href":"https:\/\/muzeumpamieci.umk.pl\/index.php?rest_route=\/wp\/v2\/media\/9214"}],"wp:attachment":[{"href":"https:\/\/muzeumpamieci.umk.pl\/index.php?rest_route=%2Fwp%2Fv2%2Fmedia&parent=6366"}],"curies":[{"name":"wp","href":"https:\/\/api.w.org\/{rel}","templated":true}]}}