{"id":6362,"date":"2020-06-04T09:30:09","date_gmt":"2020-06-04T07:30:09","guid":{"rendered":"http:\/\/muzeumpamieci.umk.pl\/?page_id=6362"},"modified":"2021-12-12T13:12:10","modified_gmt":"2021-12-12T12:12:10","slug":"mc-ewelina-bednarz-doiczmanowa-niderlandzka-kultura-cyfrowa","status":"publish","type":"page","link":"https:\/\/muzeumpamieci.umk.pl\/?page_id=6362","title":{"rendered":"Niderlandzka kultura cyfrowa"},"content":{"rendered":"\n<hr class=\"wp-block-separator\"\/>\n\n\n\n<p class=\"has-cyan-bluish-gray-background-color has-background\" style=\"font-size:12px\"><em><a href=\"http:\/\/muzeumpamieci.umk.pl\/?page_id=63#ksiazka4\">Muzeologia cyfrowa. Muzeum i narz\u0119dzia cyfrowe humanistyki<\/a><\/em> | red. Ma\u0142gorzata Baka<br>Toru\u0144: Wydawnictwo Naukowe Uniwersytetu Miko\u0142aja Kopernika, 2020<br>ss. 230, ISBN:\u00a0 978-83-231-4426-7 | DOI: <\/p>\n\n\n\n<hr class=\"wp-block-separator\"\/>\n\n\n\n<p style=\"font-size:24px\"><strong>Niderlandzka kultura cyfrowa<br><\/strong>Digital Dutch Culture | <\/p>\n\n\n<style>#kt-layout-id_077010-d5 > .kt-row-column-wrap{align-content:start;}:where(#kt-layout-id_077010-d5 > .kt-row-column-wrap) > .wp-block-kadence-column{justify-content:start;}#kt-layout-id_077010-d5 > .kt-row-column-wrap{column-gap:var(--global-kb-gap-none, 0rem );row-gap:var(--global-kb-gap-md, 2rem);padding-top:var( --global-kb-row-default-top, 25px );padding-bottom:var( --global-kb-row-default-bottom, 25px );padding-top:0px;padding-bottom:0px;grid-template-columns:minmax(0, calc(40% - ((var(--global-kb-gap-none, 0rem ) * 2 )\/3)))minmax(0, calc(25% - ((var(--global-kb-gap-none, 0rem ) * 2 )\/3)))minmax(0, calc(35% - ((var(--global-kb-gap-none, 0rem ) * 2 )\/3)));}#kt-layout-id_077010-d5 > .kt-row-layout-overlay{opacity:0.30;}@media all and (max-width: 1024px){#kt-layout-id_077010-d5 > .kt-row-column-wrap > div:not(.added-for-specificity){grid-column:initial;}}@media all and (max-width: 1024px){#kt-layout-id_077010-d5 > .kt-row-column-wrap{grid-template-columns:repeat(3, minmax(0, 1fr));}}@media all and (max-width: 767px){#kt-layout-id_077010-d5 > .kt-row-column-wrap > div:not(.added-for-specificity){grid-column:initial;}#kt-layout-id_077010-d5 > .kt-row-column-wrap{grid-template-columns:minmax(0, 1fr);}}<\/style>\n<div class=\"wp-block-kadence-rowlayout alignnone\"><div id=\"kt-layout-id_077010-d5\" class=\"kt-row-layout-inner kt-layout-id_077010-d5\"><div class=\"kt-row-column-wrap kt-has-3-columns kt-gutter-none kt-v-gutter-default kt-row-valign-top kt-row-layout-equal kt-tab-layout-inherit kt-m-colapse-left-to-right kt-mobile-layout-row  kt-custom-first-width-40  kt-custom-second-width-25  kt-custom-third-width-35\"><style>.kadence-column_508d5d-7f > .kt-inside-inner-col{border-top-width:0px;border-right-width:0px;border-bottom-width:0px;border-left-width:0px;}.kadence-column_508d5d-7f > .kt-inside-inner-col,.kadence-column_508d5d-7f > .kt-inside-inner-col:before{border-top-left-radius:0px;border-top-right-radius:0px;border-bottom-right-radius:0px;border-bottom-left-radius:0px;}.kadence-column_508d5d-7f > .kt-inside-inner-col{column-gap:var(--global-kb-gap-sm, 1rem);}.kadence-column_508d5d-7f > .kt-inside-inner-col{flex-direction:column;}.kadence-column_508d5d-7f > .kt-inside-inner-col > .aligncenter{width:100%;}.kadence-column_508d5d-7f > .kt-inside-inner-col:before{opacity:0.3;}.kadence-column_508d5d-7f{position:relative;}@media all and (max-width: 1024px){.kadence-column_508d5d-7f > .kt-inside-inner-col{flex-direction:column;justify-content:center;}}@media all and (max-width: 767px){.kadence-column_508d5d-7f > .kt-inside-inner-col{flex-direction:column;justify-content:center;}}<\/style>\n<div class=\"wp-block-kadence-column inner-column-1 kadence-column_508d5d-7f\"><div class=\"kt-inside-inner-col\">\n<p class=\"has-medium-font-size\"><strong>Ewelina Bednarz<\/strong><\/p>\n\n\n\n<p style=\"font-size:12px\">Katedra Zabytkoznawstwa i Muzealnictwa<br>Uniwersytet Miko\u0142aja Kopernika w Toruniu<\/p>\n<\/div><\/div>\n\n\n<style>.kadence-column_a64071-2e > .kt-inside-inner-col{border-top-width:0px;border-right-width:0px;border-bottom-width:0px;border-left-width:0px;}.kadence-column_a64071-2e > .kt-inside-inner-col,.kadence-column_a64071-2e > .kt-inside-inner-col:before{border-top-left-radius:0px;border-top-right-radius:0px;border-bottom-right-radius:0px;border-bottom-left-radius:0px;}.kadence-column_a64071-2e > .kt-inside-inner-col{column-gap:var(--global-kb-gap-sm, 1rem);}.kadence-column_a64071-2e > .kt-inside-inner-col{flex-direction:column;}.kadence-column_a64071-2e > .kt-inside-inner-col > .aligncenter{width:100%;}.kadence-column_a64071-2e > .kt-inside-inner-col:before{opacity:0.3;}.kadence-column_a64071-2e{position:relative;}@media all and (max-width: 1024px){.kadence-column_a64071-2e > .kt-inside-inner-col{flex-direction:column;justify-content:center;}}@media all and (max-width: 767px){.kadence-column_a64071-2e > .kt-inside-inner-col{flex-direction:column;justify-content:center;}}<\/style>\n<div class=\"wp-block-kadence-column inner-column-2 kadence-column_a64071-2e\"><div class=\"kt-inside-inner-col\">\n<p class=\"has-text-align-left\" style=\"font-size:12px\"><\/p>\n<\/div><\/div>\n\n\n<style>.kadence-column_3800ce-59 > .kt-inside-inner-col{border-top-width:0px;border-right-width:0px;border-bottom-width:0px;border-left-width:0px;}.kadence-column_3800ce-59 > .kt-inside-inner-col,.kadence-column_3800ce-59 > .kt-inside-inner-col:before{border-top-left-radius:0px;border-top-right-radius:0px;border-bottom-right-radius:0px;border-bottom-left-radius:0px;}.kadence-column_3800ce-59 > .kt-inside-inner-col{column-gap:var(--global-kb-gap-sm, 1rem);}.kadence-column_3800ce-59 > .kt-inside-inner-col{flex-direction:column;}.kadence-column_3800ce-59 > .kt-inside-inner-col > .aligncenter{width:100%;}.kadence-column_3800ce-59 > .kt-inside-inner-col:before{opacity:0.3;}.kadence-column_3800ce-59{position:relative;}@media all and (max-width: 1024px){.kadence-column_3800ce-59 > .kt-inside-inner-col{flex-direction:column;justify-content:center;}}@media all and (max-width: 767px){.kadence-column_3800ce-59 > .kt-inside-inner-col{flex-direction:column;justify-content:center;}}<\/style>\n<div class=\"wp-block-kadence-column inner-column-3 kadence-column_3800ce-59\"><div class=\"kt-inside-inner-col\">\n<p class=\"has-text-align-right\" style=\"font-size:12px\"><strong>S\u0142owa kluczowe: <\/strong><\/p>\n\n\n\n<p class=\"has-text-align-right\" style=\"font-size:12px\">digitalizacja, historia sztuki, Holandia, kultura cyfrowa, LIMA, muzeologia cyfrowa,<br>muzeum, Niderlandy, Rijkstudio<\/p>\n<\/div><\/div>\n<\/div><\/div><\/div>\n\n\n\n<hr class=\"wp-block-separator\"\/>\n\n\n<style>.kt-tabs-id_5a879a-84 > .kt-tabs-content-wrap > .wp-block-kadence-tab{border-top-width:3px;border-right-width:0px;border-bottom-width:0px;border-left-width:0px;border-color:#0a6689;border-top-left-radius:0px;border-top-right-radius:0px;border-bottom-right-radius:0px;border-bottom-left-radius:0px;padding-top:var(--global-kb-spacing-sm, 1.5rem);padding-right:var(--global-kb-spacing-sm, 1.5rem);padding-bottom:var(--global-kb-spacing-sm, 1.5rem);padding-left:var(--global-kb-spacing-sm, 1.5rem);background:#ffffff;}.wp-block-kadence-tabs .kt-tabs-id_5a879a-84 > .kt-tabs-title-list li{margin-top:0px;margin-right:8px;margin-bottom:0px;margin-left:0px;}.wp-block-kadence-tabs .kt-tabs-id_5a879a-84 > .kt-tabs-title-list li:last-child{margin-right:0px;}.wp-block-kadence-tabs .kt-tabs-id_5a879a-84 > .kt-tabs-title-list li .kt-tab-title, .wp-block-kadence-tabs .kt-tabs-id_5a879a-84 > .kt-tabs-content-wrap > .kt-tabs-accordion-title .kt-tab-title{line-height:1.4em;font-weight:regular;font-style:normal;border-top-width:0px;border-right-width:0px;border-bottom-width:0px;border-left-width:0px;border-top-left-radius:4px;border-top-right-radius:4px;border-bottom-right-radius:0px;border-bottom-left-radius:0px;padding-top:8px;padding-right:20px;padding-bottom:8px;padding-left:20px;border-color:#eeeeee;color:#222222;background:#eeeeee;}.wp-block-kadence-tabs .kt-tabs-id_5a879a-84 > .kt-tabs-content-wrap > .kt-tabs-accordion-title .kt-tab-title{margin-top:0px;margin-right:8px;margin-bottom:0px;margin-left:0px;}.wp-block-kadence-tabs .kt-tabs-id_5a879a-84 > .kt-tabs-title-list li .kt-tab-title:hover, .wp-block-kadence-tabs .kt-tabs-id_5a879a-84 > .kt-tabs-content-wrap > .kt-tabs-accordion-title .kt-tab-title:hover{border-color:#eeeeee;color:#222222;background:#e2e2e2;}.wp-block-kadence-tabs .kt-tabs-id_5a879a-84 > .kt-tabs-title-list li.kt-tab-title-active .kt-tab-title, .wp-block-kadence-tabs .kt-tabs-id_5a879a-84 > .kt-tabs-content-wrap > .kt-tabs-accordion-title.kt-tab-title-active .kt-tab-title{border-color:#eeeeee;color:#ffffff;background:#0a6689;}<\/style>\n<div class=\"wp-block-kadence-tabs alignnone\"><div class=\"kt-tabs-wrap kt-tabs-id_5a879a-84 kt-tabs-has-4-tabs kt-active-tab-4 kt-tabs-layout-tabs kt-tabs-tablet-layout-inherit kt-tabs-mobile-layout-inherit kt-tab-alignment-left \" style=\"max-width:none\"><ul class=\"kt-tabs-title-list\"><li id=\"tab-artyku\" class=\"kt-title-item kt-title-item-1 kt-tabs-svg-show-always kt-tabs-icon-side-right kt-tab-title-inactive\"><a href=\"#tab-artyku\" data-tab=\"1\" class=\"kt-tab-title kt-tab-title-1 \"><span class=\"kt-title-text\">ARTYKU\u0141<\/span><\/a><\/li><li id=\"tab-streszczenie\" class=\"kt-title-item kt-title-item-2 kt-tabs-svg-show-always kt-tabs-icon-side-right kt-tab-title-inactive\"><a href=\"#tab-streszczenie\" data-tab=\"2\" class=\"kt-tab-title kt-tab-title-2 \"><span class=\"kt-title-text\">STRESZCZENIE<\/span><\/a><\/li><li id=\"tab-bibliografia\" class=\"kt-title-item kt-title-item-3 kt-tabs-svg-show-always kt-tabs-icon-side-right kt-tab-title-inactive\"><a href=\"#tab-bibliografia\" data-tab=\"3\" class=\"kt-tab-title kt-tab-title-3 \"><span class=\"kt-title-text\">BIBLIOGRAFIA<\/span><\/a><\/li><li id=\"tab-oautorce\" class=\"kt-title-item kt-title-item-4 kt-tabs-svg-show-always kt-tabs-icon-side-right kt-tab-title-active\"><a href=\"#tab-oautorce\" data-tab=\"4\" class=\"kt-tab-title kt-tab-title-4 \"><span class=\"kt-title-text\">O AUTORCE<\/span><\/a><\/li><\/ul><div class=\"kt-tabs-content-wrap\">\n<div class=\"wp-block-kadence-tab kt-tab-inner-content kt-inner-tab-1 kt-inner-tab_b914ca-07\"><div class=\"kt-tab-inner-content-inner\"><\/div><\/div>\n\n\n\n<div class=\"wp-block-kadence-tab kt-tab-inner-content kt-inner-tab-2 kt-inner-tab_e80c81-34\"><div class=\"kt-tab-inner-content-inner\"><\/div><\/div>\n\n\n\n<div class=\"wp-block-kadence-tab kt-tab-inner-content kt-inner-tab-3 kt-inner-tab_9aa0ed-b2\"><div class=\"kt-tab-inner-content-inner\"><\/div><\/div>\n\n\n\n<div class=\"wp-block-kadence-tab kt-tab-inner-content kt-inner-tab-4 kt-inner-tab_f1de42-e6\"><div class=\"kt-tab-inner-content-inner\"><\/div><\/div>\n<\/div><\/div><\/div>\n\n\n\n<hr class=\"wp-block-separator\"\/>\n\n\n<div class=\"aioseo-breadcrumbs\"><span class=\"aioseo-breadcrumb\">\n\t\t\t<a href=\"https:\/\/muzeumpamieci.umk.pl\" title=\"Home\">Home<\/a>\n\t\t<\/span><span class=\"aioseo-breadcrumb-separator\">&raquo;<\/span><span class=\"aioseo-breadcrumb\">\n\t\t\t<a href=\"https:\/\/muzeumpamieci.umk.pl\/?page_id=22\" title=\"REPOZYTORIUM\">REPOZYTORIUM<\/a>\n\t\t<\/span><span class=\"aioseo-breadcrumb-separator\">&raquo;<\/span><span class=\"aioseo-breadcrumb\">\n\t\t\t<a href=\"https:\/\/muzeumpamieci.umk.pl\/?page_id=63\" title=\"WYDAWNICTWA\">WYDAWNICTWA<\/a>\n\t\t<\/span><span class=\"aioseo-breadcrumb-separator\">&raquo;<\/span><span class=\"aioseo-breadcrumb\">\n\t\t\t<a href=\"https:\/\/muzeumpamieci.umk.pl\/?page_id=6314\" title=\"Muzeologia cyfrowa: Muzeum i narz\u0119dzia cyfrowe humanistyki\">Muzeologia cyfrowa: Muzeum i narz\u0119dzia cyfrowe humanistyki<\/a>\n\t\t<\/span><span class=\"aioseo-breadcrumb-separator\">&raquo;<\/span><span class=\"aioseo-breadcrumb\">\n\t\t\tNiderlandzka kultura cyfrowa\n\t\t<\/span><\/div>","protected":false},"excerpt":{"rendered":"<p>Muzeologia cyfrowa. Muzeum i narz\u0119dzia cyfrowe humanistyki | red. Ma\u0142gorzata BakaToru\u0144: Wydawnictwo Naukowe Uniwersytetu Miko\u0142aja Kopernika, 2020ss. 230, ISBN:\u00a0 978-83-231-4426-7 | DOI: Niderlandzka kultura cyfrowaDigital Dutch Culture | Ewelina Bednarz Katedra Zabytkoznawstwa i MuzealnictwaUniwersytet Miko\u0142aja Kopernika w Toruniu S\u0142owa kluczowe: digitalizacja, historia sztuki, Holandia, kultura cyfrowa, LIMA, muzeologia cyfrowa,muzeum, Niderlandy, Rijkstudio<\/p>\n","protected":false},"author":5,"featured_media":9214,"parent":6314,"menu_order":0,"comment_status":"closed","ping_status":"closed","template":"","meta":{"footnotes":""},"class_list":["post-6362","page","type-page","status-publish","has-post-thumbnail","hentry"],"aioseo_notices":[],"_links":{"self":[{"href":"https:\/\/muzeumpamieci.umk.pl\/index.php?rest_route=\/wp\/v2\/pages\/6362","targetHints":{"allow":["GET"]}}],"collection":[{"href":"https:\/\/muzeumpamieci.umk.pl\/index.php?rest_route=\/wp\/v2\/pages"}],"about":[{"href":"https:\/\/muzeumpamieci.umk.pl\/index.php?rest_route=\/wp\/v2\/types\/page"}],"author":[{"embeddable":true,"href":"https:\/\/muzeumpamieci.umk.pl\/index.php?rest_route=\/wp\/v2\/users\/5"}],"replies":[{"embeddable":true,"href":"https:\/\/muzeumpamieci.umk.pl\/index.php?rest_route=%2Fwp%2Fv2%2Fcomments&post=6362"}],"version-history":[{"count":20,"href":"https:\/\/muzeumpamieci.umk.pl\/index.php?rest_route=\/wp\/v2\/pages\/6362\/revisions"}],"predecessor-version":[{"id":9268,"href":"https:\/\/muzeumpamieci.umk.pl\/index.php?rest_route=\/wp\/v2\/pages\/6362\/revisions\/9268"}],"up":[{"embeddable":true,"href":"https:\/\/muzeumpamieci.umk.pl\/index.php?rest_route=\/wp\/v2\/pages\/6314"}],"wp:featuredmedia":[{"embeddable":true,"href":"https:\/\/muzeumpamieci.umk.pl\/index.php?rest_route=\/wp\/v2\/media\/9214"}],"wp:attachment":[{"href":"https:\/\/muzeumpamieci.umk.pl\/index.php?rest_route=%2Fwp%2Fv2%2Fmedia&parent=6362"}],"curies":[{"name":"wp","href":"https:\/\/api.w.org\/{rel}","templated":true}]}}