{"id":6359,"date":"2020-06-04T09:29:01","date_gmt":"2020-06-04T07:29:01","guid":{"rendered":"http:\/\/muzeumpamieci.umk.pl\/?page_id=6359"},"modified":"2021-12-12T13:01:53","modified_gmt":"2021-12-12T12:01:53","slug":"mc-anna-kornelia-jedrzejewska-narzedzia-cyfrowe-do-badan-nad-dziejami-piernikarstwa","status":"publish","type":"page","link":"https:\/\/muzeumpamieci.umk.pl\/?page_id=6359","title":{"rendered":"MC: Anna Kornelia J\u0119drzejewska | Narz\u0119dzia cyfrowe do bada\u0144 nad dziejami piernikarstwa"},"content":{"rendered":"\n<p class=\"has-cyan-bluish-gray-background-color has-background\">w budowie<\/p>\n","protected":false},"excerpt":{"rendered":"<p>w budowie<\/p>\n","protected":false},"author":5,"featured_media":9214,"parent":6314,"menu_order":0,"comment_status":"closed","ping_status":"closed","template":"","meta":{"footnotes":""},"class_list":["post-6359","page","type-page","status-publish","has-post-thumbnail","hentry"],"aioseo_notices":[],"_links":{"self":[{"href":"https:\/\/muzeumpamieci.umk.pl\/index.php?rest_route=\/wp\/v2\/pages\/6359","targetHints":{"allow":["GET"]}}],"collection":[{"href":"https:\/\/muzeumpamieci.umk.pl\/index.php?rest_route=\/wp\/v2\/pages"}],"about":[{"href":"https:\/\/muzeumpamieci.umk.pl\/index.php?rest_route=\/wp\/v2\/types\/page"}],"author":[{"embeddable":true,"href":"https:\/\/muzeumpamieci.umk.pl\/index.php?rest_route=\/wp\/v2\/users\/5"}],"replies":[{"embeddable":true,"href":"https:\/\/muzeumpamieci.umk.pl\/index.php?rest_route=%2Fwp%2Fv2%2Fcomments&post=6359"}],"version-history":[{"count":2,"href":"https:\/\/muzeumpamieci.umk.pl\/index.php?rest_route=\/wp\/v2\/pages\/6359\/revisions"}],"predecessor-version":[{"id":8253,"href":"https:\/\/muzeumpamieci.umk.pl\/index.php?rest_route=\/wp\/v2\/pages\/6359\/revisions\/8253"}],"up":[{"embeddable":true,"href":"https:\/\/muzeumpamieci.umk.pl\/index.php?rest_route=\/wp\/v2\/pages\/6314"}],"wp:featuredmedia":[{"embeddable":true,"href":"https:\/\/muzeumpamieci.umk.pl\/index.php?rest_route=\/wp\/v2\/media\/9214"}],"wp:attachment":[{"href":"https:\/\/muzeumpamieci.umk.pl\/index.php?rest_route=%2Fwp%2Fv2%2Fmedia&parent=6359"}],"curies":[{"name":"wp","href":"https:\/\/api.w.org\/{rel}","templated":true}]}}