{"id":6338,"date":"2020-06-04T09:00:54","date_gmt":"2020-06-04T07:00:54","guid":{"rendered":"http:\/\/muzeumpamieci.umk.pl\/?page_id=6338"},"modified":"2021-12-12T13:00:29","modified_gmt":"2021-12-12T12:00:29","slug":"mc-dominik-miroslaw-piotrowski-kuratorstwo-cyfrowe-i-upowszechnienie-wiedzy-o-zbiorach-muzealnych-za-pomoca-otwartych-narzedzi-do-zarzadzania-trescia","status":"publish","type":"page","link":"https:\/\/muzeumpamieci.umk.pl\/?page_id=6338","title":{"rendered":"MC: Dominik Miros\u0142aw Piotrowski | Kuratorstwo cyfrowe i upowszechnienie wiedzy o zbiorach muzealnych za pomoc\u0105 otwartych narz\u0119dzi do zarz\u0105dzania tre\u015bci\u0105"},"content":{"rendered":"\n<p class=\"has-cyan-bluish-gray-background-color has-background\">w budowie<\/p>\n","protected":false},"excerpt":{"rendered":"<p>w budowie<\/p>\n","protected":false},"author":5,"featured_media":9214,"parent":6314,"menu_order":0,"comment_status":"closed","ping_status":"closed","template":"","meta":{"footnotes":""},"class_list":["post-6338","page","type-page","status-publish","has-post-thumbnail","hentry"],"aioseo_notices":[],"_links":{"self":[{"href":"https:\/\/muzeumpamieci.umk.pl\/index.php?rest_route=\/wp\/v2\/pages\/6338","targetHints":{"allow":["GET"]}}],"collection":[{"href":"https:\/\/muzeumpamieci.umk.pl\/index.php?rest_route=\/wp\/v2\/pages"}],"about":[{"href":"https:\/\/muzeumpamieci.umk.pl\/index.php?rest_route=\/wp\/v2\/types\/page"}],"author":[{"embeddable":true,"href":"https:\/\/muzeumpamieci.umk.pl\/index.php?rest_route=\/wp\/v2\/users\/5"}],"replies":[{"embeddable":true,"href":"https:\/\/muzeumpamieci.umk.pl\/index.php?rest_route=%2Fwp%2Fv2%2Fcomments&post=6338"}],"version-history":[{"count":3,"href":"https:\/\/muzeumpamieci.umk.pl\/index.php?rest_route=\/wp\/v2\/pages\/6338\/revisions"}],"predecessor-version":[{"id":8249,"href":"https:\/\/muzeumpamieci.umk.pl\/index.php?rest_route=\/wp\/v2\/pages\/6338\/revisions\/8249"}],"up":[{"embeddable":true,"href":"https:\/\/muzeumpamieci.umk.pl\/index.php?rest_route=\/wp\/v2\/pages\/6314"}],"wp:featuredmedia":[{"embeddable":true,"href":"https:\/\/muzeumpamieci.umk.pl\/index.php?rest_route=\/wp\/v2\/media\/9214"}],"wp:attachment":[{"href":"https:\/\/muzeumpamieci.umk.pl\/index.php?rest_route=%2Fwp%2Fv2%2Fmedia&parent=6338"}],"curies":[{"name":"wp","href":"https:\/\/api.w.org\/{rel}","templated":true}]}}