{"id":6323,"date":"2020-06-04T08:31:18","date_gmt":"2020-06-04T06:31:18","guid":{"rendered":"http:\/\/muzeumpamieci.umk.pl\/?page_id=6323"},"modified":"2021-12-12T13:02:46","modified_gmt":"2021-12-12T12:02:46","slug":"mc-aldona-tolysz-malgorzata-wawrzak-muzealnictwo-przyszlosci-o-projektach-ktore-wyprzedzily-technologie","status":"publish","type":"page","link":"https:\/\/muzeumpamieci.umk.pl\/?page_id=6323","title":{"rendered":"MC: Aldona To\u0142ysz, Ma\u0142gorzata Wawrzak | Muzealnictwo przysz\u0142o\u015bci. O projektach kt\u00f3re wyprzedzi\u0142y technologi\u0119"},"content":{"rendered":"\n<p class=\"has-cyan-bluish-gray-background-color has-background\">w budowie<\/p>\n","protected":false},"excerpt":{"rendered":"<p>w budowie<\/p>\n","protected":false},"author":5,"featured_media":9214,"parent":6314,"menu_order":0,"comment_status":"closed","ping_status":"closed","template":"","meta":{"footnotes":""},"class_list":["post-6323","page","type-page","status-publish","has-post-thumbnail","hentry"],"aioseo_notices":[],"_links":{"self":[{"href":"https:\/\/muzeumpamieci.umk.pl\/index.php?rest_route=\/wp\/v2\/pages\/6323","targetHints":{"allow":["GET"]}}],"collection":[{"href":"https:\/\/muzeumpamieci.umk.pl\/index.php?rest_route=\/wp\/v2\/pages"}],"about":[{"href":"https:\/\/muzeumpamieci.umk.pl\/index.php?rest_route=\/wp\/v2\/types\/page"}],"author":[{"embeddable":true,"href":"https:\/\/muzeumpamieci.umk.pl\/index.php?rest_route=\/wp\/v2\/users\/5"}],"replies":[{"embeddable":true,"href":"https:\/\/muzeumpamieci.umk.pl\/index.php?rest_route=%2Fwp%2Fv2%2Fcomments&post=6323"}],"version-history":[{"count":3,"href":"https:\/\/muzeumpamieci.umk.pl\/index.php?rest_route=\/wp\/v2\/pages\/6323\/revisions"}],"predecessor-version":[{"id":8241,"href":"https:\/\/muzeumpamieci.umk.pl\/index.php?rest_route=\/wp\/v2\/pages\/6323\/revisions\/8241"}],"up":[{"embeddable":true,"href":"https:\/\/muzeumpamieci.umk.pl\/index.php?rest_route=\/wp\/v2\/pages\/6314"}],"wp:featuredmedia":[{"embeddable":true,"href":"https:\/\/muzeumpamieci.umk.pl\/index.php?rest_route=\/wp\/v2\/media\/9214"}],"wp:attachment":[{"href":"https:\/\/muzeumpamieci.umk.pl\/index.php?rest_route=%2Fwp%2Fv2%2Fmedia&parent=6323"}],"curies":[{"name":"wp","href":"https:\/\/api.w.org\/{rel}","templated":true}]}}