{"id":59,"date":"2016-10-02T01:33:13","date_gmt":"2016-10-01T23:33:13","guid":{"rendered":"http:\/\/muzeumpamieci.umk.pl\/?page_id=59"},"modified":"2020-03-08T10:51:43","modified_gmt":"2020-03-08T09:51:43","slug":"konferencja-miedzynarodowa","status":"publish","type":"page","link":"https:\/\/muzeumpamieci.umk.pl\/?page_id=59","title":{"rendered":"KONFERENCJA MI\u0118DZYNARODOWA"},"content":{"rendered":"\n<div class=\"wp-block-columns has-2-columns is-layout-flex wp-container-core-columns-is-layout-9d6595d7 wp-block-columns-is-layout-flex\">\n<div class=\"wp-block-column is-layout-flow wp-block-column-is-layout-flow\">\n<p style=\"text-align:center\">Mi\u0119dzynarodowa konferencja naukowa<\/p>\n\n\n\n<p style=\"text-align:center\"><em><strong>Pami\u0119\u0107 wieloraka:<\/strong> <strong>pami\u0119ci muzealne na ziemiach Rzeczypospolitej w epoce rozbior\u00f3w<\/strong><\/em><\/p>\n\n\n\n<p style=\"text-align:center\">Toru\u0144<br><strong>14-16 listopada 2019 r.&nbsp;<\/strong><br><\/p>\n\n\n\n<p style=\"text-align:center\"><a href=\"http:\/\/muzeumpamieci.umk.pl\/?page_id=4656\">INFORMACJA O KONFERENCJI&nbsp; &gt;&gt; <\/a><\/p>\n<\/div>\n\n\n\n<div class=\"wp-block-column is-layout-flow wp-block-column-is-layout-flow\">\n<p style=\"text-align:center\"> The International Scientific Conference <\/p>\n\n\n\n<p style=\"text-align:center\"><strong><em>Various Memory: museums in the lands of the Polish-Lithuanian Commonwealth, era of the partitions<\/em><\/strong><em> <\/em><strong> <\/strong><\/p>\n\n\n\n<p style=\"text-align:center\">Toru\u0144, Poland <strong><br> 14-16 November 2019<\/strong><br><\/p>\n\n\n\n<p style=\"text-align:center\"><a href=\"http:\/\/muzeumpamieci.umk.pl\/?page_id=4658\">INFORMATION ABOUT CONFERENCE &gt;&gt;<\/a><\/p>\n<\/div>\n<\/div>\n\n\n\n<hr class=\"wp-block-separator\"\/>\n\n\n\n<p><\/p>\n","protected":false},"excerpt":{"rendered":"<p>Mi\u0119dzynarodowa konferencja naukowa Pami\u0119\u0107 wieloraka: pami\u0119ci muzealne na ziemiach Rzeczypospolitej w epoce rozbior\u00f3w Toru\u014414-16 listopada 2019 r.&nbsp; INFORMACJA O KONFERENCJI&nbsp; &gt;&gt; The International Scientific Conference Various Memory: museums in the lands of the Polish-Lithuanian Commonwealth, era of the partitions Toru\u0144, Poland 14-16 November 2019 INFORMATION ABOUT CONFERENCE &gt;&gt;<\/p>\n","protected":false},"author":1,"featured_media":0,"parent":18,"menu_order":0,"comment_status":"closed","ping_status":"closed","template":"","meta":{"footnotes":""},"class_list":["post-59","page","type-page","status-publish","hentry"],"aioseo_notices":[],"_links":{"self":[{"href":"https:\/\/muzeumpamieci.umk.pl\/index.php?rest_route=\/wp\/v2\/pages\/59","targetHints":{"allow":["GET"]}}],"collection":[{"href":"https:\/\/muzeumpamieci.umk.pl\/index.php?rest_route=\/wp\/v2\/pages"}],"about":[{"href":"https:\/\/muzeumpamieci.umk.pl\/index.php?rest_route=\/wp\/v2\/types\/page"}],"author":[{"embeddable":true,"href":"https:\/\/muzeumpamieci.umk.pl\/index.php?rest_route=\/wp\/v2\/users\/1"}],"replies":[{"embeddable":true,"href":"https:\/\/muzeumpamieci.umk.pl\/index.php?rest_route=%2Fwp%2Fv2%2Fcomments&post=59"}],"version-history":[{"count":18,"href":"https:\/\/muzeumpamieci.umk.pl\/index.php?rest_route=\/wp\/v2\/pages\/59\/revisions"}],"predecessor-version":[{"id":5854,"href":"https:\/\/muzeumpamieci.umk.pl\/index.php?rest_route=\/wp\/v2\/pages\/59\/revisions\/5854"}],"up":[{"embeddable":true,"href":"https:\/\/muzeumpamieci.umk.pl\/index.php?rest_route=\/wp\/v2\/pages\/18"}],"wp:attachment":[{"href":"https:\/\/muzeumpamieci.umk.pl\/index.php?rest_route=%2Fwp%2Fv2%2Fmedia&parent=59"}],"curies":[{"name":"wp","href":"https:\/\/api.w.org\/{rel}","templated":true}]}}