{"id":557,"date":"2016-12-04T22:52:35","date_gmt":"2016-12-04T21:52:35","guid":{"rendered":"http:\/\/muzeumpamieci.umk.pl\/?page_id=557"},"modified":"2016-12-05T00:01:21","modified_gmt":"2016-12-04T23:01:21","slug":"oferta-pracy-informatyk","status":"publish","type":"page","link":"https:\/\/muzeumpamieci.umk.pl\/?page_id=557","title":{"rendered":"Oferta pracy &#8211; INFORMATYK"},"content":{"rendered":"<p style=\"text-align: center;\"><strong>OFERTA PRACY 3\/2016<\/strong><\/p>\n<p style=\"text-align: center;\">28 listopada 2016 r.<\/p>\n<p><a href=\"http:\/\/muzeumpamieci.umk.pl\/wp-content\/uploads\/2016\/12\/INFORMATYK-OFERTAPRACy.doc-1-1.pdf\">PDF do pobrania<\/a><\/p>\n<p><strong>Nazwa jednostki: \u00a0<\/strong>Uniwersytet Miko\u0142aja Kopernika w Toruniu, Wydzia\u0142 Sztuk Pi\u0119knych, Instytut Zabytkoznawstwa i Konserwatorstwa, Zak\u0142ad Muzealnictwa<\/p>\n<p><strong>Miasto<\/strong>: Toru\u0144<\/p>\n<p>Nab\u00f3r do zespo\u0142u projektu \u201eMuzea w polskiej kulturze pami\u0119ci (do 1918 r.): wczesne instytucje muzealne wobec muzeologii cyfrowej\u201d finansowanego ze \u015brodk\u00f3w Ministerstwa Nauki i Szkolnictwa Wy\u017cszego w Ramach Narodowego Programu Rozwoju Humanistyki 2015, realizowanego przez zesp\u00f3\u0142 Zak\u0142adu Muzealnictwa, Instytutu Zabytkoznawstwa i Konserwatorstwa, Wydzia\u0142u Sztuk Pi\u0119knych UMK w Toruniu, pod kierownictwem dr. hab. Tomasza F. de Rosseta.<\/p>\n<p><strong>Miejsce pracy<\/strong>: \u00a0Wydzia\u0142 Sztuk Pi\u0119knych, ul. Sienkiewicza 30\/32, 87-100 Toru\u0144, pok. 313-314<\/p>\n<p><strong>Nazwa stanowiska<\/strong>: <strong><span style=\"color: #ff0000;\">INFORMATYK<\/span><\/strong><\/p>\n<p><strong>Kandydat powinien spe\u0142nia\u0107 nast\u0119puj\u0105ce warunki<\/strong>:<\/p>\n<ul>\n<li style=\"padding-left: 30px;\">Uko\u0144czone co najmniej studia I stopnia w zakresie informatyki lub pokrewne; preferowane rozpocz\u0119cie dysertacji doktorskiej;<\/li>\n<li style=\"padding-left: 30px;\">Bardzo dobra znajomo\u015b\u0107 obs\u0142ugi komputera.<\/li>\n<li style=\"padding-left: 30px;\">Znajomo\u015b\u0107 narz\u0119dzi cyfrowych do wizualizacji danych, przetwarzania danych<\/li>\n<li style=\"padding-left: 30px;\">Umiej\u0119tno\u015b\u0107 tworzenia aplikacji webowych do przetwarzania danych<\/li>\n<li style=\"padding-left: 30px;\">Bardzo dobra znajomo\u015b\u0107 baz danych i administrowania nimi<\/li>\n<li style=\"padding-left: 30px;\">Znajomo\u015b\u0107 eksportowania zasob\u00f3w baz danych (xml)<\/li>\n<li style=\"padding-left: 30px;\">Do\u015bwiadczenie w budowaniu i administrowaniu: bazami danych; w administracji portalami internetowymi<\/li>\n<li style=\"padding-left: 30px;\">Znajomo\u015b\u0107: \u00a0relacyjnych baz danych; procesu i parametr\u00f3w digitalizacji; protoko\u0142u Open Graf<\/li>\n<li style=\"padding-left: 30px;\">Znajomo\u015b\u0107 zagadnie\u0144 zwi\u0105zanych z open access i open sources<\/li>\n<li style=\"padding-left: 30px;\">Podstawowa orientacja w problemie wolnych licencji i praw autorskich<\/li>\n<li style=\"padding-left: 30px;\">Znajomo\u015b\u0107: technologii churowych, struminiowania danych; standard\u00f3w webowych, TEI, IIIF.IO, API Keys, OAI-PMH, Big Data, OCR<\/li>\n<li style=\"padding-left: 30px;\">Umiej\u0119tno\u015b\u0107 pracy w zespole, pod presj\u0105 czasu;<\/li>\n<li style=\"padding-left: 30px;\">Dok\u0142adno\u015b\u0107, sumienno\u015b\u0107, terminowo\u015b\u0107;<\/li>\n<li style=\"padding-left: 30px;\">Umiej\u0119tno\u015b\u0107 rozwi\u0105zywania problem\u00f3w sprz\u0119towych<\/li>\n<\/ul>\n<p>Osob\u0119 ubiegaj\u0105c\u0105 si\u0119 o ww. stanowisko powinien cechowa\u0107 wysoki stopie\u0144 motywacji, zdolno\u015b\u0107 do pracy zar\u00f3wno samodzielnej oraz zespo\u0142owej oraz terminowo\u015b\u0107 (praca przy projekcie)<\/p>\n<p>Zakres zada\u0144:<\/p>\n<ul>\n<li>Administracja: stron\u0105 internetow\u0105\/portalem naukowym; bazami danych; repozytorium wewn\u0119trznym<\/li>\n<li>Konsultacje w zakresie budowy struktury portalu naukowego; opracowanie specyfikacji technicznej dla portalu naukowego<\/li>\n<li>Programowanie<\/li>\n<li>Tworzenie aplikacji\/narz\u0119dzi lub\/i wynajdowanie\/wdra\u017canie ich do przetwrarzania contentu baz<\/li>\n<li>Wsp\u00f3\u0142praca z podwykonawcami portalu naukowego i Uczelnianym Centrum Informatycznym<\/li>\n<li>Intertekstualizowanie zdigitalizowanego contentu<\/li>\n<li>Sprawdzanie jako\u015bci i przesy\u0142u plik\u00f3w.<\/li>\n<li>Systematyczne prowadzenie zapis\u00f3w w wewn\u0119trznym systemie oraz weryfikacja archiwum plik\u00f3w.<\/li>\n<li>Wype\u0142nianie dokumentacji projektowej zgodnie z istniej\u0105cymi procedurami.<\/li>\n<li>Cykliczne raportowanie dotycz\u0105ce realizacji zada\u0144 i wyznaczonych cel\u00f3w.<\/li>\n<li>Dbanie o dobry stan sprz\u0119tu komputerowego<\/li>\n<\/ul>\n<p><strong>Procedura naboru:<br \/>\n<\/strong>Za po\u015brednictwem poczty elektronicznej na adres: <a href=\"mailto:muzeumpamieci@umk.pl\">muzeumpamieci@umk.pl<\/a> z tekstem w tytule wiadomo\u015bci : \u201eNPRH &#8211; informatyk\u201d (wszystkie za\u0142\u0105czniki w formacie *pdf).<br \/>\n<strong>Termin sk\u0142adania ofert<\/strong>: <span style=\"color: #ff0000;\">15 grudnia 2016<\/span> r.<br \/>\n<strong>Post\u0119powanie kwalifikacyjne:<\/strong> Po weryfikacji ofert, wybrani kandydaci zostan\u0105 zaproszeni na rozmow\u0119 kwalifikacyjn\u0105, kt\u00f3ra odb\u0119dzie si\u0119 <span style=\"color: #ff0000;\">19 grudnia 2016 r.<\/span><\/p>\n<p><strong>Warunki zatrudnienia:<\/strong><\/p>\n<ul>\n<li>Umowa o dzie\u0142o na okres 30 miesi\u0119cy (od 20 XII 2016 r. do 30 V 2019 r.)<\/li>\n<li>Kwota wynagrodzenia: 54 000 z\u0142<\/li>\n<li>Wyp\u0142aty w transzach co trzy miesi\u0105ce lub za ca\u0142o\u015b\u0107 na koniec projektu, po rozliczeniu si\u0119 zgodnie ze wzorem raportu prac.<\/li>\n<li>Stanowisko pracy: komputer.<\/li>\n<li>Tryb pracy: elastyczny.<\/li>\n<\/ul>\n<p>Wymagane dokumenty:<\/p>\n<ul>\n<li>CV<\/li>\n<li>List motywacyjny<\/li>\n<li>Kopia dyplomu uko\u0144czenia studi\u00f3w I\/II stopnia lub za\u015bwiadczenie o byciu s\u0142uchaczem studi\u00f3w III stopnia<\/li>\n<li>Portfolio zawieraj\u0105ce projekty i realizacje oraz zakres obowi\u0105zk\u00f3w w ramach nich, potwierdzaj\u0105ce do\u015bwiadczenie kandydata (format dowolny np. .pdf\/.exe)<\/li>\n<\/ul>\n<p><strong>Dodatkowe informacje: <\/strong><\/p>\n<p>Prosimy o dopisanie klauzuli: \u201eWyra\u017cam zgod\u0119 na przetwarzanie moich danych osobowych zawartych w mojej ofercie pracy dla potrzeb niezb\u0119dnych do realizacji procesu rekrutacji (zgodnie z ustaw\u0105 z dnia 20.08.1997 o ochronie danych osobowych \u2013 Dz. U. Nr 133 poz. 883.).<\/p>\n<p>Niniejsze og\u0142oszenie przewiduje wytypowanie na drodze konkursu jednej osoby w naborze dwuetapowym: po spe\u0142nieniu wymog\u00f3w formalnych przewidziana jest rozmowa kwalifikacyjna z wybranymi kandydatami.<\/p>\n<p>W sprawie dodatkowych informacji prosimy o kontakt: <a href=\"mailto:muzeumpamieci@umk.pl\">muzeumpamieci@umk.pl<\/a><\/p>\n","protected":false},"excerpt":{"rendered":"<p>OFERTA PRACY 3\/2016 28 listopada 2016 r. PDF do pobrania Nazwa jednostki: \u00a0Uniwersytet Miko\u0142aja Kopernika w Toruniu, Wydzia\u0142 Sztuk Pi\u0119knych, Instytut Zabytkoznawstwa i Konserwatorstwa, Zak\u0142ad Muzealnictwa Miasto: Toru\u0144 Nab\u00f3r do zespo\u0142u projektu \u201eMuzea w polskiej kulturze pami\u0119ci (do 1918 r.): wczesne instytucje muzealne wobec muzeologii cyfrowej\u201d finansowanego ze \u015brodk\u00f3w Ministerstwa Nauki i Szkolnictwa Wy\u017cszego w&hellip; <\/p>\n","protected":false},"author":1,"featured_media":0,"parent":543,"menu_order":2,"comment_status":"closed","ping_status":"closed","template":"","meta":{"footnotes":""},"class_list":["post-557","page","type-page","status-publish","hentry"],"aioseo_notices":[],"_links":{"self":[{"href":"https:\/\/muzeumpamieci.umk.pl\/index.php?rest_route=\/wp\/v2\/pages\/557","targetHints":{"allow":["GET"]}}],"collection":[{"href":"https:\/\/muzeumpamieci.umk.pl\/index.php?rest_route=\/wp\/v2\/pages"}],"about":[{"href":"https:\/\/muzeumpamieci.umk.pl\/index.php?rest_route=\/wp\/v2\/types\/page"}],"author":[{"embeddable":true,"href":"https:\/\/muzeumpamieci.umk.pl\/index.php?rest_route=\/wp\/v2\/users\/1"}],"replies":[{"embeddable":true,"href":"https:\/\/muzeumpamieci.umk.pl\/index.php?rest_route=%2Fwp%2Fv2%2Fcomments&post=557"}],"version-history":[{"count":3,"href":"https:\/\/muzeumpamieci.umk.pl\/index.php?rest_route=\/wp\/v2\/pages\/557\/revisions"}],"predecessor-version":[{"id":565,"href":"https:\/\/muzeumpamieci.umk.pl\/index.php?rest_route=\/wp\/v2\/pages\/557\/revisions\/565"}],"up":[{"embeddable":true,"href":"https:\/\/muzeumpamieci.umk.pl\/index.php?rest_route=\/wp\/v2\/pages\/543"}],"wp:attachment":[{"href":"https:\/\/muzeumpamieci.umk.pl\/index.php?rest_route=%2Fwp%2Fv2%2Fmedia&parent=557"}],"curies":[{"name":"wp","href":"https:\/\/api.w.org\/{rel}","templated":true}]}}