{"id":550,"date":"2016-12-04T20:13:32","date_gmt":"2016-12-04T19:13:32","guid":{"rendered":"http:\/\/muzeumpamieci.umk.pl\/?page_id=550"},"modified":"2016-12-05T00:00:07","modified_gmt":"2016-12-04T23:00:07","slug":"oferta-pracy-grafik","status":"publish","type":"page","link":"https:\/\/muzeumpamieci.umk.pl\/?page_id=550","title":{"rendered":"OFERTA PRACY &#8211; GRAFIK"},"content":{"rendered":"<p style=\"text-align: center;\"><strong>OFERTA PRACY 2\/2016<\/strong><b><br \/>\n<\/b><span style=\"font-weight: 400;\">28 listopada 2016 r.<\/span><\/p>\n<p style=\"text-align: left;\"><b><a href=\"http:\/\/muzeumpamieci.umk.pl\/wp-content\/uploads\/2016\/12\/Muzeum-Pamieci-GRAFIK.doc.pdf\">PDF do pobrania<\/a>\u00a0<\/b><\/p>\n<p><strong>Nazwa jednostki:<\/strong><span style=\"font-weight: 400;\"><strong> \u00a0<\/strong>Uniwersytet Miko\u0142aja Kopernika w Toruniu, Wydzia\u0142 Sztuk Pi\u0119knych, Instytut Zabytkoznawstwa i Konserwatorstwa, Zak\u0142ad Muzealnictwa<\/span><\/p>\n<p><strong>Miasto<\/strong><span style=\"font-weight: 400;\"><strong>: <\/strong>Toru\u0144<\/span><\/p>\n<p><span style=\"font-weight: 400;\">Nab\u00f3r do zespo\u0142u projektu <\/span><i><span style=\"font-weight: 400;\">\u201eMuzea w polskiej kulturze pami\u0119ci (do 1918 r.): wczesne instytucje muzealne wobec muzeologii cyfrowej\u201d <\/span><\/i><span style=\"font-weight: 400;\">finansowanego ze \u015brodk\u00f3w Ministerstwa Nauki i Szkolnictwa Wy\u017cszego w Ramach Narodowego Programu Rozwoju Humanistyki 2015, realizowanego przez zesp\u00f3\u0142 Zak\u0142adu Muzealnictwa, Instytutu Zabytkoznawstwa i Konserwatorstwa, Wydzia\u0142u Sztuk Pi\u0119knych UMK w Toruniu, pod kierownictwem dr. hab. Tomasza F. de Rosseta.<\/span><\/p>\n<p><strong>Miejsce pracy: \u00a0<\/strong><span style=\"font-weight: 400;\">Wydzia\u0142 Sztuk Pi\u0119knych, ul. Sienkiewicza 30\/32, 87-100 Toru\u0144, pok. 313-314<\/span><\/p>\n<p><strong>Nazwa stanowiska: <\/strong><span style=\"color: #800000;\"><b>grafik<\/b><\/span><\/p>\n<p><strong>Kandydat powinien spe\u0142nia\u0107 nast\u0119puj\u0105ce warunki:<\/strong><\/p>\n<ul>\n<li style=\"padding-left: 30px;\"><span style=\"font-weight: 400;\">Uko\u0144czone co <span style=\"color: #800000;\">najmniej<\/span> studia I stopnia w zakresie grafiki lub inne artystyczne; preferowane rozpocz\u0119cie dysertacji doktorskiej;<\/span><\/li>\n<li style=\"padding-left: 30px;\"><span style=\"font-weight: 400;\">Znajomo\u015b\u0107 zasad projektowania graficznego i kompozycji.<\/span><\/li>\n<li style=\"padding-left: 30px;\"><span style=\"font-weight: 400;\">Bardzo dobra znajomo\u015b\u0107 obs\u0142ugi komputera.<\/span><\/li>\n<li style=\"padding-left: 30px;\"><span style=\"font-weight: 400;\">Bardzo dobra znajomo\u015b\u0107 program\u00f3w pakietu Adobe, i program\u00f3w do tworzenia animacji i obr\u00f3bki materia\u0142\u00f3w audio-wideo;<\/span><\/li>\n<li style=\"padding-left: 30px;\"><span style=\"font-weight: 400;\">Do\u015bwiadczenie i umiej\u0119tno\u015b\u0107 tworzenia layout\u00f3w stron www;<\/span><\/li>\n<li style=\"padding-left: 30px;\"><span style=\"font-weight: 400;\">Do\u015bwiadczenie i umiej\u0119tno\u015b\u0107 projektowania graficznego r\u00f3\u017cnego rodzaju materia\u0142\u00f3w promocyjnych, plakat\u00f3w, folder\u00f3w itp.; tworzenia szaty graficznej wydawnictw ksi\u0105\u017ckowych i elektronicznych<\/span><\/li>\n<li style=\"padding-left: 30px;\"><span style=\"font-weight: 400;\">Umiej\u0119tno\u015b\u0107 \u0142amania tekstu;<\/span><\/li>\n<li style=\"padding-left: 30px;\"><span style=\"font-weight: 400;\">Umiej\u0119tno\u015b\u0107 pracy w zespole, pod presj\u0105 czasu;<\/span><\/li>\n<li style=\"padding-left: 30px;\"><span style=\"font-weight: 400;\">Umiej\u0119tno\u015b\u0107 obr\u00f3bki fotografii cyfrowych i analogowych;<\/span><\/li>\n<li style=\"padding-left: 30px;\"><span style=\"font-weight: 400;\">Kreatywno\u015b\u0107, dok\u0142adno\u015b\u0107, sumienno\u015b\u0107, terminowo\u015b\u0107;<\/span><\/li>\n<li style=\"padding-left: 30px;\"><span style=\"font-weight: 400;\">Mile widziana:<\/span>\n<ul>\n<li style=\"padding-left: 30px;\">wiedza poligraficzna, znajomo\u015b\u0107 zasad przygotowania projekt\u00f3w do druku<\/li>\n<li style=\"padding-left: 30px;\">widziana znajomo\u015b\u0107 fotografii<\/li>\n<li style=\"padding-left: 30px;\">umiej\u0119tno\u015b\u0107 kodowania projekt\u00f3w graficznych do CSS3 i HTML5 w standardzie W3C<\/li>\n<\/ul>\n<\/li>\n<li style=\"padding-left: 30px;\">Osob\u0119 ubiegaj\u0105c\u0105 si\u0119 o ww. stanowisko powinien cechowa\u0107 wysoki stopie\u0144 motywacji, zdolno\u015b\u0107 do pracy zar\u00f3wno samodzielnej oraz zespo\u0142owej oraz terminowo\u015b\u0107 (praca przy projekcie)<\/li>\n<\/ul>\n<p><strong>Zakres zada\u0144:<\/strong><\/p>\n<ul>\n<li><span style=\"font-weight: 400;\">Opracowywanie projekt\u00f3w graficznych.<\/span><\/li>\n<li><span style=\"font-weight: 400;\">Sprawdzanie jako\u015bci i przesy\u0142u plik\u00f3w graficznych.<\/span><\/li>\n<li><span style=\"font-weight: 400;\">Systematyczne prowadzenie zapis\u00f3w w wewn\u0119trznym systemie oraz weryfikacja archiwum plik\u00f3w.<\/span><\/li>\n<li><span style=\"font-weight: 400;\">Pomoc podczas akceptacji projekt\u00f3w do druku (dob\u00f3r kolorystyczny, korekta kolorystyczna).<\/span><\/li>\n<li><span style=\"font-weight: 400;\">Wype\u0142nianie dokumentacji projektowej zgodnie z istniej\u0105cymi procedurami.<\/span><\/li>\n<li><span style=\"font-weight: 400;\">Cykliczne raportowanie dotycz\u0105ce realizacji zada\u0144 i wyznaczonych cel\u00f3w.<\/span><\/li>\n<\/ul>\n<p><strong>Procedura naboru<\/strong><span style=\"font-weight: 400;\"><strong>:<\/strong><br \/>\n<\/span><span style=\"font-weight: 400;\">Za po\u015brednictwem poczty elektronicznej na adres: <\/span><a href=\"mailto:muzeumpamieci@umk.pl\"><span style=\"font-weight: 400;\">muzeumpamieci@umk.pl<\/span><\/a><span style=\"font-weight: 400;\"> z tekstem w tytule wiadomo\u015bci : <\/span><b><i>\u201eNPRH &#8211; grafik\u201d<\/i><\/b><span style=\"font-weight: 400;\"> (wszystkie za\u0142\u0105czniki w formacie *pdf).<\/span><\/p>\n<p><strong>Termin sk\u0142adania ofert: <\/strong><span style=\"color: #ff0000;\"><b>15 grudnia 2016 r<\/b><b>. (czwartek)<\/b><\/span><\/p>\n<p><strong>Post\u0119powanie kwalifikacyjne: <\/strong><span style=\"font-weight: 400;\">Po weryfikacji ofert, wybrani kandydaci zostan\u0105 zaproszeni na rozmow\u0119 kwalifikacyjn\u0105, kt\u00f3ra odb\u0119dzie si\u0119<\/span> <span style=\"color: #ff0000;\"><b>19 grudnia 2016 r. (poniedzia\u0142ek)<\/b><\/span><\/p>\n<p><strong>Warunki zatrudnienia:<\/strong><\/p>\n<ul>\n<li><span style=\"font-weight: 400;\">Umowa o dzie\u0142o na okres <\/span><b>30 miesi\u0119cy<\/b><span style=\"font-weight: 400;\"> (od 20 XII 2016 r. do 30 V 2019 r.)<\/span><\/li>\n<li>Kwota wynagrodzenia: <b>27 900 z\u0142<\/b><\/li>\n<li>Wyp\u0142aty w transzach co trzy miesi\u0105ce lub za ca\u0142o\u015b\u0107 na koniec projektu, po rozliczeniu si\u0119 zgodnie ze wzorem raportu prac.<\/li>\n<li>Stanowisko pracy: komputer przystosowany do obr\u00f3bki graficznej.<\/li>\n<li>Tryb pracy: elastyczny.<\/li>\n<\/ul>\n<p><strong>Wymagane dokumenty:<\/strong><\/p>\n<ul>\n<li><span style=\"font-weight: 400;\">CV<\/span><\/li>\n<li><span style=\"font-weight: 400;\">List motywacyjny<\/span><\/li>\n<li><span style=\"font-weight: 400;\">Kopia dyplomu uko\u0144czenia studi\u00f3w I\/II stopnia lub za\u015bwiadczenie o byciu s\u0142uchaczem studi\u00f3w III stopnia<\/span><\/li>\n<li><span style=\"font-weight: 400;\">Portfolio (format dowolny np. .pdf\/.exe)<\/span><\/li>\n<\/ul>\n<p><strong>Dodatkowe informacje: <\/strong><\/p>\n<p><span style=\"font-weight: 400;\">Prosimy o dopisanie klauzuli: \u201eWyra\u017cam zgod\u0119 na przetwarzanie moich danych osobowych zawartych w mojej ofercie pracy dla potrzeb niezb\u0119dnych do realizacji procesu rekrutacji (zgodnie z ustaw\u0105 z dnia 20.08.1997 o ochronie danych osobowych \u2013 Dz. U. Nr 133 poz. 883.).<\/span><\/p>\n<p><span style=\"font-weight: 400;\">Niniejsze og\u0142oszenie przewiduje wytypowanie na drodze konkursu jednej osoby w naborze dwuetapowym: po spe\u0142nieniu wymog\u00f3w formalnych przewidziana jest rozmowa kwalifikacyjna z wybranymi kandydatami. <\/span><\/p>\n<p><span style=\"font-weight: 400;\">W sprawie dodatkowych informacji prosimy o kontakt: <\/span><a href=\"mailto:muzeumpamieci@umk.pl\"><span style=\"font-weight: 400;\">muzeumpamieci@umk.pl<\/span><\/a><\/p>\n","protected":false},"excerpt":{"rendered":"<p>OFERTA PRACY 2\/2016 28 listopada 2016 r. PDF do pobrania\u00a0 Nazwa jednostki: \u00a0Uniwersytet Miko\u0142aja Kopernika w Toruniu, Wydzia\u0142 Sztuk Pi\u0119knych, Instytut Zabytkoznawstwa i Konserwatorstwa, Zak\u0142ad Muzealnictwa Miasto: Toru\u0144 Nab\u00f3r do zespo\u0142u projektu \u201eMuzea w polskiej kulturze pami\u0119ci (do 1918 r.): wczesne instytucje muzealne wobec muzeologii cyfrowej\u201d finansowanego ze \u015brodk\u00f3w Ministerstwa Nauki i Szkolnictwa Wy\u017cszego w&hellip; <\/p>\n","protected":false},"author":1,"featured_media":0,"parent":543,"menu_order":1,"comment_status":"closed","ping_status":"closed","template":"","meta":{"footnotes":""},"class_list":["post-550","page","type-page","status-publish","hentry"],"aioseo_notices":[],"_links":{"self":[{"href":"https:\/\/muzeumpamieci.umk.pl\/index.php?rest_route=\/wp\/v2\/pages\/550","targetHints":{"allow":["GET"]}}],"collection":[{"href":"https:\/\/muzeumpamieci.umk.pl\/index.php?rest_route=\/wp\/v2\/pages"}],"about":[{"href":"https:\/\/muzeumpamieci.umk.pl\/index.php?rest_route=\/wp\/v2\/types\/page"}],"author":[{"embeddable":true,"href":"https:\/\/muzeumpamieci.umk.pl\/index.php?rest_route=\/wp\/v2\/users\/1"}],"replies":[{"embeddable":true,"href":"https:\/\/muzeumpamieci.umk.pl\/index.php?rest_route=%2Fwp%2Fv2%2Fcomments&post=550"}],"version-history":[{"count":5,"href":"https:\/\/muzeumpamieci.umk.pl\/index.php?rest_route=\/wp\/v2\/pages\/550\/revisions"}],"predecessor-version":[{"id":563,"href":"https:\/\/muzeumpamieci.umk.pl\/index.php?rest_route=\/wp\/v2\/pages\/550\/revisions\/563"}],"up":[{"embeddable":true,"href":"https:\/\/muzeumpamieci.umk.pl\/index.php?rest_route=\/wp\/v2\/pages\/543"}],"wp:attachment":[{"href":"https:\/\/muzeumpamieci.umk.pl\/index.php?rest_route=%2Fwp%2Fv2%2Fmedia&parent=550"}],"curies":[{"name":"wp","href":"https:\/\/api.w.org\/{rel}","templated":true}]}}