{"id":55,"date":"2016-10-02T01:30:28","date_gmt":"2016-10-01T23:30:28","guid":{"rendered":"http:\/\/muzeumpamieci.umk.pl\/?page_id=55"},"modified":"2021-02-25T23:37:19","modified_gmt":"2021-02-25T22:37:19","slug":"seminaria-muzealnicze","status":"publish","type":"page","link":"https:\/\/muzeumpamieci.umk.pl\/?page_id=55","title":{"rendered":"SEMINARIA MUZEALNICZE"},"content":{"rendered":"<p><strong>Seminaria muzealnicze<\/strong> organizowane przez Zak\u0142ad Muzealnictwa w ramach projektu &#8222;<i>Muzeum w polskiej kulturze pami\u0119ci (do 1918 r.): wczesne instytucje muzealne wobec muzeologii cyfrowe<\/i>j&#8221; maj\u0105 charakter:<\/p>\n<ul>\n<li><strong>otwarty<\/strong>\u00a0&#8211; dost\u0119pny dla wszystkich zainteresowanych &#8211; po zg\u0142oszeniu si\u0119 meilowo<\/li>\n<li><strong>zamkni\u0119ty<\/strong>\u00a0&#8211; seminaria dla grup roboczych.<\/li>\n<\/ul>\n<p>Przyj\u0119li\u015bmy formu\u0142\u0119 swobodnej rozmowy wraz z wyst\u0105pieniami specjalist\u00f3w, g\u0142\u00f3wnie wsp\u00f3\u0142pracuj\u0105cych z nami w ramach projektu,a tak\u017ce zapraszanych przez nas go\u015bci. Ka\u017cde seminarium dotyczy wybranego problemu zwi\u0105zanego z realizowanymi zadaniami w ramach projektu dotycz\u0105cymi m.in. problemu muzeum jako miejsca kszta\u0142towania pami\u0119ci kulturowej, muzeologii cyfrowej, wizualizacji danych, historii muzealnictwa itp. Informacje o tematyce seminari\u00f3w przesy\u0142ane s\u0105 na bie\u017c\u0105co.<\/p>\n<p>Seminaria odbywaj\u0105 si\u0119 w soboty, na Wydziale Sztuk Pi\u0119knych Uniwersytetu Miko\u0142aja Kopernika w Toruniu, ul. Sienkiewicza 30\/32, w sali 101 (I p.).<\/p>\n<p>*\u00a0<em>propozycje temat\u00f3w spotka\u0144<\/em><\/p>\n<hr \/>\n<p><a href=\"http:\/\/muzeumpamieci.umk.pl\/wp-content\/uploads\/2019\/01\/Terminarz-projektu-2019-01-08.pdf\">Terminarz projektu<\/a>\u00a0[aktualizacja: 2020-03-09]<\/p>\n<p>XIX SEMINARIUM MUZEALNICZE &#8211; 18. kwietnia 2020 r., sobota, godz. 11:00-14:00<br \/>\n<b><i>Podsumowanie projektu<br \/>\n<\/i><\/b>prowadzenie: Tomasz F. de Rosset<\/p>\n<hr \/>\n<p><span style=\"text-decoration: underline; color: #808080;\"><strong>ZREALIZOWANE:<\/strong><\/span><\/p>\n<p><span style=\"color: #808080;\"><strong>I SEMINARIUM MUZEALNICZE<\/strong>, 25. czerwca 2016 r., Toru\u0144 (otwarte)<\/span><br \/>\n<strong><em><a href=\"http:\/\/muzeumpamieci.umk.pl\/?p=6956\"><span style=\"color: #808080;\">Terminologia i poj\u0119cie &#8222;muzeum&#8221;<\/span><\/a><br \/>\n<\/em><\/strong>info | relacja<\/p>\n<p><span style=\"color: #808080;\"><strong>II SEMINARIUM MUZEALNICZE<\/strong>, 1. pa\u017adziernika 2016 r., Toru\u0144 (otwarte)<br \/>\n<a href=\"http:\/\/muzeumpamieci.umk.pl\/?p=6964\"><em><strong>Prowadzenie prac archiwalnych i kwerend<\/strong><\/em><\/a><\/span><br \/>\n<a href=\"http:\/\/muzeumpamieci.umk.pl\/?p=131\">fotorelacja\u00a0<\/a>| info | relacja<\/p>\n<p><span style=\"color: #808080;\"><strong>III SEMINARIUM MUZEALNICZE<\/strong>, 15. pa\u017adziernika 2016 r., Toru\u0144 (otwarte)<br \/>\n<strong><em>Czy mo\u017cliwe jest zastosowanie metod\u00a0humanistyki cyfrowej w muzealnictwie?<\/em><\/strong><\/span><br \/>\n<a href=\"http:\/\/muzeumpamieci.umk.pl\/?p=315\">fotorelacja \u00a0<\/a>|\u00a0<a href=\"http:\/\/muzeumpamieci.umk.pl\/?p=123\">info<\/a>\u00a0| relacja<\/p>\n<p><span style=\"color: #808080;\"><strong>IV SEMINARIUM MUZEALNICZE<\/strong>, 3 grudnia 2016 r., Toru\u0144 (zamkni\u0119te, sala 313)<strong><em>Kwerendy i planowane wydawnictwa oraz sprawy organizacyjne<\/em><\/strong><\/span><\/p>\n<p><span style=\"color: #808080;\"><strong>V SEMINARIUM MUZEALNICZE<\/strong>, 25. lutego 2017, Toru\u0144 (otwarte)<br \/>\n<strong><em><a href=\"http:\/\/muzeumpamieci.umk.pl\/?p=655\">Muzeum i kultura pami\u0119ci<\/a><\/em><\/strong><\/span><\/p>\n<p><span style=\"color: #808080;\"><strong>VI SEMINARIUM MUZEALNICZE<\/strong>, 9. listopada 2017 r., Toru\u0144 (zamkni\u0119te)<br \/>\n<strong><em>Kwerendy i planowane wydawnictwa oraz sprawy organizacyjne<\/em><\/strong><\/span><\/p>\n<p><span style=\"color: #808080;\"><strong>VII SEMINARIUM MUZEALNICZE<\/strong>, 9. grudnia 2017 r., Toru\u0144 (zamkni\u0119te)<br \/>\n<strong><em>Kwerendy i planowane wydawnictwa oraz sprawy organizacyjne<\/em><\/strong><\/span><\/p>\n<p><span style=\"color: #808080;\"><strong>VIII SEMINARIUM MUZEALNICZE<\/strong>, 24. marca\u00a02018 r., Toru\u0144 (otwarte)<br \/>\n<em><strong>Muzeum jako skarbiec pami\u0119ci\u00a0<\/strong><\/em><\/span><br \/>\n<span style=\"color: #808080;\"> fotorelacja | info |\u00a0relacja<\/span><\/p>\n<p><span style=\"color: #808080;\"><strong>IX SEMINARIUM MUZEALNICZE<\/strong>, 26. maja 2018 r.<br \/>\n<a href=\"http:\/\/muzeumpamieci.umk.pl\/?p=2019\"><strong><em>Muzea\u00a0uniwersyteckie, o\u015bwiatowe i szkolne<\/em><\/strong><\/a><\/span><\/p>\n<p><span style=\"color: #808080;\"><strong>X SEMINARIUM MUZEALNICZE<\/strong>, 9. czerwca 2018 r.<br \/>\n<a href=\"http:\/\/muzeumpamieci.umk.pl\/?p=2015\"><strong><em>Muzea krajoznawcze<\/em><\/strong><\/a><\/span><\/p>\n<p><span style=\"color: #808080;\"><strong>XI SEMINARIUM MUZEALNICZE<\/strong>, 29. wrze\u015bnia 2018\u00a0r., sobota, godz. 11:00-14:00<br \/>\n<a href=\"http:\/\/muzeumpamieci.umk.pl\/?p=2764\"><em><strong>Muzea w kontek\u015bcie wyzna\u0144<\/strong><\/em><\/a><\/span><\/p>\n<p><span style=\"color: #808080;\"><strong>XII SEMINARIUM MUZEALNICZE<\/strong>, 27. pa\u017adziernika 2018 r.,\u00a0sobota, godz. 11:00-14:00<br \/>\nWyk\u0142ad\u00a0<strong>dr. hab. Piotra Daszkiewicza<br \/>\n<\/strong>pt.\u00a0<em><strong><a href=\"http:\/\/muzeumpamieci.umk.pl\/?p=2790\">Narodowe Muzeum Historii Naturalnej w Pary\u017cu &#8211; miejsc pami\u0119ci prac polskich przyrodnik\u00f3w w XIX w<\/a><\/strong><\/em><\/span>.<\/p>\n<p><span style=\"color: #808080;\"><strong>XIII SEMINARIUM MUZEALNICZE<\/strong>, 15. grudnia 2018 r.,\u00a0 sobota, godz. 11:00-14:00<br \/>\n<a href=\"http:\/\/muzeumpamieci.umk.pl\/?p=2910\"><strong><em>Muzea i kolekcje muzealne rzemios\u0142a artystycznego (XIX w.)<\/em><\/strong><\/a><\/span><\/p>\n<p><span style=\"color: #808080;\">XIV SEMINARIUM MUZEALNICZE, 26. stycznia 2019 r.,\u00a0 sobota, godz. 11:00-14:00<br \/>\n<strong><em><a href=\"http:\/\/muzeumpamieci.umk.pl\/?p=3383\">Wystawy do 1918 r. i ich znaczenie dla rozwoju muzealnictwa i kszta\u0142towania kultury pami\u0119ci<\/a><br \/>\n<\/em><\/strong>prowadzenie: Ma\u0142gorzata Baka, Aldona To\u0142ysz<\/span><\/p>\n<p><span style=\"color: #808080;\">XV SEMINARIUM MUZEALNICZE, 30. marca 2019 r.,\u00a0 sobota, godz. 11:00-14:00<br \/>\n<b><i>Seminarium metodyczne i redakcyjno-organizacyjne<br \/>\n<\/i>(zamkni\u0119te &#8211; tylko dla cz\u0142onk\u00f3w zespo\u0142u projektowego)<\/b><\/span><\/p>\n<p><span style=\"color: #808080;\">XVI SEMINARIUM MUZEALNICZE, 26. kwietnia 2019 r.,\u00a0 sobota, godz. 11:00-14:00<br \/>\n<b><i>Seminarium metodyczne i redakcyjno-organizacyjne<br \/>\n<\/i>(zamkni\u0119te &#8211; tylko dla cz\u0142onk\u00f3w zespo\u0142u projektowego)<\/b><\/span><\/p>\n<p><span style=\"color: #808080;\">XVII SEMINARIUM MUZEALNICZE &#8211; 15. czerwca\u00a0 2019 r., sobota, godz. 11:00-14:00<br \/>\n<a href=\"http:\/\/muzeumpamieci.umk.pl\/?p=4903\"><em><strong>Muzealnicy i badacze muze\u00f3w<\/strong><\/em><\/a><br \/>\nprowadzenie: Ma\u0142gorzata Baka<\/span><\/p>\n<p><span style=\"color: #808080;\">XVIII SEMINARIUM MUZEALNICZE &#8211; 29. lutego 2020 r., sobota, godz. 11:00-14:00<\/span><br \/>\n<span style=\"color: #808080;\"><b><a href=\"http:\/\/muzeumpamieci.umk.pl\/?p=5774\"><i>O muzealnictwie etnograficznym<\/i> &#8211; z udzia\u0142em go\u015bcia, dr. Huberta Czachowskiego z Muzeum Etnograficznego w Toruniu<\/a><br \/>\n<\/b>prowadzenie: Tomasz F. de Rosset<\/span><\/p>\n<hr \/>\n","protected":false},"excerpt":{"rendered":"<p>Seminaria muzealnicze organizowane przez Zak\u0142ad Muzealnictwa w ramach projektu &#8222;Muzeum w polskiej kulturze pami\u0119ci (do 1918 r.): wczesne instytucje muzealne wobec muzeologii cyfrowej&#8221; maj\u0105 charakter: otwarty\u00a0&#8211; dost\u0119pny dla wszystkich zainteresowanych &#8211; po zg\u0142oszeniu si\u0119 meilowo zamkni\u0119ty\u00a0&#8211; seminaria dla grup roboczych. Przyj\u0119li\u015bmy formu\u0142\u0119 swobodnej rozmowy wraz z wyst\u0105pieniami specjalist\u00f3w, g\u0142\u00f3wnie wsp\u00f3\u0142pracuj\u0105cych z nami w ramach projektu,a&hellip; <\/p>\n","protected":false},"author":1,"featured_media":0,"parent":18,"menu_order":0,"comment_status":"closed","ping_status":"closed","template":"","meta":{"footnotes":""},"class_list":["post-55","page","type-page","status-publish","hentry"],"aioseo_notices":[],"_links":{"self":[{"href":"https:\/\/muzeumpamieci.umk.pl\/index.php?rest_route=\/wp\/v2\/pages\/55","targetHints":{"allow":["GET"]}}],"collection":[{"href":"https:\/\/muzeumpamieci.umk.pl\/index.php?rest_route=\/wp\/v2\/pages"}],"about":[{"href":"https:\/\/muzeumpamieci.umk.pl\/index.php?rest_route=\/wp\/v2\/types\/page"}],"author":[{"embeddable":true,"href":"https:\/\/muzeumpamieci.umk.pl\/index.php?rest_route=\/wp\/v2\/users\/1"}],"replies":[{"embeddable":true,"href":"https:\/\/muzeumpamieci.umk.pl\/index.php?rest_route=%2Fwp%2Fv2%2Fcomments&post=55"}],"version-history":[{"count":74,"href":"https:\/\/muzeumpamieci.umk.pl\/index.php?rest_route=\/wp\/v2\/pages\/55\/revisions"}],"predecessor-version":[{"id":6968,"href":"https:\/\/muzeumpamieci.umk.pl\/index.php?rest_route=\/wp\/v2\/pages\/55\/revisions\/6968"}],"up":[{"embeddable":true,"href":"https:\/\/muzeumpamieci.umk.pl\/index.php?rest_route=\/wp\/v2\/pages\/18"}],"wp:attachment":[{"href":"https:\/\/muzeumpamieci.umk.pl\/index.php?rest_route=%2Fwp%2Fv2%2Fmedia&parent=55"}],"curies":[{"name":"wp","href":"https:\/\/api.w.org\/{rel}","templated":true}]}}