{"id":4686,"date":"2019-04-12T15:23:34","date_gmt":"2019-04-12T13:23:34","guid":{"rendered":"http:\/\/muzeumpamieci.umk.pl\/?page_id=4686"},"modified":"2019-04-12T15:23:35","modified_gmt":"2019-04-12T13:23:35","slug":"kontakt-i-organizatorzy","status":"publish","type":"page","link":"https:\/\/muzeumpamieci.umk.pl\/?page_id=4686","title":{"rendered":"Kontakt i organizatorzy:"},"content":{"rendered":"\n<hr class=\"wp-block-separator\"\/>\n\n\n\n<p style=\"text-align:center\"><a href=\"http:\/\/muzeumpamieci.umk.pl\/?page_id=4656\">O KONFERENCJI<\/a> | <a href=\"http:\/\/muzeumpamieci.umk.pl\/?page_id=4682\">REJESTRACJA &amp; INFO<\/a> | PROGRAM | <br><em><a href=\"http:\/\/muzeumpamieci.umk.pl\/?page_id=4658\">ENGLISH VERSION<\/a><\/em><\/p>\n\n\n\n<hr class=\"wp-block-separator\"\/>\n\n\n\n<p>ORGANIZATORZY:<br>Organizatorem konferencji jest Zak\u0142ad Muzealnictwa Instytutu Zabytkoznawstwa i Konserwatorstwa Wydzia\u0142u Sztuk Pi\u0119knych Uniwersytetu Miko\u0142aja Kopernika w Toruniu.<br>Konferencja organizowana jest w ramach projektu &#8222;Muzeum w polskiej kulturze pami\u0119ci (do 1918 r.): wczesne instytucje muzealne wobec muzeologii cyfrowej&#8221;.<\/p>\n\n\n\n<hr class=\"wp-block-separator\"\/>\n\n\n\n<p>KIEROWNIK PROGRAMOWY KONFERENCJI:<br>dr hab. Tomasz F. de Rosset, prof. UMK<br>@: tfrosset@umk.pl<\/p>\n\n\n\n<p>SEKRETARZE KONFERENCJI:<br>mgr Ewelina Bednarz Doiczmanowa<br>@: e.bdnrz@doktorant.umk.pl | tel. 506 023 799<\/p>\n\n\n\n<p>mgr Aldona To\u0142ysz<br>@: atolysz@doktorant.umk.pl<\/p>\n\n\n\n<hr class=\"wp-block-separator\"\/>\n\n\n\n<p>ADRES KORESPONDENCYJNY:<br>Zak\u0142ad Muzealnictwa, Wydzia\u0142 Sztuk Pi\u0119knych  <br>UMK w Toruniu  <br>ul. Sienkiewicza 30\/32, 87-100 Toru\u0144  <br>tel. 56 611 38 19 | 56 611 38 20  <br>@: muzeumpamieci@umk.pl  <\/p>\n\n\n\n<hr class=\"wp-block-separator\"\/>\n\n\n\n<p style=\"text-align:center\"><a href=\"http:\/\/muzeumpamieci.umk.pl\/?page_id=4656\">O KONFERENCJI<\/a> | <a href=\"http:\/\/muzeumpamieci.umk.pl\/?page_id=4682\">REJESTRACJA &amp; INFO<\/a> | PROGRAM | <br><em><a href=\"http:\/\/muzeumpamieci.umk.pl\/?page_id=4658\">ENGLISH VERSION<\/a><\/em><\/p>\n\n\n\n<hr class=\"wp-block-separator\"\/>\n","protected":false},"excerpt":{"rendered":"<p>O KONFERENCJI | REJESTRACJA &amp; INFO | PROGRAM | ENGLISH VERSION ORGANIZATORZY:Organizatorem konferencji jest Zak\u0142ad Muzealnictwa Instytutu Zabytkoznawstwa i Konserwatorstwa Wydzia\u0142u Sztuk Pi\u0119knych Uniwersytetu Miko\u0142aja Kopernika w Toruniu.Konferencja organizowana jest w ramach projektu &#8222;Muzeum w polskiej kulturze pami\u0119ci (do 1918 r.): wczesne instytucje muzealne wobec muzeologii cyfrowej&#8221;. KIEROWNIK PROGRAMOWY KONFERENCJI:dr hab. Tomasz F. de Rosset,&hellip; <\/p>\n","protected":false},"author":1,"featured_media":0,"parent":0,"menu_order":0,"comment_status":"closed","ping_status":"closed","template":"","meta":{"footnotes":""},"class_list":["post-4686","page","type-page","status-publish","hentry"],"aioseo_notices":[],"_links":{"self":[{"href":"https:\/\/muzeumpamieci.umk.pl\/index.php?rest_route=\/wp\/v2\/pages\/4686","targetHints":{"allow":["GET"]}}],"collection":[{"href":"https:\/\/muzeumpamieci.umk.pl\/index.php?rest_route=\/wp\/v2\/pages"}],"about":[{"href":"https:\/\/muzeumpamieci.umk.pl\/index.php?rest_route=\/wp\/v2\/types\/page"}],"author":[{"embeddable":true,"href":"https:\/\/muzeumpamieci.umk.pl\/index.php?rest_route=\/wp\/v2\/users\/1"}],"replies":[{"embeddable":true,"href":"https:\/\/muzeumpamieci.umk.pl\/index.php?rest_route=%2Fwp%2Fv2%2Fcomments&post=4686"}],"version-history":[{"count":1,"href":"https:\/\/muzeumpamieci.umk.pl\/index.php?rest_route=\/wp\/v2\/pages\/4686\/revisions"}],"predecessor-version":[{"id":4687,"href":"https:\/\/muzeumpamieci.umk.pl\/index.php?rest_route=\/wp\/v2\/pages\/4686\/revisions\/4687"}],"wp:attachment":[{"href":"https:\/\/muzeumpamieci.umk.pl\/index.php?rest_route=%2Fwp%2Fv2%2Fmedia&parent=4686"}],"curies":[{"name":"wp","href":"https:\/\/api.w.org\/{rel}","templated":true}]}}