{"id":4682,"date":"2019-04-12T15:12:59","date_gmt":"2019-04-12T13:12:59","guid":{"rendered":"http:\/\/muzeumpamieci.umk.pl\/?page_id=4682"},"modified":"2020-03-15T11:14:26","modified_gmt":"2020-03-15T10:14:26","slug":"rejestracja-na-konferencje","status":"publish","type":"page","link":"https:\/\/muzeumpamieci.umk.pl\/?page_id=4682","title":{"rendered":"Rejestracja na konferencj\u0119:"},"content":{"rendered":"\n<hr class=\"wp-block-separator\"\/>\n\n\n\n<p style=\"text-align:center\"> <a href=\"http:\/\/muzeumpamieci.umk.pl\/?page_id=4656\">O KONFERENCJI<\/a> | <a href=\"http:\/\/muzeumpamieci.umk.pl\/?page_id=4686\">KONTAKT <\/a>| <a href=\"http:\/\/muzeumpamieci.umk.pl\/?page_id=5611\">PROGRAM <\/a><br><em><a href=\"http:\/\/muzeumpamieci.umk.pl\/?page_id=4658\">ENGLISH VERSION<\/a><\/em> <\/p>\n\n\n\n<hr class=\"wp-block-separator\"\/>\n\n\n\n<p>ZAG\u0141OSZENIA:<br> <strong>do 30. wrze\u015bnia 2019 r. <\/strong>[przed\u0142u\u017cony&nbsp;nab\u00f3r] (formularz zg\u0142oszeniowy) na adres: <a href=\"mailto:muzeumpamieci@umk.pl\">muzeumpamieci@umk.pl<\/a> <\/p>\n\n\n\n<div class=\"wp-block-file\"><a href=\"http:\/\/muzeumpamieci.umk.pl\/wp-content\/uploads\/2019\/06\/Formularz-zg\u0142oszeniowy-konferencja.docx\"><strong>Formularz zg\u0142oszeniowy konferencja<\/strong><\/a><a href=\"http:\/\/muzeumpamieci.umk.pl\/wp-content\/uploads\/2019\/06\/Formularz-zg\u0142oszeniowy-konferencja.docx\" class=\"wp-block-file__button\" download>Pobierz<\/a><\/div>\n\n\n\n<p> Informacja o zakwalifikowaniu na konferencj\u0119: <strong>do 15. pa\u017adziernika 2019 r. <\/strong><\/p>\n\n\n\n<div class=\"wp-block-file\"><a href=\"http:\/\/muzeumpamieci.umk.pl\/wp-content\/uploads\/2019\/08\/KONFERENCJA-Pami\u0119\u0107-wieloraka-info-PL.pdf\">KONFERENCJA Pami\u0119\u0107 wieloraka &#8211; info<\/a><a href=\"http:\/\/muzeumpamieci.umk.pl\/wp-content\/uploads\/2019\/08\/KONFERENCJA-Pami\u0119\u0107-wieloraka-info-PL.pdf\" class=\"wp-block-file__button\" download>Pobierz<\/a><\/div>\n\n\n\n<hr class=\"wp-block-separator\"\/>\n\n\n\n<p>J\u0118ZYK OBRAD: <strong>polski,<\/strong> <strong>angielski, niemiecki i rosyjski. <\/strong><\/p>\n\n\n\n<p>CZAS WYST\u0104PIENIA:<br>Podobnie jak w przypadku naszych wcze\u015bniejszych konferencji postanowili\u015bmy przyj\u0105\u0107, \u017ce <strong>na ka\u017cde wyst\u0105pienie przeznaczone b\u0119dzie 45 minut, z czego 25 minut na referat, a 20 minut <\/strong>\u2013 <strong>na pytania i komentarze<\/strong>. Takie rozwi\u0105zanie, chocia\u017c po\u0142\u0105czone z konieczno\u015bci\u0105 ograniczenia liczby wyst\u0105pie\u0144 (a wiec i trudnym procesem ich selekcji), zapewni, mamy nadzieje, odpowiedni\u0105 ilo\u015b\u0107 czasu na wymian\u0119 pogl\u0105d\u00f3w i dyskusj\u0119.<br><\/p>\n\n\n\n<hr class=\"wp-block-separator\"\/>\n\n\n\n<p>OP\u0141ATA KONFERENCYJNA: <strong>200 z\u0142<\/strong><br>Op\u0142ata obejmuje<em><strong> nocleg&nbsp;i&nbsp;wy\u017cywienie<\/strong><\/em><\/p>\n\n\n\n<p><strong>Wp\u0142aty&nbsp;nale\u017cy&nbsp;dokona\u0107 do 30.10.2019&nbsp;na&nbsp;poni\u017csze konto (po otrzymaniu potwierdzenia udzia\u0142u w sesji):<\/strong><\/p>\n\n\n\n<p style=\"text-align:center\">Uniwersytet Miko\u0142aja Kopernika W Toruniu<br>Bank Millenium S.A. Warszawa<br>45 1160 2202 0000 0000 3174 8579<br>w tytule: <em>&#8222;Pami\u0119\u0107 wieloraka&#8221;, imi\u0119 i nazwisko uczestnika<\/em><\/p>\n\n\n\n<p><\/p>\n\n\n\n<hr class=\"wp-block-separator\"\/>\n\n\n\n<p style=\"text-align:center\">  <a href=\"http:\/\/muzeumpamieci.umk.pl\/?page_id=4656\">O KONFERENCJI<\/a> | <a href=\"http:\/\/muzeumpamieci.umk.pl\/?page_id=4686\">KONTAKT <\/a>| <a href=\"http:\/\/muzeumpamieci.umk.pl\/?page_id=5611\">PROGRAM  <\/a><br><em><a href=\"http:\/\/muzeumpamieci.umk.pl\/?page_id=4658\">ENGLISH VERSION<\/a><\/em> <\/p>\n\n\n\n<hr class=\"wp-block-separator\"\/>\n","protected":false},"excerpt":{"rendered":"<p>O KONFERENCJI | KONTAKT | PROGRAM ENGLISH VERSION ZAG\u0141OSZENIA: do 30. wrze\u015bnia 2019 r. [przed\u0142u\u017cony&nbsp;nab\u00f3r] (formularz zg\u0142oszeniowy) na adres: muzeumpamieci@umk.pl Informacja o zakwalifikowaniu na konferencj\u0119: do 15. pa\u017adziernika 2019 r. J\u0118ZYK OBRAD: polski, angielski, niemiecki i rosyjski. CZAS WYST\u0104PIENIA:Podobnie jak w przypadku naszych wcze\u015bniejszych konferencji postanowili\u015bmy przyj\u0105\u0107, \u017ce na ka\u017cde wyst\u0105pienie przeznaczone b\u0119dzie 45 minut,&hellip; <\/p>\n","protected":false},"author":1,"featured_media":0,"parent":0,"menu_order":0,"comment_status":"closed","ping_status":"closed","template":"","meta":{"footnotes":""},"class_list":["post-4682","page","type-page","status-publish","hentry"],"aioseo_notices":[],"_links":{"self":[{"href":"https:\/\/muzeumpamieci.umk.pl\/index.php?rest_route=\/wp\/v2\/pages\/4682","targetHints":{"allow":["GET"]}}],"collection":[{"href":"https:\/\/muzeumpamieci.umk.pl\/index.php?rest_route=\/wp\/v2\/pages"}],"about":[{"href":"https:\/\/muzeumpamieci.umk.pl\/index.php?rest_route=\/wp\/v2\/types\/page"}],"author":[{"embeddable":true,"href":"https:\/\/muzeumpamieci.umk.pl\/index.php?rest_route=\/wp\/v2\/users\/1"}],"replies":[{"embeddable":true,"href":"https:\/\/muzeumpamieci.umk.pl\/index.php?rest_route=%2Fwp%2Fv2%2Fcomments&post=4682"}],"version-history":[{"count":12,"href":"https:\/\/muzeumpamieci.umk.pl\/index.php?rest_route=\/wp\/v2\/pages\/4682\/revisions"}],"predecessor-version":[{"id":5925,"href":"https:\/\/muzeumpamieci.umk.pl\/index.php?rest_route=\/wp\/v2\/pages\/4682\/revisions\/5925"}],"wp:attachment":[{"href":"https:\/\/muzeumpamieci.umk.pl\/index.php?rest_route=%2Fwp%2Fv2%2Fmedia&parent=4682"}],"curies":[{"name":"wp","href":"https:\/\/api.w.org\/{rel}","templated":true}]}}