{"id":4656,"date":"2019-04-12T13:29:14","date_gmt":"2019-04-12T11:29:14","guid":{"rendered":"http:\/\/muzeumpamieci.umk.pl\/?page_id=4656"},"modified":"2020-03-15T11:09:19","modified_gmt":"2020-03-15T10:09:19","slug":"miedzynarodowa-konferencja-naukowa","status":"publish","type":"page","link":"https:\/\/muzeumpamieci.umk.pl\/?page_id=4656","title":{"rendered":"Mi\u0119dzynarodowa konferencja naukowa"},"content":{"rendered":"\n<h2 class=\"wp-block-heading\"><strong>Pami\u0119\u0107 wieloraka: Muzea na ziemiach Rzeczpospolitej w epoce rozbior\u00f3w<\/strong><\/h2>\n\n\n\n<hr class=\"wp-block-separator\"\/>\n\n\n\n<h4 class=\"wp-block-heading\">Toru\u0144 <br>14-16 listopada 2019 r.<\/h4>\n\n\n\n<hr class=\"wp-block-separator\"\/>\n\n\n\n<p style=\"text-align:center\"><a href=\"http:\/\/muzeumpamieci.umk.pl\/?page_id=4682\">REJESTRACJA &amp; INFO<\/a> | <a href=\"http:\/\/muzeumpamieci.umk.pl\/?page_id=4682\">KONTAKT <\/a>| <a href=\"http:\/\/muzeumpamieci.umk.pl\/?page_id=5611\">PROGRAM<\/a><br><em><a href=\"http:\/\/muzeumpamieci.umk.pl\/?page_id=4658\">ENGLISH VERSION<\/a><\/em> <\/p>\n\n\n\n<hr class=\"wp-block-separator\"\/>\n\n\n\n<p>Trzecia konferencja naukowa w ramach projektu badawczego <em>Muzeum w polskiej kulturze pami\u0119ci (do 1918 r.)<\/em> finansowanego z Narodowego Programu Rozwoju Humanistyki, stanowi\u0107 b\u0119dzie podsumowanie i publiczn\u0105 prezentacj\u0119 jego rezultat\u00f3w tak w tradycyjnej postaci publikacji i referat\u00f3w, jak te\u017c cyfrowej, semantycznej bazy danych instytucji o charakterze muzealnym obj\u0119tych naszymi badaniami. Przede wszystkim wszak b\u0119dzie ona po\u015bwi\u0119cona r\u00f3\u017cnorodno\u015bci, jaka charakteryzowa\u0142a ten obszar kultury \u2013 r\u00f3\u017cnorodno\u015bci form, jakie przybiera\u0142y muzea, zbior\u00f3w i zakres\u00f3w merytorycznych ich dzia\u0142alno\u015bci, realizacji ich misji poprzez budowan\u0105 narracj\u0119, w ko\u0144cu r\u00f3\u017cnorodno\u015bci samych misji, czyli cel\u00f3w, przes\u0142a\u0144. Nasze badania, zebrany materia\u0142 \u017ar\u00f3d\u0142owy i jego analiza ujawni\u0142y wiele niedostrzeganych dot\u0105d aspekt\u00f3w wczesnej historii polskiego muzealnictwa. Istotne s\u0105 tu i konotacje \u0142\u0105czone z samym terminem muzeum, i ilo\u015b\u0107 plac\u00f3wek powsta\u0142ych przed 1918 rokiem (blisko cztery setki czasem efemerycznych, ale czasem dzia\u0142aj\u0105cych do dzi\u015b), i ich wp\u0142yw na kultur\u0119 artystyczn\u0105 oraz intelektualn\u0105. Jednak\u017ce to w\u0142a\u015bnie r\u00f3\u017cnorodno\u015b\u0107 stanowi\u0142aby cech\u0119 bardzo trafnie je charakteryzuj\u0105c\u0105.  <\/p>\n\n\n\n<p>By\u0142a ona w du\u017cej mierze rezultatem braku samodzielnej pa\u0144stwowo\u015bci. W ramach trzech innych pa\u0144stwowo\u015bci funkcjonuj\u0105cych tu w latach 1795-1918 tereny dawnej Rzeczpospolitej mia\u0142y charakter peryferyjny, w pewnym  sensie kolonialny. Nie mog\u0142a wi\u0119c wykszta\u0142ci\u0107 si\u0119 jednolita struktura muze\u00f3w i model ich statusu w\u0142asno\u015bciowego, finansowania, funkcjonowania. Jednak\u017ce zasadnicze znaczenie musia\u0142a mie\u0107 tu r\u00f3\u017cnorodno\u015b\u0107 pami\u0119ci, dla kt\u00f3rej muzeum jest \u015bwi\u0105tyni\u0105, skarbcem, instytutem badawczym, ale te\u017c i rodzajem teatralnej sceny. Pisa\u0142 Pierre Nora: \u201e\u2026 istnieje tak du\u017co pami\u0119ci, jak du\u017co jest grup [wsp\u00f3lnotowych]\u201d (<em>Mi\u0119dzy pami\u0119ci\u0105 i histori\u0105: lieux de memoire<\/em>). Obszar Rzeczpospolitej w omawianym okresie jest pod tym wzgl\u0119dem znakomitym polem badawczym. Z jednej strony \u017cywa tu by\u0142a tradycja przedrozbiorowego bazaru narod\u00f3w, stan\u00f3w i religii, gdzie rozmaite pami\u0119ci krzy\u017cowa\u0142y si\u0119 z sob\u0105, zachodzi\u0142y na siebie, \u015bciera\u0142y, wsp\u00f3\u0142istnia\u0142y, konkurowa\u0142y, wzajemnie zwalcza\u0142y. Z drugiej \u2013 historia narzuci\u0142a zasadnicz\u0105 konfrontacj\u0119 pami\u0119ci obywateli wolnej kiedy\u015b Rzeczpospolitej z pami\u0119ci\u0105 zaborc\u00f3w, co mia\u0142o odzwierciedlenie tak\u017ce na obszarze muzealnictwa. Bardzo wa\u017cne by\u0142y tu reakcje na projekty i dzia\u0142alno\u015b\u0107 polskich muze\u00f3w, a tak\u017ce swego rodzaju konkurencja mi\u0119dzy nimi, a muzeami inspirowanymi przez \u00f3wczesne w\u0142adze, szczeg\u00f3lnie mocna w Wielkopolsce, a g\u0142\u00f3wnie w Poznaniu (Muzeum im. Miel\u017cy\u0144skich PTPN oraz Kaiser Friedrich Museum), w mniejszym stopniu z zaborze rosyjskim, w Kr\u00f3lestwie Polskim i na ziemiach w\u0142\u0105czonych do Imperium, a w zasadzie nieobecna w Galicji w okresie autonomii. Nie mo\u017cna przy tym pomija\u0107 faktu, \u017ce owa \u201epami\u0119\u0107 obywateli Rzeczpospolitej\u201d bynajmniej nie by\u0142a jednolita pod wzgl\u0119dem narodowym, co stanowi\u0142o naczelny czynnik zr\u00f3\u017cnicowania badanych muze\u00f3w.  Obok polskich istnia\u0142y wi\u0119c muzea ukrai\u0144skie, litewskie, niemieckie i \u017cydowskie, odnosi\u0142y si\u0119 one tak\u017ce do podzia\u0142\u00f3w religijnych\/wyznaniowych (g\u0142\u00f3wnie przeciwstawienie prawos\u0142awia katolicyzmowi w zaborze rosyjskim), odzwierciedla\u0142y wreszcie pami\u0119ci lokalne i pami\u0119ci grup etnicznych, jak np. Kaszubi, Huculi, Kurpie, \u015al\u0105zacy.  <\/p>\n\n\n\n<p>Chcemy zatem nakierowa\u0107 muzeologiczn\u0105 refleksj\u0119 na r\u00f3\u017cnorodne aspekty wsp\u00f3\u0142istnienia r\u00f3\u017cnych pami\u0119ci dawnej Rzeczpospolitej i jej ziem w okresie porozbiorowym oraz ich odzwierciedlenia w dzia\u0142alno\u015bci muze\u00f3w. Jak\u0105 pami\u0119\u0107 \/ jakie pami\u0119ci kultywowa\u0142y te muzea i jak uk\u0142ada\u0142y si\u0119 ich wzajemne relacje. Jest to materia skomplikowana i bardzo wra\u017cliwa, gdy\u017c w spos\u00f3b nieunikniony otwiera sfer\u0119 rozlicznych konflikt\u00f3w na tym tle, nierzadko \u017cywych do dzi\u015b. Wymaga wi\u0119c szczeg\u00f3lnych stara\u0144, aby zgodnie z zaleceniem Tacyta post\u0119powa\u0107 <em>sine ira et studio<\/em>.<\/p>\n\n\n\n<p>Jako podstaw\u0119 debaty\nproponujemy trzy \u015bci\u015ble z sob\u0105 powi\u0105zane zakresy tematyczne: \n<\/p>\n\n\n\n<ul class=\"wp-block-list\"><li>R\u00f3\u017cnorodno\u015b\u0107\n\tpami\u0119ci w muzeum na obszarze d. Rzeczpospolitej: zr\u00f3\u017cnicowanie\n\tmuze\u00f3w pod wzgl\u0119dem merytorycznym, politycznym i spo\u0142ecznym, wraz\n\tze specyfik\u0105 sytuacji na naszych ziemiach; kwestia odzwierciedlenia\n\tw muzealnictwie podzia\u0142\u00f3w narodowo\u015bciowych, lokalnych, zwi\u0105zanych\n\tz kszta\u0142towaniem si\u0119 \u015bwiadomo\u015bci narodowej i \u015bwiadomo\u015bci\n\tnowych obszar\u00f3w pami\u0119ci w powi\u0105zaniu z rozwojem nowoczesnych\n\tdyscyplin nauki (jak w przypadku\n\tzainteresowa\u0144 ludoznawczych, kt\u00f3re w omawianym okresie ze\n\tskromnego kolekcjonerstwa \u201ech\u0142opskich kurioz\u00f3w\u201d przekszta\u0142ci\u0142o\n\tsi\u0119 w specjalistyczn\u0105 etnologi\u0119);\n<\/li><\/ul>\n\n\n\n<ul class=\"wp-block-list\"><li>Wsp\u00f3\u0142istnienie:\n\twzajemne relacje, wzory, wp\u0142ywy, narzucanie i przejmowanie pami\u0119ci,\n\ta tak\u017ce konkurencja i wsp\u00f3\u0142praca\n\tmi\u0119dzy muzeami \u2013 jest to problematyka istotna z uwagi na rang\u0119,\n\tjak\u0105 XIX stulecie przywi\u0105zywa\u0142o do instytucji muzeum w kontek\u015bcie\n\tkultury narodowej;\n<\/li><\/ul>\n\n\n\n<ul class=\"wp-block-list\"><li>Konfrontacja:\n\tpolityka w\u0142adz zaborczych wobec muzeum, muzea pruskie\/niemieckie i\n\trosyjskie, muzeum jako element sporu politycznego, a tak\u017ce walki\n\tnarodowo-wyzwole\u0144czej oraz walki o emancypacj\u0119 narodow\u0105.\n<\/li><\/ul>\n\n\n\n<p> Do udzia\u0142u w konferencji zapraszamy przedstawicieli wszystkich dziedzin muzealnictwa maj\u0105cych odpowiednik w zbiorach istniej\u0105cych na ziemiach Rzeczpospolitej do 1918 roku. Zapraszamy tak\u017ce naszych koleg\u00f3w Rosjan, Niemc\u00f3w, \u017byd\u00f3w, Litwin\u00f3w, Ukrai\u0144c\u00f3w, Bia\u0142orusin\u00f3w, \u0141otyszy, z kt\u00f3rymi \u0142\u0105czy nas dziedzictwo i pami\u0119\u0107, bardzo cz\u0119sto trudna, a czasem wr\u0119cz tragiczna, ale przecie\u017c wsp\u00f3lna, tworz\u0105ca t\u0119 sam\u0105 \u2013 chocia\u017c r\u00f3\u017cnorodn\u0105 \u2013 kultur\u0119 pami\u0119ci.<\/p>\n\n\n\n<hr class=\"wp-block-separator\"\/>\n\n\n\n<div class=\"wp-block-file\"><a href=\"http:\/\/muzeumpamieci.umk.pl\/wp-content\/uploads\/2019\/08\/KONFERENCJA-Pami\u0119\u0107-wieloraka-info-PL.pdf\">KONFERENCJA Pami\u0119\u0107 wieloraka &#8211; info<\/a><a href=\"http:\/\/muzeumpamieci.umk.pl\/wp-content\/uploads\/2019\/08\/KONFERENCJA-Pami\u0119\u0107-wieloraka-info-PL.pdf\" class=\"wp-block-file__button\" download>Pobierz<\/a><\/div>\n\n\n\n<hr class=\"wp-block-separator\"\/>\n\n\n\n<p style=\"text-align:center\"><a href=\"http:\/\/muzeumpamieci.umk.pl\/?page_id=4682\">REJESTRACJA &amp; INFO<\/a> | <a href=\"http:\/\/muzeumpamieci.umk.pl\/?page_id=4682\">KONTAKT <\/a>| PROGRAM <br><em><a href=\"http:\/\/muzeumpamieci.umk.pl\/?page_id=4658\">ENGLISH VERSION<\/a><\/em> <\/p>\n\n\n\n<hr class=\"wp-block-separator\"\/>\n","protected":false},"excerpt":{"rendered":"<p>Pami\u0119\u0107 wieloraka: Muzea na ziemiach Rzeczpospolitej w epoce rozbior\u00f3w Toru\u0144 14-16 listopada 2019 r. REJESTRACJA &amp; INFO | KONTAKT | PROGRAMENGLISH VERSION Trzecia konferencja naukowa w ramach projektu badawczego Muzeum w polskiej kulturze pami\u0119ci (do 1918 r.) finansowanego z Narodowego Programu Rozwoju Humanistyki, stanowi\u0107 b\u0119dzie podsumowanie i publiczn\u0105 prezentacj\u0119 jego rezultat\u00f3w tak w tradycyjnej postaci&hellip; <\/p>\n","protected":false},"author":1,"featured_media":0,"parent":0,"menu_order":0,"comment_status":"closed","ping_status":"closed","template":"","meta":{"footnotes":""},"class_list":["post-4656","page","type-page","status-publish","hentry"],"aioseo_notices":[],"_links":{"self":[{"href":"https:\/\/muzeumpamieci.umk.pl\/index.php?rest_route=\/wp\/v2\/pages\/4656","targetHints":{"allow":["GET"]}}],"collection":[{"href":"https:\/\/muzeumpamieci.umk.pl\/index.php?rest_route=\/wp\/v2\/pages"}],"about":[{"href":"https:\/\/muzeumpamieci.umk.pl\/index.php?rest_route=\/wp\/v2\/types\/page"}],"author":[{"embeddable":true,"href":"https:\/\/muzeumpamieci.umk.pl\/index.php?rest_route=\/wp\/v2\/users\/1"}],"replies":[{"embeddable":true,"href":"https:\/\/muzeumpamieci.umk.pl\/index.php?rest_route=%2Fwp%2Fv2%2Fcomments&post=4656"}],"version-history":[{"count":8,"href":"https:\/\/muzeumpamieci.umk.pl\/index.php?rest_route=\/wp\/v2\/pages\/4656\/revisions"}],"predecessor-version":[{"id":5920,"href":"https:\/\/muzeumpamieci.umk.pl\/index.php?rest_route=\/wp\/v2\/pages\/4656\/revisions\/5920"}],"wp:attachment":[{"href":"https:\/\/muzeumpamieci.umk.pl\/index.php?rest_route=%2Fwp%2Fv2%2Fmedia&parent=4656"}],"curies":[{"name":"wp","href":"https:\/\/api.w.org\/{rel}","templated":true}]}}