{"id":41,"date":"2016-10-02T00:46:03","date_gmt":"2016-10-01T22:46:03","guid":{"rendered":"http:\/\/muzeumpamieci.umk.pl\/?page_id=41"},"modified":"2022-06-06T13:19:29","modified_gmt":"2022-06-06T11:19:29","slug":"zespol","status":"publish","type":"page","link":"https:\/\/muzeumpamieci.umk.pl\/?page_id=41","title":{"rendered":"ZESP\u00d3\u0141"},"content":{"rendered":"<h5 style=\"text-align: justify;\"><span style=\"color: #003366;\"><strong>dr hab. Tomasz de Rosset, prof. UM<span style=\"color: #003366;\">K<\/span><\/strong>\u00a0<\/span><\/h5>\n<h6 style=\"text-align: justify;\"><span style=\"color: #003366;\">Kierownik projektu<\/span> | <a href=\"tfrosset@umk.pl\">@-mail<\/a> | tel. 56 611 38 19<\/h6>\n<p style=\"text-align: justify;\">Absolwent Wydzia\u0142u Sztuk Pi\u0119knych UMK (Konserwatorstwo i Muzealnictwo, 1985). Tytu\u0142 doktora\u00a0nauk humanistycznych w zakresie\u00a0nauk o sztuce\u00a0uzyska\u0142 na\u00a0Wydzia\u0142 Sztuk Pi\u0119knych UMK w Toruniu,\u00a0temat rozprawy: A<em>ndrzej Mniszech (1823\/24 &#8211; 1905): dzia\u0142alno\u015b\u0107 kolekcjonerska\u00a0<\/em><em>na tle pogl\u0105d\u00f3w francuskiej krytyki artystycznej XIX wieku<\/em>\u00a0(1995). Od 2006 r. doktor habilitowany w dziedzinie nauk humanistycznych w zakresie\u00a0nauk o sztuce;\u00a0temat rozprawy: <em>Polskie kolekcje i zbiory artystyczne we Francji w latach 1795-1919: mi\u0119dzy \u201eskarbnic\u0105 narodow\u0105\u201d a\u00a0<\/em><em>galeri\u0105 sztuki<\/em> (Toru\u0144, Wydawnictwo UMK, 2005). Od 2010 r. profesor nadzwyczajny Uniwersytetu Miko\u0142aja Kopernika w Toruniu.<\/p>\n<hr \/>\n<p style=\"text-align: justify;\"><span style=\"color: #003366;\"><strong>Ma\u0142gorzata Baka\u00a0<\/strong>&#8211; koordynatorka projektu, specjalistka [mb]<\/span> |<br \/>\nAbsolwentka Uniwersytetu Miko\u0142aja Kopernika w Toruniu, Wydzia\u0142u Sztuk Pi\u0119knych. W ramach projektu zajmuje si\u0119 problematyk\u0105 zastosowania narz\u0119dzi cyfrowych do bada\u0144 muzeologicznych, histori\u0105 muze\u00f3w przyszkolnych i uniwersyteckich. Koordynuje prace zespo\u0142u ds. narz\u0119dzi cyfrowych dla bada\u0144 muzealnych.<\/p>\n<p style=\"text-align: justify;\"><span style=\"color: #003366;\"><strong>Ewelina Bednarz Doiczmanowa <\/strong>&#8211; asystentka projektu, specjalistka [ebd]<\/span> | <a href=\"muzeumpamieci@umk.pl\">@-mail<\/a> | tel. 56 611 38 19<br \/>\nAbsolwentka Wydzia\u0142u Sztuk Pi\u0119knych, Uniwersytetu Miko\u0142aja Kopernika w Toruniu.\u00a0 Praca magisterska pt. <em>Typologia przedstawie\u0144 kobiecych we wsp\u00f3\u0142czesnej sztuce kobiet w Indiach\u00a0<\/em>napisana pod kierunkiem dr Doroty Kami\u0144skiej-Jones. Od 2015 roku doktorantka w dziedzinie Nauk o sztuce w Zak\u0142adzie Muzealnictwa. Realizowana praca doktorska:\u00a0<em>Malarstwo marynistyczne XVI-XVIII wieku w zbiorach polskich, <\/em>przygotowywana jest pod kierunkiem dr. Lecha Brusewicza oraz dr. hab. Tomasza F. de Rosseta, prof. UMK.<br \/>\nW ramach projektu prowadzi kwerendy dotycz\u0105ce regionu historycznej Ma\u0142opolski, Wielkopolski, Mazowsza i Pomorza; zajmuje si\u0119 XIX-wiecznymi kolekcjami prywatnymi udost\u0119pnianymi publiczne na Pomorzu.<\/p>\n<p style=\"text-align: justify;\"><span style=\"color: #003366;\"><strong>dr Aldona To\u0142ysz<\/strong> &#8211; specjalistka [ato]<\/span> | @-mail<br \/>\nAbsolwentka Wydzia\u0142u Sztuk Pi\u0119knych Uniwersytetu Miko\u0142aja Kopernika w Toruniu\u00a0(specjalizacje: Muzealnictwo, Konserwatorstwo), tytu\u0142 doktora nauk humanistycznych w dyscyplinie nauk o sztuce\u00a0uzyska\u0142a na\u00a0Wydziale Sztuk Pi\u0119knych UMK w Toruniu za rozpraw\u0119 pt. <em>Muzeum wobec rzeczywisto\u015bci artystycznej XX wieku. Zbiory muze\u00f3w narodowych w\u00a0Polsce, Czechach <\/em><em>i na\u00a0S\u0142owacji<\/em>. W ramach projektu prowadzi kwerendy dotycz\u0105ce regionu historycznego Mazowsza. Koordynuje prace nad wydawnictwami przewidzianymi w ramach projektu.<\/p>\n<p style=\"text-align: justify;\"><span style=\"color: #003366;\"><strong>Ma\u0142gorzata Wawrzak<\/strong> &#8211; specjalistka [mw]<\/span>\u00a0 | <a href=\"wawrzak@umk.pl\">@-mail <\/a>| tel. 56 611 38 20<br \/>\nAbsolwentka Wydzia\u0142u Sztuk Pi\u0119knych UMK &#8211; kierunek Konserwatorstwo i Muzealnictwo. Praca magisterska pt. <em>Klasztor kartuz\u00f3w w Kartuzach<\/em>, napisana pod kierunkiem prof. Mariana Kutznera. Od 2010 roku sekretarz Stowarzyszenia Przyjaci\u00f3\u0142 Wydzia\u0142u Sztuk Pi\u0119knych.<br \/>\nW ramach projektu prowadzi kwerendy dotycz\u0105ce regionu historycznej Ma\u0142opolski.<\/p>\n<p style=\"text-align: justify;\"><span style=\"color: #003366;\"><strong>dr hab. Micha\u0142 Wo\u017aniak, prof. UMK<\/strong> &#8211; specjalista<\/span> | @-mail<br \/>\nAbsolwent historii sztuki UMK w Toruniu. W latach 1971-1976 odby\u0142 studia na Wydziale Sztuk Pi\u0119knych Uniwersytetu Miko\u0142aja Kopernika w Toruniu. W 1986 r. otrzyma\u0142 tytu\u0142 doktora nauk o sztuce za prac\u0119 <em>Toru\u0144skie monstrancje promieniste<\/em>, napisan\u0105 na Uniwersytecie im. Adama Mickiewicza w Poznaniu, na Wydziale Historycznym. W latach 1987-1990 pe\u0142ni\u0142 stanowisko starszego kustosza, a nast\u0119pnie w latach 1990-2000 by\u0142 dyrektorem Muzeum Okr\u0119gowego w Toruniu. W latach 2000-2007 zosta\u0142 kuratorem ds. bada\u0144 i zbior\u00f3w artystycznych w Muzeum Zamkowym w Malborku. Od 2007 r. jest dyrektorem Muzeum Okr\u0119gowego im. Leona Wycz\u00f3\u0142kowskiego w Bydgoszczy. Jest wyk\u0142adowc\u0105 w Instytucie Zabytkoznawstwa i Konserwatorstwa Wydzia\u0142u Sztuk Pi\u0119knych UMK w Toruniu. Doktor habilitowany: Instytut Sztuki PAN, <em>Z\u0142otnictwo sakralne Prus Kr\u00f3lewskich<\/em>, 2013.\u00a0Profesor nadzwyczajny: Wydzia\u0142 Sztuk Pi\u0119knych UMK w Toruniu, 2014.<br \/>\nW ramach projektu prowadzi kwerendy dotycz\u0105ce regionu historycznej Wielkopolski; jest koordynatorem przygotowywanej &#8222;Antologii tekst\u00f3w programowych wczesnych instytucji muzealnych&#8221;.<\/p>\n<hr \/>\n","protected":false},"excerpt":{"rendered":"<p>dr hab. Tomasz de Rosset, prof. UMK\u00a0 Kierownik projektu | @-mail | tel. 56 611 38 19 Absolwent Wydzia\u0142u Sztuk Pi\u0119knych UMK (Konserwatorstwo i Muzealnictwo, 1985). Tytu\u0142 doktora\u00a0nauk humanistycznych w zakresie\u00a0nauk o sztuce\u00a0uzyska\u0142 na\u00a0Wydzia\u0142 Sztuk Pi\u0119knych UMK w Toruniu,\u00a0temat rozprawy: Andrzej Mniszech (1823\/24 &#8211; 1905): dzia\u0142alno\u015b\u0107 kolekcjonerska\u00a0na tle pogl\u0105d\u00f3w francuskiej krytyki artystycznej XIX wieku\u00a0(1995). Od&hellip; <\/p>\n","protected":false},"author":1,"featured_media":0,"parent":2,"menu_order":0,"comment_status":"closed","ping_status":"closed","template":"","meta":{"footnotes":""},"class_list":["post-41","page","type-page","status-publish","hentry"],"aioseo_notices":[],"_links":{"self":[{"href":"https:\/\/muzeumpamieci.umk.pl\/index.php?rest_route=\/wp\/v2\/pages\/41","targetHints":{"allow":["GET"]}}],"collection":[{"href":"https:\/\/muzeumpamieci.umk.pl\/index.php?rest_route=\/wp\/v2\/pages"}],"about":[{"href":"https:\/\/muzeumpamieci.umk.pl\/index.php?rest_route=\/wp\/v2\/types\/page"}],"author":[{"embeddable":true,"href":"https:\/\/muzeumpamieci.umk.pl\/index.php?rest_route=\/wp\/v2\/users\/1"}],"replies":[{"embeddable":true,"href":"https:\/\/muzeumpamieci.umk.pl\/index.php?rest_route=%2Fwp%2Fv2%2Fcomments&post=41"}],"version-history":[{"count":24,"href":"https:\/\/muzeumpamieci.umk.pl\/index.php?rest_route=\/wp\/v2\/pages\/41\/revisions"}],"predecessor-version":[{"id":9601,"href":"https:\/\/muzeumpamieci.umk.pl\/index.php?rest_route=\/wp\/v2\/pages\/41\/revisions\/9601"}],"up":[{"embeddable":true,"href":"https:\/\/muzeumpamieci.umk.pl\/index.php?rest_route=\/wp\/v2\/pages\/2"}],"wp:attachment":[{"href":"https:\/\/muzeumpamieci.umk.pl\/index.php?rest_route=%2Fwp%2Fv2%2Fmedia&parent=41"}],"curies":[{"name":"wp","href":"https:\/\/api.w.org\/{rel}","templated":true}]}}