{"id":4063,"date":"2019-02-01T14:30:48","date_gmt":"2019-02-01T13:30:48","guid":{"rendered":"http:\/\/muzeumpamieci.umk.pl\/?page_id=4063"},"modified":"2019-02-27T22:19:18","modified_gmt":"2019-02-27T21:19:18","slug":"program-ii-sympozjum-muzealniczego-1-iii-2019","status":"publish","type":"page","link":"https:\/\/muzeumpamieci.umk.pl\/?page_id=4063","title":{"rendered":"Program II Sympozjum Muzealniczego (1.III.2019)"},"content":{"rendered":"\n<hr class=\"wp-block-separator\"\/>\n\n\n\n<p style=\"text-align:center\"><a href=\"http:\/\/muzeumpamieci.umk.pl\/?page_id=2991\">INFORMACJE<\/a> | <a href=\"http:\/\/muzeumpamieci.umk.pl\/?page_id=4061\">STRESZCZENIA&nbsp;<\/a>| &nbsp;<a href=\"http:\/\/muzeumpamieci.umk.pl\/?page_id=4059\">PRELEGENCI<\/a> | <a href=\"http:\/\/muzeumpamieci.umk.pl\/?page_id=4054\">WARSZTATY<\/a><\/p>\n\n\n\n<hr class=\"wp-block-separator\"\/>\n\n\n\n<hr class=\"wp-block-separator\"\/>\n\n\n\n<h3 class=\"wp-block-heading\"><strong>PROGRAM SESJI NAUKOWEJ<br><\/strong><\/h3>\n\n\n\n<p style=\"text-align:left\"><em><strong>Biblioteka Uniwersytecka<\/strong>, Sala konferencyjna (parter)<\/em><br><em>ul. Gagarina 13 (budynek za basenem przeciwpo\u017carowym)<\/em><\/p>\n\n\n\n<div class=\"wp-block-file\"><a href=\"http:\/\/muzeumpamieci.umk.pl\/wp-content\/uploads\/2019\/02\/2-Sympozjum-Muzealnicze-program.pdf\">2. Sympozjum Muzealnicze &#8211; program<\/a><a href=\"http:\/\/muzeumpamieci.umk.pl\/wp-content\/uploads\/2019\/02\/2-Sympozjum-Muzealnicze-program.pdf\" class=\"wp-block-file__button\" download>Pobierz<\/a><\/div>\n\n\n\n<hr class=\"wp-block-separator\"\/>\n\n\n<p>10:00-10:30 &#8211; Rejestracja uczestnik\u00f3w<br>10:30-11:00 &#8211; Rozpocz\u0119cie II Sympozjum Muzealniczego<br>11:00-11:30 &#8211; <strong>dr Izabela Mrochen<\/strong>, <em>Semantyka i sk\u0142adnia strony www w procesie digitalizacji zbior\u00f3w muzealnych<\/em> <br>11:30-12:00 &#8211; <strong>Aleksandra Janus<\/strong>, <em>Humanistyka cyfrowa, muzea i historia ratownicza<\/em><br><span style=\"color: #993300;\">12:00-12:20 &#8211; dyskusja<\/span><br><span style=\"color: #993300;\">12:20-12:30 &#8211; przerwa kawowa<\/span><br>12:30-13:00 &#8211; <strong>Marcin Wilkowski,&nbsp;<\/strong><em>Wykorzystanie j\u0119zyka R w badaniach muzealniczych &#8211; wprowadzenie<\/em><br>13:00-13:30 &#8211; <strong>Alicja&nbsp;de&nbsp;Rosset,&nbsp;<\/strong><em>Digitalizacja w muzeach w Polsce. O braku systemowych rozwi\u0105za\u0144 dla polskiego sektora muzealnego<\/em><br>13:30-14:00 &#8211;&nbsp;<strong>dr Dominik Miros\u0142aw Piotrowski<\/strong>, <em>Upowszechnianie wiedzy o zbiorach muzealnych za pomoc\u0105 otwartych narz\u0119dzi do zarz\u0105dzania tre\u015bci\u0105: Omeka, CollectiveAccess, Mukurtu czy te\u017c Curatescape?<\/em><br><span style=\"color: #993300;\">14:00-14:30 &#8211; dyskusja<\/span><br><span style=\"color: #993300;\">14:30-15:30 &#8211; przerwa na lunch<\/span><br>15:30-16:00 &#8211; <strong>Ma\u0142gorzata&nbsp;Baka<\/strong>, <em>Narz\u0119dzia cyfrowe do bada\u0144 muzeologicznych,&nbsp;czyli&nbsp;&#8222;muzeologia&nbsp;cyfrowa&#8221;.<\/em><br>16:00-16:30 &#8211; <strong>Anna Kornelia J\u0119drzejewska,&nbsp;<\/strong><em>Narz\u0119dzia cyfrowe do bada\u0144 nad dziejami piernikarstwa<\/em><br><span style=\"color: #993300;\">16:30-17:00 &#8211; dyskusja<\/span><br><span style=\"color: #993300;\">17:00&nbsp; &nbsp; &nbsp; &nbsp; &nbsp; &nbsp; &#8211; zako\u0144czenie sesji<\/span><\/p>\n\n\n<hr class=\"wp-block-separator\"\/>\n\n\n\n<p><strong>Uczestnictwo jako s\u0142uchacz w konferencji jest bezp\u0142atne.<\/strong><\/p>\n\n\n\n<hr class=\"wp-block-separator\"\/>\n\n\n\n<figure class=\"wp-block-image\"><img fetchpriority=\"high\" decoding=\"async\" width=\"724\" height=\"1024\" src=\"http:\/\/muzeumpamieci.umk.pl\/wp-content\/uploads\/2019\/02\/program1-724x1024.jpg\" alt=\"\" class=\"wp-image-4399\" srcset=\"https:\/\/muzeumpamieci.umk.pl\/wp-content\/uploads\/2019\/02\/program1-724x1024.jpg 724w, https:\/\/muzeumpamieci.umk.pl\/wp-content\/uploads\/2019\/02\/program1-212x300.jpg 212w, https:\/\/muzeumpamieci.umk.pl\/wp-content\/uploads\/2019\/02\/program1-768x1087.jpg 768w, https:\/\/muzeumpamieci.umk.pl\/wp-content\/uploads\/2019\/02\/program1-500x708.jpg 500w, https:\/\/muzeumpamieci.umk.pl\/wp-content\/uploads\/2019\/02\/program1.jpg 1060w\" sizes=\"(max-width: 724px) 100vw, 724px\" \/><\/figure>\n","protected":false},"excerpt":{"rendered":"<p>INFORMACJE | STRESZCZENIA&nbsp;| &nbsp;PRELEGENCI | WARSZTATY PROGRAM SESJI NAUKOWEJ Biblioteka Uniwersytecka, Sala konferencyjna (parter)ul. Gagarina 13 (budynek za basenem przeciwpo\u017carowym) 10:00-10:30 &#8211; Rejestracja uczestnik\u00f3w10:30-11:00 &#8211; Rozpocz\u0119cie II Sympozjum Muzealniczego11:00-11:30 &#8211; dr Izabela Mrochen, Semantyka i sk\u0142adnia strony www w procesie digitalizacji zbior\u00f3w muzealnych 11:30-12:00 &#8211; Aleksandra Janus, Humanistyka cyfrowa, muzea i historia ratownicza12:00-12:20 &#8211; dyskusja12:20-12:30&hellip; <\/p>\n","protected":false},"author":1,"featured_media":0,"parent":2991,"menu_order":0,"comment_status":"closed","ping_status":"closed","template":"","meta":{"footnotes":""},"class_list":["post-4063","page","type-page","status-publish","hentry"],"aioseo_notices":[],"_links":{"self":[{"href":"https:\/\/muzeumpamieci.umk.pl\/index.php?rest_route=\/wp\/v2\/pages\/4063","targetHints":{"allow":["GET"]}}],"collection":[{"href":"https:\/\/muzeumpamieci.umk.pl\/index.php?rest_route=\/wp\/v2\/pages"}],"about":[{"href":"https:\/\/muzeumpamieci.umk.pl\/index.php?rest_route=\/wp\/v2\/types\/page"}],"author":[{"embeddable":true,"href":"https:\/\/muzeumpamieci.umk.pl\/index.php?rest_route=\/wp\/v2\/users\/1"}],"replies":[{"embeddable":true,"href":"https:\/\/muzeumpamieci.umk.pl\/index.php?rest_route=%2Fwp%2Fv2%2Fcomments&post=4063"}],"version-history":[{"count":29,"href":"https:\/\/muzeumpamieci.umk.pl\/index.php?rest_route=\/wp\/v2\/pages\/4063\/revisions"}],"predecessor-version":[{"id":4413,"href":"https:\/\/muzeumpamieci.umk.pl\/index.php?rest_route=\/wp\/v2\/pages\/4063\/revisions\/4413"}],"up":[{"embeddable":true,"href":"https:\/\/muzeumpamieci.umk.pl\/index.php?rest_route=\/wp\/v2\/pages\/2991"}],"wp:attachment":[{"href":"https:\/\/muzeumpamieci.umk.pl\/index.php?rest_route=%2Fwp%2Fv2%2Fmedia&parent=4063"}],"curies":[{"name":"wp","href":"https:\/\/api.w.org\/{rel}","templated":true}]}}