{"id":4059,"date":"2019-02-01T14:29:06","date_gmt":"2019-02-01T13:29:06","guid":{"rendered":"http:\/\/muzeumpamieci.umk.pl\/?page_id=4059"},"modified":"2019-02-28T14:30:53","modified_gmt":"2019-02-28T13:30:53","slug":"prelegenci-ii-sympozjum-muzealnicze","status":"publish","type":"page","link":"https:\/\/muzeumpamieci.umk.pl\/?page_id=4059","title":{"rendered":"Prelegenci &#8211; II Sympozjum Muzealnicze"},"content":{"rendered":"\n<hr class=\"wp-block-separator is-style-wide\"\/>\n\n\n\n<p style=\"text-align:center\"><a href=\"http:\/\/muzeumpamieci.umk.pl\/?page_id=2991\">INFORMACJE  <\/a>|  <a href=\"http:\/\/muzeumpamieci.umk.pl\/?page_id=4063\">PROGRAM&nbsp; <\/a>| <a href=\"http:\/\/muzeumpamieci.umk.pl\/?page_id=4061\">STRESZCZENIA&nbsp;<\/a>| <a href=\"http:\/\/muzeumpamieci.umk.pl\/?page_id=4054\">WARSZTATY<\/a><\/p>\n\n\n\n<hr class=\"wp-block-separator is-style-wide\"\/>\n\n\n\n<p><strong>Aleksandra JANUS<br><\/strong>Muzeolo\u017cka, antropolo\u017cka, kierowniczka Pracowni Otwierania Kultury i cz\u0142onkini zarz\u0105du Fundacji Centrum Cyfrowe, badaczka zwi\u0105zana z O\u015brodkiem Bada\u0144 nad Kulturami Pami\u0119ci UJ, kuratorka i wsp\u00f3\u0142autorka projektu Laboratorium muzeum oraz mi\u0119dzynarodowego projektu \u0106wiczenie nowoczesno\u015bci, absolwentka studi\u00f3w doktoranckich w Instytucie Etnologii i Antropologii Kulturowej UJ. Interesuje j\u0105 spo\u0142eczna rola instytucji kultury oraz ich relacje z odbiorcami, specjalizuje si\u0119 w analizie i wdra\u017caniu strategii partycypacyjnych, badaniach publiczno\u015bci oraz otwieraniu dost\u0119pu do zasob\u00f3w dziedzictwa, a tak\u017ce wykorzystywaniu potencja\u0142u technologii w pracy z dziedzictwem, wsp\u00f3\u0142pracuje z instytucjami poszukuj\u0105cymi efektywnych sposob\u00f3w anga\u017cowania publiczno\u015bci. W swojej pracy akademickiej zajmuje si\u0119 analiz\u0105 wsp\u00f3\u0142czesnych reprezentacji i praktyk pami\u0119ciowych zwi\u0105zanych z tzw. trudnym dziedzictwem, do\u015bwiadczeniami przemocy i konfliktu.<br><a href=\"http:\/\/muzeumpamieci.umk.pl\/?page_id=2991\">Konferencja <\/a>| <a href=\"http:\/\/muzeumpamieci.umk.pl\/?p=4290\">Warsztaty<\/a><\/p>\n\n\n\n<hr class=\"wp-block-separator is-style-default\"\/>\n\n\n\n<p><strong>Anna&nbsp;Kornelia&nbsp;J\u0118DRZEJEWSKA<\/strong><br>Muzealnik, kurator, edukator muzealny. W latach 2006-2017 roku pracownik Muzeum Okr\u0119gowego w Toruniu(Dzia\u0142 Naukowo-O\u015bwiatowy, Dom Miko\u0142aja Kopernika, Dzia\u0142 Edukacji, Dzia\u0142 Historii Toru\u0144skiego Piernikarstwa). Obecnie Kustosz w Dziale Edukacji i Promocji Muzeum Okr\u0119gowego im. Leona Wycz\u00f3\u0142kowskiego w Bydgoszczy. Wsp\u00f3\u0142autorka Muzeum Toru\u0144skiego Piernika \u2013 oddzia\u0142u Muzeum Okr\u0119gowego w Toruniu. Absolwentka Uniwersytetu Miko\u0142aja Kopernika w Toruniu, Wydzia\u0142u Sztuk Pi\u0119knych. Prywatnie autorka blogu o tradycjach piernikarskich \u201e<a rel=\"noreferrer noopener\" aria-label=\"Piernikarka (otwiera si\u0119 na nowej zak\u0142adce)\" href=\"https:\/\/www.facebook.com\/piernikarka\/\" target=\"_blank\">Piernikarka<\/a>\u201d.<br><a href=\"http:\/\/muzeumpamieci.umk.pl\/?page_id=2991\">Konferencja<\/a> | <\/p>\n\n\n\n<hr class=\"wp-block-separator\"\/>\n\n\n\n<p><strong>Agnieszka KRZY\u017bANOWSKA <br><\/strong>Absolwentka historii sztuki na Uniwersytecie Wroc\u0142awskim, s\u0142uchaczka Akademii Dziedzictwa w Mi\u0119dzynarodowym Centrum Kultury w Krakowie. Od 2015 roku pracuje na stanowisku adiunkta w Muzeum Narodowym w Poznaniu, wcze\u015bniej w&nbsp;Muzeum Narodowym we Wroc\u0142awiu. Zajmuje si\u0119 merytoryczn\u0105 administracj\u0105 danych dotycz\u0105cych opisu metadanowego obiekt\u00f3w muzealnych, prowadzi szkolenia z zakresu opisu muzeali\u00f3w i obs\u0142ugi muzealnej bazy danych. <br><u><a href=\"http:\/\/muzeumpamieci.umk.pl\/?p=4074\">Warsztaty<\/a><\/u><\/p>\n\n\n\n<hr class=\"wp-block-separator\"\/>\n\n\n\n<p><strong>dr Izabela MROCHEN |<\/strong>  <a rel=\"noreferrer noopener\" aria-label=\"www.izabela.mrochen.us.edu.pl (otwiera si\u0119 na nowej zak\u0142adce)\" href=\"http:\/\/www.izabela.mrochen.us.edu.pl\" target=\"_blank\">www.izabela.mrochen.us.edu.pl<\/a><strong><br><\/strong>Doktor nauk humanistycznych (filologia angielska), magister pedagogiki i psychologii, certyfikowany trener programu memoQ, certyfikowany ekspert ds. WCAG 2.0. Swoje zainteresowania skupia wok\u00f3\u0142 lokalizacji stron internetowych, narz\u0119dzi CAT (Computer Assisted Translation), dost\u0119pno\u015bci tre\u015bci na stronach www, tworzeniem napis\u00f3w do film\u00f3w oraz z audiodeskrypcj\u0105. Cz\u0142onek grupy roboczej ds. zasob\u00f3w internetu przy Ministerstwie Cyfryzacji.<br>Od 8 lat, jako certyfikowany trener, prowadzi warsztaty z wykorzystaniem najnowszej technologii komputerowej, w szczeg\u00f3lno\u015bci narz\u0119dzia CAT. Propagator i inicjator kwalifikacyjnych studi\u00f3w podyplomowych W\u0142\u0105czenie cyfrowe i spo\u0142eczne: strony internetowe, audiodeskrypcja, multimedia, zorganizowanych na Wydziale Filologicznym Uniwersytetu \u015al\u0105skiego w Katowicach. Wsp\u00f3\u0142autor Metodologii badania dost\u0119pno\u015bci strony www dla os\u00f3b niepe\u0142nosprawnych, starszych i innych nara\u017conych na wykluczenie cyfrowe w oparciu o WCAG 2.0 dla Ministerstwa Administracji i Cyfryzacji, kt\u00f3r\u0105 opublikowano w maju 2013 roku oraz Strategii Rozwoju Wojew\u00f3dztwa \u015al\u0105skiego w latach 2014-2020. Od 2016 roku certyfikowany ekspert i audytor stron www. Certyfikat nadany przez University of South Australia oraz Media Access Australia. Za wk\u0142ad w propagowanie dobrych praktyk i promowanie w\u0142\u0105czenia cyfrowego nominowana w konkursie Lider Cyfrowej Dost\u0119pno\u015bci w kwietniu 2018 roku.<br>Od kilku lat prowadzi warsztaty i seminaria przybli\u017caj\u0105c tematyk\u0119 cyberprzestrzeni w zakresie u\u017cyteczno\u015bci i dost\u0119pno\u015bci materia\u0142\u00f3w elektronicznych oraz stron internetowych. Wsp\u00f3\u0142pracuje z organizacjami pozarz\u0105dowymi, urz\u0119dami, instytucjami kultury oraz uczelniami.<br><u><a href=\"http:\/\/muzeumpamieci.umk.pl\/?page_id=2991\">Konferencja <\/a><\/u>| <u><a href=\"http:\/\/muzeumpamieci.umk.pl\/?p=4147\">Warsztaty<\/a><\/u><\/p>\n\n\n\n<hr class=\"wp-block-separator\"\/>\n\n\n\n<p><strong>Alicja&nbsp;de&nbsp;ROSSET<\/strong><br>Absolwentka Ochrony D\u00f3br Kultury na Uniwersytecie Miko\u0142aja Kopernika w Toruniu i podyplomowych studi\u00f3w muzealniczych na Uniwersytecie Jagiello\u0144skim, s\u0142uchaczka Podyplomowego Studium Zagadnie\u0144 Legislacyjnych na Uniwersytecie Warszawskim. Do\u015bwiadczenie muzealne zbiera\u0142a przez kilka lat w Muzeum Zamkowym w Malborku m.in. jako inwentaryzator i administrator muzealnej bazy danych, od 2013 r. wsp\u00f3\u0142pracowa\u0142a Narodowym Instytutem Muzealnictwa i Ochrony Zbior\u00f3w przy projekcie e-muzea &#8211; udost\u0119pnianie zbior\u00f3w muze\u00f3w, obecnie pracuje w NIMOZ jako g\u0142\u00f3wny specjalista ds. dokumentacji i digitalizacji muzeali\u00f3w, zajmuje si\u0119 szeroko poj\u0119to problematyk\u0105 dokumentacji i zarz\u0105dzania zbiorami (zar\u00f3wno w uj\u0119ciu tradycyjnym, jak i cyfrowym), a szczeg\u00f3lnie problemami prawnymi z tym zwi\u0105zanymi. Cz\u0142onek zespo\u0142\u00f3w steruj\u0105cych w programach Kultura+, Kultura Cyfrowa i w jury konkursu Sybilla. Szkoli i wyk\u0142ada z zagadnie\u0144 zwi\u0105zanych z dokumentacj\u0105 i digitalizacj\u0105 muzeali\u00f3w, jest certyfikowanym trenerem Standardu Zarz\u0105dzania Zbiorami &#8211; SPECTRUM.<br><a href=\"http:\/\/muzeumpamieci.umk.pl\/?page_id=2991\">Konferencja&nbsp;<\/a>| <a href=\"http:\/\/muzeumpamieci.umk.pl\/?p=4299\">Warsztaty<\/a><br><\/p>\n\n\n\n<hr class=\"wp-block-separator\"\/>\n\n\n\n<p><strong>dr Dominik Miros\u0142aw PIOTROWSKI<\/strong><br>Doktor nauk humanistycznych z zakresu bibliologii i informatologii&nbsp;&nbsp;oraz adiunkt biblioteczny w Bibliotece Uniwersyteckiej w Toruniu.&nbsp;&nbsp;Interesuje si\u0119 otwarto\u017ar\u00f3d\u0142owymi systemami zarz\u0105dzania tre\u015bci\u0105,&nbsp;&nbsp;us\u0142ugami informacyjnymi funkcjonuj\u0105cymi w modelu chmurowym,&nbsp;&nbsp;humanistyk\u0105 cyfrow\u0105 i kuratorstwem cyfrowym oraz otwart\u0105 nauk\u0105. Autor&nbsp;&nbsp;ksi\u0105\u017cki pt. &#8222;CMS w bibliotekach. Open source\u2019owe systemy zarz\u0105dzania&nbsp;&nbsp;tre\u015bci\u0105 jako platforma realizacji us\u0142ug bibliotecznych&#8221; oraz szeregu&nbsp;&nbsp;artyku\u0142\u00f3w w czasopismach naukowych. Cz\u0142onek International Society for&nbsp;&nbsp;Knowledge Organization (ISKO). Jest zaanga\u017cowany w promocj\u0119 ksi\u0105\u017cki,&nbsp;&nbsp;czytelnictwa i zawodu bibliotekarza pe\u0142ni\u0105c funkcj\u0119 przewodnicz\u0105cego&nbsp;&nbsp;Zarz\u0105du Ko\u0142a Stowarzyszenia Bibliotekarzy Polskich przy Bibliotece&nbsp;&nbsp;Uniwersyteckiej w Toruniu. <br><u><a href=\"http:\/\/muzeumpamieci.umk.pl\/?page_id=2991\">Konferencja <\/a>| <a href=\"http:\/\/muzeumpamieci.umk.pl\/?p=4133\">Warsztaty<\/a><\/u><\/p>\n\n\n\n<hr class=\"wp-block-separator\"\/>\n\n\n\n<p><strong>Marcin WILKOWSKI\u00a0|<\/strong>ht<a rel=\"noreferrer noopener\" aria-label=\"tps:\/\/wilkowski.org\n  (otwiera si\u0119 na nowej zak\u0142adce)\" href=\"https:\/\/wilkowski.org\" target=\"_blank\">tps:\/\/wilkowski.org<br> <\/a>Programista w Centrum Kompetencji Cyfrowych Uniwersytetu Warszawskiego\/Laboratorium Cyfrowym Humanistyki UW, doktorant Instytutu Bada\u0144 Literackich Polskiej Akademii Nauk. Interesuje<br>si\u0119 histori\u0105 cyfrow\u0105, archiwistyk\u0105 Webu i innowacjami cyfrowymi w<br>sektorze kultury. <br><a href=\"http:\/\/muzeumpamieci.umk.pl\/?page_id=2991\">Konferencja <\/a>| <a href=\"http:\/\/muzeumpamieci.umk.pl\/?p=4296\">Warsztaty<\/a><\/p>\n\n\n\n<hr class=\"wp-block-separator\"\/>\n\n\n\n<p><strong>Ma\u0142gorzata BAKA<\/strong><br>Muzeolo\u017cka, asystentka w Zak\u0142adzie Muzealnictwa Instytutu Zabytkoznawstwa i Konserwatorstwa Wydzia\u0142u Sztuk Pi\u0119knych Uniwersytetu Miko\u0142aja Kopernika w Toruniu. Koordynatorka i wykonawczyni grantu MNiSW w ramach NPRH &#8222;Muzeum w polskiej kulturze pami\u0119ci (do 1918 r.): wczesne instytucje muzealne wobec muzeologii cyfrowej&#8221;. Absolwentka Ochrony D\u00f3br Kultury (spec. muzealnictwo oraz historia i zabytkoznawstwo dzie\u0142 sztuki) i Studium Doktoranckiego w zakresie Nauk o Sztuce na Uniwersytecie Miko\u0142aja Kopernika w Toruniu, Wydzia\u0142u Sztuk Pi\u0119knych. Zainteresowana histori\u0105 muzealnictwa, muzeologi\u0105, kolekcjonerstwem i narz\u0119dziami cyfrowymi dla humanistyki.<br><a href=\"http:\/\/muzeumpamieci.umk.pl\/?page_id=2991\">Konferencja |<\/a><br><\/p>\n\n\n\n<hr class=\"wp-block-separator is-style-wide\"\/>\n","protected":false},"excerpt":{"rendered":"<p>INFORMACJE | PROGRAM&nbsp; | STRESZCZENIA&nbsp;| WARSZTATY Aleksandra JANUSMuzeolo\u017cka, antropolo\u017cka, kierowniczka Pracowni Otwierania Kultury i cz\u0142onkini zarz\u0105du Fundacji Centrum Cyfrowe, badaczka zwi\u0105zana z O\u015brodkiem Bada\u0144 nad Kulturami Pami\u0119ci UJ, kuratorka i wsp\u00f3\u0142autorka projektu Laboratorium muzeum oraz mi\u0119dzynarodowego projektu \u0106wiczenie nowoczesno\u015bci, absolwentka studi\u00f3w doktoranckich w Instytucie Etnologii i Antropologii Kulturowej UJ. Interesuje j\u0105 spo\u0142eczna rola instytucji kultury&hellip; <\/p>\n","protected":false},"author":1,"featured_media":0,"parent":2991,"menu_order":0,"comment_status":"closed","ping_status":"closed","template":"","meta":{"footnotes":""},"class_list":["post-4059","page","type-page","status-publish","hentry"],"aioseo_notices":[],"_links":{"self":[{"href":"https:\/\/muzeumpamieci.umk.pl\/index.php?rest_route=\/wp\/v2\/pages\/4059","targetHints":{"allow":["GET"]}}],"collection":[{"href":"https:\/\/muzeumpamieci.umk.pl\/index.php?rest_route=\/wp\/v2\/pages"}],"about":[{"href":"https:\/\/muzeumpamieci.umk.pl\/index.php?rest_route=\/wp\/v2\/types\/page"}],"author":[{"embeddable":true,"href":"https:\/\/muzeumpamieci.umk.pl\/index.php?rest_route=\/wp\/v2\/users\/1"}],"replies":[{"embeddable":true,"href":"https:\/\/muzeumpamieci.umk.pl\/index.php?rest_route=%2Fwp%2Fv2%2Fcomments&post=4059"}],"version-history":[{"count":21,"href":"https:\/\/muzeumpamieci.umk.pl\/index.php?rest_route=\/wp\/v2\/pages\/4059\/revisions"}],"predecessor-version":[{"id":4415,"href":"https:\/\/muzeumpamieci.umk.pl\/index.php?rest_route=\/wp\/v2\/pages\/4059\/revisions\/4415"}],"up":[{"embeddable":true,"href":"https:\/\/muzeumpamieci.umk.pl\/index.php?rest_route=\/wp\/v2\/pages\/2991"}],"wp:attachment":[{"href":"https:\/\/muzeumpamieci.umk.pl\/index.php?rest_route=%2Fwp%2Fv2%2Fmedia&parent=4059"}],"curies":[{"name":"wp","href":"https:\/\/api.w.org\/{rel}","templated":true}]}}