{"id":2991,"date":"2018-12-16T15:07:22","date_gmt":"2018-12-16T14:07:22","guid":{"rendered":"http:\/\/muzeumpamieci.umk.pl\/?page_id=2991"},"modified":"2019-02-27T21:38:07","modified_gmt":"2019-02-27T20:38:07","slug":"ii-sympozjum-muzealnicze","status":"publish","type":"page","link":"https:\/\/muzeumpamieci.umk.pl\/?page_id=2991","title":{"rendered":"II SYMPOZJUM MUZEALNICZE"},"content":{"rendered":"<h3 style=\"text-align: center;\"><strong><em>MUZEUM WOBEC HUMANISTYKI CYFROWEJ<\/em><\/strong><\/h3>\n<p style=\"text-align: center;\">1-2 marca 2019 r.<\/p>\n<p style=\"text-align: center;\">Sympozjum naukowe w ramach projektu<br \/>\n<strong><em>Muzeum w polskiej kulturze pami\u0119ci (do 1918 r.): \u00a0<\/em><\/strong><strong><em>wczesne instytucje muzealne wobec muzeologii cyfrowej<br \/>\n<\/em><\/strong>finansowanego z grantu Ministra Nauki Szkolnictwa Wy\u017cszego<br \/>\nw ramach Narodowego Programu Rozwoju Humanistyki na lata 2016-2019<\/p>\n<hr \/>\n<p style=\"text-align: center;\"><a href=\"http:\/\/muzeumpamieci.umk.pl\/?page_id=4063\">PROGRAM\u00a0 <\/a>| <a href=\"http:\/\/muzeumpamieci.umk.pl\/?page_id=4061\">STRESZCZENIA\u00a0<\/a>| \u00a0<a href=\"http:\/\/muzeumpamieci.umk.pl\/?page_id=4059\">PRELEGENCI<\/a> | <a href=\"http:\/\/muzeumpamieci.umk.pl\/?page_id=4054\">WARSZTATY<\/a><\/p>\n<hr \/>\n<p style=\"text-align: justify;\"><a href=\"http:\/\/muzeumpamieci.umk.pl\/wp-content\/uploads\/2019\/01\/II-Sympozjum-muzealnicze-zaproszenie.pdf\">II Sympozjum muzealnicze &#8211; zaproszenie<\/a><\/p>\n<p><span style=\"text-decoration: underline;\">O II SYMPOZJUM MUZEALNICZYM:<\/span><\/p>\n<p>Chcieliby\u015bmy zaprosi\u0107 do udzia\u0142u w <strong>II Sympozjum Muzealniczym pt. <em>MUZEUM WOBEC HUMANISTYKI CYFROWEJ<\/em>, <\/strong>kt\u00f3re odb\u0119dzie si\u0119 w dniach 1-2 marca 2019 r. i jest realizowane w ramach projektu <em>Muzeum w polskiej kulturze pami\u0119ci (do 1918 r.):\u00a0 wczesne instytucje muzealne wobec muzeologii cyfrowej<\/em> finansowanego z grantu Ministra Nauki Szkolnictwa Wy\u017cszego w ramach Narodowego Programu Rozwoju Humanistyki na lata 2016-2019.<\/p>\n<p><strong>II Sympozjum Muzealnicze<\/strong> po\u015bwi\u0119cone b\u0119dzie badaniu relacji mi\u0119dzy humanistyk\u0105 cyfrow\u0105 a badaniami nad dzia\u0142alno\u015bci\u0105 instytucji muzealnych, zar\u00f3wno w dziedzinie upowszechniania zgromadzonego przez muzea dziedzictwa materialnego, jak i szeroko poj\u0119tej dzia\u0142alno\u015bci popularyzatorskiej, ich historii i relacji wobec spo\u0142ecze\u0144stwa oraz kszta\u0142towania pami\u0119ci, kt\u00f3re s\u0105 przedmiotem Projektu <em>Muzeum w polskiej kulturze pami\u0119ci&#8230;.<\/em> Projekt ten zosta\u0142 pomy\u015blany jako cz\u0119\u015b\u0107 szerszych bada\u0144 nad tradycjami polskiego muzealnictwa w aspekcie budowania przez muzea polskiej kultury pami\u0119ci, przez wczesne instytucje muzealne (za\u0142o\u017cenia protomuzealne oraz publiczne i prywatne muzea, a tak\u017ce kolekcje prywatne funkcjonuj\u0105ce na obszarze publicznym) istniej\u0105ce do 1918 roku. Jednym z obszar\u00f3w badawczych jest pr\u00f3ba zastosowania narz\u0119dzi cyfrowych do bada\u0144 muzeologicznych, kt\u00f3re nazwane zosta\u0142y roboczo \u201emuzeologi\u0105 cyfrow\u0105\u201d. Pod terminem tym kryje si\u0119 jednak szeroko stosowana paleta narz\u0119dzi cyfrowych w muzealnictwie (wewn\u0119trzne bazy danych inwentaryzatorskie, muzea cyfrowe, portale wiedzy, narz\u0119dzia wystawiennicze itd.), kt\u00f3re w literaturze tematu nazywane s\u0105 po prostu \u201edigitalizacj\u0105\u201d w muzeach.<\/p>\n<p><strong>II Sympozjum Muzealnicze<\/strong> stanowi\u0107 b\u0119dzie zatem pr\u00f3b\u0119 nieco szerszego spojrzenia na problematyk\u0119 narz\u0119dzi cyfrowych w muzealnictwie i do bada\u0144 nad histori\u0105 i oddzia\u0142ywaniem instytucji muzealnych w kontek\u015bcie historyczno-spo\u0142ecznym. B\u0119dzie to okazja do znalezienia odpowiedzi na pytania o granice (lub ich brak) mi\u0119dzy muzealnictwem a digitalizacj\u0105, muzeologi\u0105 a zastosowaniem do niej narz\u0119dzi cyfrowych, o przenikanie si\u0119 dyscyplin humanistycznych z informatyk\u0105. Czy narz\u0119dzia cyfrowe pozwol\u0105 odkry\u0107 nowe obszary niedost\u0119pne tradycyjnymi metodami? Jak dalece id\u0105ce mo\u017ce by\u0107 zastosowanie idei humanistyki cyfrowej w badaniach nad muzeami? Co ujawnia wizualizacja danych i do czego mo\u017ce by\u0107 wykorzystana? Jak powinna wygl\u0105da\u0107 dobra baza danych dla badacza muze\u00f3w? Na te i wiele innych pyta\u0144 spr\u00f3buj\u0105 odpowiedzie\u0107 uczestnicy II Sympozjum Muzealniczego: <em>Muzeum wobec humanistyki cyfrowej.<\/em><\/p>\n<p>Po II Sympozjum Muzealniczym planowana jest publikacja artyku\u0142\u00f3w pokonferencyjnych. Dzi\u0119ki szerokiej tematyce spotkania opublikowane zostan\u0105 zar\u00f3wno teksty teoretyczne, po\u015bwi\u0119cone szerszym problemom i zagadnieniom kulturowym, jak i studia przypadku. Do publikacji zaproszeni s\u0105 wszyscy uczestnicy sympozjum. Publikacja b\u0119dzie recenzowana.<\/p>\n<p style=\"text-align: justify;\">Na formu\u0142\u0119 spotkania sk\u0142adaj\u0105 si\u0119 dwie cz\u0119\u015bci:<\/p>\n<ul>\n<li style=\"text-align: justify;\">WARSZTAT skierowane do muzealnik\u00f3w, student\u00f3w i wszystkich zainteresowanych os\u00f3b, kt\u00f3re poprowadz\u0105 specjali\u015bci zajmuj\u0105cy si\u0119 narz\u0119dziami cyfrowymi do bada\u0144 humanistycznych.<\/li>\n<li>SESJA NAUKOWA<\/li>\n<\/ul>\n<p><span style=\"text-decoration: underline;\">INFORMACJE ORGANIZACYJNE:<br \/>\n<\/span>Postanowili\u015bmy przyj\u0105\u0107, \u017ce na ka\u017cde wyst\u0105pienie przeznaczone b\u0119dzie 40 minut, z czego 25 minut na referat, a 15 minut \u2013 na pytania i komentarze. Takie rozwi\u0105zanie, chocia\u017c po\u0142\u0105czone z konieczno\u015bci\u0105 ograniczenia liczby wyst\u0105pie\u0144 (a wi\u0119c i trudnym procesem ich selekcji), zapewni, mamy nadzieje, odpowiedni\u0105 ilo\u015b\u0107 czasu na wymian\u0119 pogl\u0105d\u00f3w i dyskusje na poziomie odpowiednim dla tej formy naukowego spotkania.<\/p>\n<p><span style=\"color: #993300;\"><strong>Uczestnictwo w konferencji jest bezp\u0142atne.<\/strong><\/span><\/p>\n<hr \/>\n<p><u>TERMINY:<\/u><\/p>\n<p>14. lutego &#8211; rusza rekrutacja na <a href=\"http:\/\/muzeumpamieci.umk.pl\/?page_id=4054\">warsztaty<\/a><br \/>\n1. marca 2019 r. (pi\u0105tek) &#8211; sesja naukowa &#8211; Biblioteka Uniwersytecka<br \/>\n2. marca 2019 r. (sobota) &#8211; warsztaty muzealno-cyfrowe -Wydzia\u0142 Sztuk Pi\u0119knych<\/p>\n<hr \/>\n<p><span style=\"text-decoration: underline;\">WARSZTATY:<br \/>\n<\/span>Warsztaty odb\u0119d\u0105 si\u0119 na Wydziale Sztuk Pi\u0119knych, ul. Sienkiewicza 30\/32, Toru\u0144,<br \/>\nw sobot\u0119, 2. marca 2019 r.<br \/>\nIlo\u015b\u0107 miejsc ograniczona!<strong> Zapisy od 14.02.2019, od godz. 12:00.<\/strong><br \/>\nUczestnictwo w warsztatach jest bezp\u0142atne.<br \/>\n<strong>Obowi\u0105zuj\u0105 z<\/strong><strong>apisy:<a href=\"mailto:muzeumpamieci@umk.pl\">\u00a0muzeumpamieci@umk.pl\u00a0<\/a><\/strong><\/p>\n<p><a href=\"http:\/\/muzeumpamieci.umk.pl\/?page_id=4054\"><strong>Szczeg\u00f3\u0142owe informacje o warsztatach i prowadz\u0105cych&gt;&gt;&gt;<\/strong><\/a><\/p>\n<hr \/>\n<p><strong>Organizator:<\/strong><br \/>\nZak\u0142ad Muzealnictwa Instytutu Zabytkoznawstwa i Konserwatorstwa Wydzia\u0142u Sztuk Pi\u0119knych Uniwersytetu Miko\u0142aja Kopernika w Toruniu<\/p>\n<p><strong>Kierownik naukowy:<\/strong><br \/>\ndr hab. Tomasz F. de Rosset, prof. UMK<\/p>\n<p><strong>Sekretarz naukowy:<br \/>\n<\/strong>mgr Ma\u0142gorzata Baka<br \/>\n@: <a href=\"mailto:malgosia.baka@umk.pl\">malgosia.baka@umk.pl<\/a><strong><br \/>\n<\/strong><\/p>\n<hr \/>\n","protected":false},"excerpt":{"rendered":"<p>MUZEUM WOBEC HUMANISTYKI CYFROWEJ 1-2 marca 2019 r. Sympozjum naukowe w ramach projektu Muzeum w polskiej kulturze pami\u0119ci (do 1918 r.): \u00a0wczesne instytucje muzealne wobec muzeologii cyfrowej finansowanego z grantu Ministra Nauki Szkolnictwa Wy\u017cszego w ramach Narodowego Programu Rozwoju Humanistyki na lata 2016-2019 PROGRAM\u00a0 | STRESZCZENIA\u00a0| \u00a0PRELEGENCI | WARSZTATY II Sympozjum muzealnicze &#8211; zaproszenie O&hellip; <\/p>\n","protected":false},"author":1,"featured_media":4391,"parent":57,"menu_order":0,"comment_status":"closed","ping_status":"closed","template":"","meta":{"footnotes":""},"class_list":["post-2991","page","type-page","status-publish","has-post-thumbnail","hentry"],"aioseo_notices":[],"_links":{"self":[{"href":"https:\/\/muzeumpamieci.umk.pl\/index.php?rest_route=\/wp\/v2\/pages\/2991","targetHints":{"allow":["GET"]}}],"collection":[{"href":"https:\/\/muzeumpamieci.umk.pl\/index.php?rest_route=\/wp\/v2\/pages"}],"about":[{"href":"https:\/\/muzeumpamieci.umk.pl\/index.php?rest_route=\/wp\/v2\/types\/page"}],"author":[{"embeddable":true,"href":"https:\/\/muzeumpamieci.umk.pl\/index.php?rest_route=\/wp\/v2\/users\/1"}],"replies":[{"embeddable":true,"href":"https:\/\/muzeumpamieci.umk.pl\/index.php?rest_route=%2Fwp%2Fv2%2Fcomments&post=2991"}],"version-history":[{"count":28,"href":"https:\/\/muzeumpamieci.umk.pl\/index.php?rest_route=\/wp\/v2\/pages\/2991\/revisions"}],"predecessor-version":[{"id":4394,"href":"https:\/\/muzeumpamieci.umk.pl\/index.php?rest_route=\/wp\/v2\/pages\/2991\/revisions\/4394"}],"up":[{"embeddable":true,"href":"https:\/\/muzeumpamieci.umk.pl\/index.php?rest_route=\/wp\/v2\/pages\/57"}],"wp:featuredmedia":[{"embeddable":true,"href":"https:\/\/muzeumpamieci.umk.pl\/index.php?rest_route=\/wp\/v2\/media\/4391"}],"wp:attachment":[{"href":"https:\/\/muzeumpamieci.umk.pl\/index.php?rest_route=%2Fwp%2Fv2%2Fmedia&parent=2991"}],"curies":[{"name":"wp","href":"https:\/\/api.w.org\/{rel}","templated":true}]}}