{"id":2535,"date":"2018-04-07T13:37:27","date_gmt":"2018-04-07T11:37:27","guid":{"rendered":"http:\/\/muzeumpamieci.umk.pl\/?page_id=2535"},"modified":"2021-12-12T12:01:27","modified_gmt":"2021-12-12T11:01:27","slug":"wykaz-muzealnikow-i-badaczy-muzeow-z-archiwum-dr-boguslawa-mansfelda","status":"publish","type":"page","link":"https:\/\/muzeumpamieci.umk.pl\/?page_id=2535","title":{"rendered":"Wykaz muzealnik\u00f3w i badaczy muze\u00f3w z &#8222;Archiwum dr. Bogus\u0142awa Mansfelda&#8221;"},"content":{"rendered":"","protected":true},"excerpt":{"rendered":"","protected":true},"author":1,"featured_media":9235,"parent":0,"menu_order":0,"comment_status":"closed","ping_status":"closed","template":"","meta":{"footnotes":""},"class_list":["post-2535","page","type-page","status-publish","post-password-required","hentry"],"aioseo_notices":[],"_links":{"self":[{"href":"https:\/\/muzeumpamieci.umk.pl\/index.php?rest_route=\/wp\/v2\/pages\/2535","targetHints":{"allow":["GET"]}}],"collection":[{"href":"https:\/\/muzeumpamieci.umk.pl\/index.php?rest_route=\/wp\/v2\/pages"}],"about":[{"href":"https:\/\/muzeumpamieci.umk.pl\/index.php?rest_route=\/wp\/v2\/types\/page"}],"author":[{"embeddable":true,"href":"https:\/\/muzeumpamieci.umk.pl\/index.php?rest_route=\/wp\/v2\/users\/1"}],"replies":[{"embeddable":true,"href":"https:\/\/muzeumpamieci.umk.pl\/index.php?rest_route=%2Fwp%2Fv2%2Fcomments&post=2535"}],"version-history":[{"count":2,"href":"https:\/\/muzeumpamieci.umk.pl\/index.php?rest_route=\/wp\/v2\/pages\/2535\/revisions"}],"predecessor-version":[{"id":9116,"href":"https:\/\/muzeumpamieci.umk.pl\/index.php?rest_route=\/wp\/v2\/pages\/2535\/revisions\/9116"}],"wp:featuredmedia":[{"embeddable":true,"href":"https:\/\/muzeumpamieci.umk.pl\/index.php?rest_route=\/wp\/v2\/media\/9235"}],"wp:attachment":[{"href":"https:\/\/muzeumpamieci.umk.pl\/index.php?rest_route=%2Fwp%2Fv2%2Fmedia&parent=2535"}],"curies":[{"name":"wp","href":"https:\/\/api.w.org\/{rel}","templated":true}]}}