{"id":24,"date":"2016-10-01T23:08:59","date_gmt":"2016-10-01T21:08:59","guid":{"rendered":"http:\/\/muzeumpamieci.umk.pl\/?page_id=24"},"modified":"2021-12-12T16:09:55","modified_gmt":"2021-12-12T15:09:55","slug":"metodologia","status":"publish","type":"page","link":"https:\/\/muzeumpamieci.umk.pl\/?page_id=24","title":{"rendered":"LABORATORIUM"},"content":{"rendered":"<div>Czy portal naukowy mo\u017ce by\u0107 <strong>laboratorium<\/strong> do\u015bwiadczalnym cyfrowej i tradycyjnej humanistyki w badaniach z zakresu muzeologii, historii muze\u00f3w, kultury pami\u0119ci z perspektywy pami\u0119ci cyfrowej?<\/div>\n<div>To pytanie postawili\u015bmy sobie w obliczu bada\u0144 nad histori\u0105 muzealnictwa na ziemiach polskich. Laboratorium sta\u0142o si\u0119 przy tym miejscem wymiany do\u015bwiadcze\u0144 humanist\u00f3w cyfrowych, muzealnik\u00f3w, muzealnik\u00f3w i muzeolog\u00f3w.<\/div>\n<div>Od lat 80. ubieg\u0142ego wieku w Stanach Zjednoczonych podobne &#8222;laboratoria internetowe&#8221; konsoliduj\u0105 \u015brodowisko humanist\u00f3w i \u015bwiata nowoczesnych technologii informatycznych, organizuj\u0105c spotkania naukowe, warsztaty, seminaria i konferencje, wspieraj\u0105c badaczy i pasjonat\u00f3w w realizacji rozmaitych projekt\u00f3w cyfrowych.<\/div>\n<div><\/div>\n<div>W ramach naszego projektu <strong>Laboratorium<\/strong> zosta\u0142o pomy\u015blane jako przestrze\u0144 wymiany do\u015bwiadcze\u0144, wsparcie w zakresie metodyki i metodologii bada\u0144 nad muzealnictwem, z wykorzystaniem narz\u0119dzi cyfrowych\/ informatycznych\/ internetowych. Ogromne znaczenie maj\u0105 tu dzia\u0142ania oddolne, spo\u0142eczno\u015bciowe oparte na zasadach crowdsourcingu. Dlatego te\u017c \u0142\u0105czymy portal naukowy z baz\u0105 wiedzy, kt\u00f3ra w swej domenie stanowi otwarty, stale rozwijaj\u0105cy si\u0119 obszar przestrzeni cyfrowej. Stworzyli\u015bmy otwart\u0105 <a href=\"http:\/\/muzeumpamieci.umk.pl\/?page_id=70\">bibliografi\u0119<\/a> do muzeologii cyfrowej i muzealnictwa do 1918 r., <a href=\"http:\/\/muzeumpamieci.umk.pl\/?page_id=8064\">s\u0142owniki<\/a> i <a href=\"http:\/\/muzeumpamieci.umk.pl\/?page_id=871\">wykazy pomocnicze<\/a>, <a href=\"http:\/\/muzeumpamieci.umk.pl\/?page_id=65\">czytelni\u0119<\/a> z artyku\u0142ami analitycznymi i krytycznymi, baz\u0119 <a href=\"http:\/\/muzeumpamieci.umk.pl\/?page_id=78\">biograficzn\u0105<\/a> oraz informacje zwizualizowane za pomoc\u0105 <a href=\"http:\/\/muzeumpamieci.umk.pl\/?page_id=8096\">map interaktywnych<\/a>, graf\u00f3w i osi czasu, a przede wszystkim naukow\u0105 baz\u0119 wiedzy na temat <a href=\"http:\/\/muzeumpamieci.umk.pl\/?page_id=5545\">wczesnych instytucji muzealnych<\/a>. Laboratorium kodyfikuje badania z zastosowaniem narz\u0119dzi cyfrowych.<\/div>\n<div><\/div>\n<div><strong>Laboratorium<\/strong> to obszar taktyki, szeroko poj\u0119tej strategii, wymiany informacji, agregator tre\u015bci, maszyna do uczenia&#8230; Urszula Pawlicka o laboratorium humanisty pisa\u0142a:<\/div>\n<blockquote>\n<div>Wej\u015bcie humanistyki do laboratorium nie jest kaprysem, ale politycznym gestem i strategi\u0105 instytucjonaln\u0105 (&#8230;) Konsekwencje przekroczenia progu laboratorium s\u0105 ogromne, wi\u0105\u017c\u0105 si\u0119 bowiem z modyfikacjami w procesach i metodach prowadzenia bada\u0144 naukowych.<\/div>\n<div>Laboratorium doprowadza do nast\u0119puj\u0105cych przesuni\u0119\u0107 w badaniach humanistycznych: od opisu do produkcji, od metody do narz\u0119dzi, od tekstu do artefaktu oraz od teorii do praktyki.<\/div>\n<div>Laboratorium przeorientowuje dotychczasowe za\u0142o\u017cenia humanistyki i przepisuje jej s\u0142ownik na nowo.<\/div>\n<div>W efekcie mamy do czynienia nie z tekstami, ale z <strong>danymi<\/strong>; nie z pracami, ale <strong>projektami<\/strong>; nie z teori\u0105, ale z <strong>praktykowaniem teorii<\/strong>; nie z analiz\u0105 kulturow\u0105, ale z <strong>produkcj\u0105 narz\u0119dzi do analizy<\/strong>, a raczej<strong> analityki kulturowej<\/strong>.<\/div>\n<div>Laboratorium wi\u0105\u017ce si\u0119 zatem z ca\u0142kowit\u0105 przebudow\u0105 humanistyki, kt\u00f3ra zapo\u017cycza kategorie z innych nauk, by sta\u0107 si\u0119 \u201enauk\u0105\u201d.<\/div>\n<\/blockquote>\n<div><\/div>\n<div><a title=\"MUZEOLOGIA CYFROWA\" href=\"http:\/\/muzeumpamieci.umk.pl\/?page_id=90\"><img fetchpriority=\"high\" decoding=\"async\" class=\" wp-image-9214 aligncenter\" src=\"http:\/\/muzeumpamieci.umk.pl\/wp-content\/uploads\/2020\/10\/3CC6D6E2-3A3E-459C-B6B4-5292F90D8134-300x225.jpeg\" alt=\"\" width=\"399\" height=\"299\" srcset=\"https:\/\/muzeumpamieci.umk.pl\/wp-content\/uploads\/2020\/10\/3CC6D6E2-3A3E-459C-B6B4-5292F90D8134-300x225.jpeg 300w, https:\/\/muzeumpamieci.umk.pl\/wp-content\/uploads\/2020\/10\/3CC6D6E2-3A3E-459C-B6B4-5292F90D8134-768x576.jpeg 768w, https:\/\/muzeumpamieci.umk.pl\/wp-content\/uploads\/2020\/10\/3CC6D6E2-3A3E-459C-B6B4-5292F90D8134.jpeg 1024w\" sizes=\"(max-width: 399px) 100vw, 399px\" \/><\/a><\/div>\n<div><\/div>\n","protected":false},"excerpt":{"rendered":"<p>Czy portal naukowy mo\u017ce by\u0107 laboratorium do\u015bwiadczalnym cyfrowej i tradycyjnej humanistyki w badaniach z zakresu muzeologii, historii muze\u00f3w, kultury pami\u0119ci z perspektywy pami\u0119ci cyfrowej? To pytanie postawili\u015bmy sobie w obliczu bada\u0144 nad histori\u0105 muzealnictwa na ziemiach polskich. Laboratorium sta\u0142o si\u0119 przy tym miejscem wymiany do\u015bwiadcze\u0144 humanist\u00f3w cyfrowych, muzealnik\u00f3w, muzealnik\u00f3w i muzeolog\u00f3w. Od lat 80. ubieg\u0142ego&hellip; <\/p>\n","protected":false},"author":1,"featured_media":9214,"parent":0,"menu_order":4,"comment_status":"closed","ping_status":"closed","template":"","meta":{"footnotes":""},"class_list":["post-24","page","type-page","status-publish","has-post-thumbnail","hentry"],"aioseo_notices":[],"_links":{"self":[{"href":"https:\/\/muzeumpamieci.umk.pl\/index.php?rest_route=\/wp\/v2\/pages\/24","targetHints":{"allow":["GET"]}}],"collection":[{"href":"https:\/\/muzeumpamieci.umk.pl\/index.php?rest_route=\/wp\/v2\/pages"}],"about":[{"href":"https:\/\/muzeumpamieci.umk.pl\/index.php?rest_route=\/wp\/v2\/types\/page"}],"author":[{"embeddable":true,"href":"https:\/\/muzeumpamieci.umk.pl\/index.php?rest_route=\/wp\/v2\/users\/1"}],"replies":[{"embeddable":true,"href":"https:\/\/muzeumpamieci.umk.pl\/index.php?rest_route=%2Fwp%2Fv2%2Fcomments&post=24"}],"version-history":[{"count":8,"href":"https:\/\/muzeumpamieci.umk.pl\/index.php?rest_route=\/wp\/v2\/pages\/24\/revisions"}],"predecessor-version":[{"id":9367,"href":"https:\/\/muzeumpamieci.umk.pl\/index.php?rest_route=\/wp\/v2\/pages\/24\/revisions\/9367"}],"wp:featuredmedia":[{"embeddable":true,"href":"https:\/\/muzeumpamieci.umk.pl\/index.php?rest_route=\/wp\/v2\/media\/9214"}],"wp:attachment":[{"href":"https:\/\/muzeumpamieci.umk.pl\/index.php?rest_route=%2Fwp%2Fv2%2Fmedia&parent=24"}],"curies":[{"name":"wp","href":"https:\/\/api.w.org\/{rel}","templated":true}]}}