{"id":22,"date":"2016-10-01T23:08:21","date_gmt":"2016-10-01T21:08:21","guid":{"rendered":"http:\/\/muzeumpamieci.umk.pl\/?page_id=22"},"modified":"2019-10-10T18:21:28","modified_gmt":"2019-10-10T16:21:28","slug":"repozytorium-3","status":"publish","type":"page","link":"https:\/\/muzeumpamieci.umk.pl\/?page_id=22","title":{"rendered":"REPOZYTORIUM"},"content":{"rendered":"<p>Na repozytorium Projektu sk\u0142ada si\u0119 kilka element\u00f3w:<\/p>\n<ul>\n<li><a href=\"http:\/\/muzeumpamieci.umk.pl\/?page_id=65\"><strong>Czytelnia<\/strong> <\/a>&#8211; jest to po pierwsze miejsce dla publikowania efekt\u00f3w naszych prac na poszczeg\u00f3lnych etapach w formie artyku\u0142\u00f3w naukowych i popularnonaukowych, kt\u00f3re powstaj\u0105 przy okazji seminari\u00f3w muzealniczych i innych spotka\u0144 naukowych, a po drugie &#8211; jest to miejsce, w kt\u00f3rym zamieszczane b\u0119d\u0105 artyku\u0142y u\u017cytkownik\u00f3w portalu, naszych wsp\u00f3\u0142pracownik\u00f3w, zainteresowanych muzealnik\u00f3w i pasjonat\u00f3w \u00a0histori\u0105 muzealnictwa i funkcjonowaniem muze\u00f3w w kszta\u0142towaniu pami\u0119ci. Artyku\u0142y b\u0119d\u0105 recenzowane, a docelowo Czytelnia przekszta\u0142cona zostanie w naukowe czasopismo elektroniczne.<\/li>\n<li><a href=\"http:\/\/muzeumpamieci.umk.pl\/?page_id=871\"><strong>Wykaz opracowa\u0144<\/strong><\/a> stanowi rodzaj blogu projektu, kt\u00f3ry ma na celu popularyzacj\u0119 naszych dzia\u0142a\u0144, a jednocze\u015bnie obrazuj\u0105cy post\u0119py w prowadzonych przez nas pracach.<\/li>\n<li>W dziale &#8222;<strong><a href=\"http:\/\/muzeumpamieci.umk.pl\/?page_id=63\">wydawnictwa<\/a>&#8221;\u00a0<\/strong>zamie\u015bcimy elektroniczne wersje naszych publikacji przewidzianych w ramach Projektu.<\/li>\n<li><a href=\"http:\/\/muzeumpamieci.umk.pl\/?page_id=88\"><strong>Bibliografia<\/strong>\u00a0<\/a>dotycz\u0105ca muzealnictwa sprzed 1918 r. pos\u0142u\u017cy nam za \u017ar\u00f3d\u0142o do dalszych bada\u0144, a tak\u017ce jako podstawa do w\u0142asnych opracowa\u0144 i artyku\u0142\u00f3w u\u017cytkownik\u00f3w portalu, kt\u00f3rzy mog\u0105 ja tak\u017ce uzupe\u0142nia\u0107.<\/li>\n<\/ul>\n<p>Zapraszamy do wsp\u00f3\u0142pracy!<\/p>\n","protected":false},"excerpt":{"rendered":"<p>Na repozytorium Projektu sk\u0142ada si\u0119 kilka element\u00f3w: Czytelnia &#8211; jest to po pierwsze miejsce dla publikowania efekt\u00f3w naszych prac na poszczeg\u00f3lnych etapach w formie artyku\u0142\u00f3w naukowych i popularnonaukowych, kt\u00f3re powstaj\u0105 przy okazji seminari\u00f3w muzealniczych i innych spotka\u0144 naukowych, a po drugie &#8211; jest to miejsce, w kt\u00f3rym zamieszczane b\u0119d\u0105 artyku\u0142y u\u017cytkownik\u00f3w portalu, naszych wsp\u00f3\u0142pracownik\u00f3w, zainteresowanych&hellip; <\/p>\n","protected":false},"author":1,"featured_media":0,"parent":0,"menu_order":3,"comment_status":"closed","ping_status":"closed","template":"","meta":{"footnotes":""},"class_list":["post-22","page","type-page","status-publish","hentry"],"aioseo_notices":[],"_links":{"self":[{"href":"https:\/\/muzeumpamieci.umk.pl\/index.php?rest_route=\/wp\/v2\/pages\/22","targetHints":{"allow":["GET"]}}],"collection":[{"href":"https:\/\/muzeumpamieci.umk.pl\/index.php?rest_route=\/wp\/v2\/pages"}],"about":[{"href":"https:\/\/muzeumpamieci.umk.pl\/index.php?rest_route=\/wp\/v2\/types\/page"}],"author":[{"embeddable":true,"href":"https:\/\/muzeumpamieci.umk.pl\/index.php?rest_route=\/wp\/v2\/users\/1"}],"replies":[{"embeddable":true,"href":"https:\/\/muzeumpamieci.umk.pl\/index.php?rest_route=%2Fwp%2Fv2%2Fcomments&post=22"}],"version-history":[{"count":4,"href":"https:\/\/muzeumpamieci.umk.pl\/index.php?rest_route=\/wp\/v2\/pages\/22\/revisions"}],"predecessor-version":[{"id":5553,"href":"https:\/\/muzeumpamieci.umk.pl\/index.php?rest_route=\/wp\/v2\/pages\/22\/revisions\/5553"}],"wp:attachment":[{"href":"https:\/\/muzeumpamieci.umk.pl\/index.php?rest_route=%2Fwp%2Fv2%2Fmedia&parent=22"}],"curies":[{"name":"wp","href":"https:\/\/api.w.org\/{rel}","templated":true}]}}