{"id":1338,"date":"2018-02-21T10:28:52","date_gmt":"2018-02-21T09:28:52","guid":{"rendered":"http:\/\/muzeumpamieci.umk.pl\/?page_id=1338"},"modified":"2018-02-21T10:28:52","modified_gmt":"2018-02-21T09:28:52","slug":"kolekcje-prywatne-dostepne-publiczne","status":"publish","type":"page","link":"https:\/\/muzeumpamieci.umk.pl\/?page_id=1338","title":{"rendered":"KOLEKCJE PRYWATNE DOST\u0118PNE PUBLICZNE"},"content":{"rendered":"<hr \/>\n<ul class=\"lcp_catlist\" id=\"lcp_instance_0\"><li><a href=\"https:\/\/muzeumpamieci.umk.pl\/?p=4463\">Arkadia k. Nieborowa, ogr\u00f3d sentymentalno-romantyczny Heleny z Przezdzieckich Radziwi\u0142\u0142owej (1778-1821)<\/a><\/li><li><a href=\"https:\/\/muzeumpamieci.umk.pl\/?p=2589\">Bia\u0142owie\u017ca, Muzeum Puszczy Bia\u0142owieskiej (1913-1915)<\/a><\/li><li><a href=\"https:\/\/muzeumpamieci.umk.pl\/?p=1037\">Drezno, Muzeum Narodowe im. Wodzi\u0144skich (1848-1850)<\/a><\/li><li><a href=\"https:\/\/muzeumpamieci.umk.pl\/?p=4717\">Dzik\u00f3w, zbiory Tarnowskich<\/a><\/li><li><a href=\"https:\/\/muzeumpamieci.umk.pl\/?p=2820\">Go\u0142uch\u00f3w, Zbiory Zamku xx. Czartoryskich<\/a><\/li><li><a href=\"https:\/\/muzeumpamieci.umk.pl\/?p=2463\">Ko\u0142omyja, Muzeum Starze\u0144skiego z Pokucia\/ Muzeum Pokuckie (1892-1901)<\/a><\/li><li><a href=\"https:\/\/muzeumpamieci.umk.pl\/?p=1997\">K\u00f3rnik, Zamek z bibliotek\u0105 Dzia\u0142y\u0144skich<\/a><\/li><li><a href=\"https:\/\/muzeumpamieci.umk.pl\/?p=4555\">Krak\u00f3w, gabinet historyczny Jana Paw\u0142a Woronicza w pa\u0142acu biskupim (1815-1850)<\/a><\/li><li><a href=\"https:\/\/muzeumpamieci.umk.pl\/?p=6162\">Krak\u00f3w, Muzeum Feliksa &#8222;Mangghi&#8221; Jasie\u0144skiego<\/a><\/li><li><a href=\"https:\/\/muzeumpamieci.umk.pl\/?p=6564\">Krak\u00f3w, Muzeum Ksi\u0105\u017c\u0105t Czartoryskich, 1876<\/a><\/li><\/ul>\n<hr \/>\n","protected":false},"excerpt":{"rendered":"","protected":false},"author":1,"featured_media":0,"parent":74,"menu_order":0,"comment_status":"closed","ping_status":"closed","template":"","meta":{"footnotes":""},"class_list":["post-1338","page","type-page","status-publish","hentry"],"aioseo_notices":[],"_links":{"self":[{"href":"https:\/\/muzeumpamieci.umk.pl\/index.php?rest_route=\/wp\/v2\/pages\/1338","targetHints":{"allow":["GET"]}}],"collection":[{"href":"https:\/\/muzeumpamieci.umk.pl\/index.php?rest_route=\/wp\/v2\/pages"}],"about":[{"href":"https:\/\/muzeumpamieci.umk.pl\/index.php?rest_route=\/wp\/v2\/types\/page"}],"author":[{"embeddable":true,"href":"https:\/\/muzeumpamieci.umk.pl\/index.php?rest_route=\/wp\/v2\/users\/1"}],"replies":[{"embeddable":true,"href":"https:\/\/muzeumpamieci.umk.pl\/index.php?rest_route=%2Fwp%2Fv2%2Fcomments&post=1338"}],"version-history":[{"count":1,"href":"https:\/\/muzeumpamieci.umk.pl\/index.php?rest_route=\/wp\/v2\/pages\/1338\/revisions"}],"predecessor-version":[{"id":1339,"href":"https:\/\/muzeumpamieci.umk.pl\/index.php?rest_route=\/wp\/v2\/pages\/1338\/revisions\/1339"}],"up":[{"embeddable":true,"href":"https:\/\/muzeumpamieci.umk.pl\/index.php?rest_route=\/wp\/v2\/pages\/74"}],"wp:attachment":[{"href":"https:\/\/muzeumpamieci.umk.pl\/index.php?rest_route=%2Fwp%2Fv2%2Fmedia&parent=1338"}],"curies":[{"name":"wp","href":"https:\/\/api.w.org\/{rel}","templated":true}]}}