{"id":1336,"date":"2018-02-21T10:28:03","date_gmt":"2018-02-21T09:28:03","guid":{"rendered":"http:\/\/muzeumpamieci.umk.pl\/?page_id=1336"},"modified":"2018-03-12T21:56:34","modified_gmt":"2018-03-12T20:56:34","slug":"instytucje-muzealne","status":"publish","type":"page","link":"https:\/\/muzeumpamieci.umk.pl\/?page_id=1336","title":{"rendered":"INSTYTUCJE MUZEALNE"},"content":{"rendered":"<hr \/>\n<ul class=\"lcp_catlist\" id=\"lcp_instance_0\"><li><a href=\"https:\/\/muzeumpamieci.umk.pl\/?p=6460\">August\u00f3w, 1910-1918, Muzeum 104 Ustiugi\u0144skiego Pu\u0142ku Piechoty Genera\u0142a ksi\u0119cia Bagrationa<\/a><\/li><li><a href=\"https:\/\/muzeumpamieci.umk.pl\/?p=2629\">Bia\u0142owie\u017ca, Muzeum Przyrodnicze (1916-1918)<\/a><\/li><li><a href=\"https:\/\/muzeumpamieci.umk.pl\/?p=6589\">Bia\u0142ystok, 1900-1918, Muzeum 4. Mariupolskiego pu\u0142ku huzar\u00f3w<\/a><\/li><li><a href=\"https:\/\/muzeumpamieci.umk.pl\/?p=5361\">Bia\u0142ystok, 1911-1916, Muzeum 4-go charkowskiego pu\u0142ku u\u0142an\u00f3w<\/a><\/li><li><a href=\"https:\/\/muzeumpamieci.umk.pl\/?p=6405\">Bielsko, 1903, Muzeum Miejskie<\/a><\/li><li><a href=\"https:\/\/muzeumpamieci.umk.pl\/?p=5745\">Bordzie-Bijaty, muzeum Dionizego Paszkiewicza (Dionizas Po\u0161ka) w wydr\u0105\u017conym d\u0119bie Baublis<\/a><\/li><li><a href=\"https:\/\/muzeumpamieci.umk.pl\/?p=5738\">Braniewo, 1880, Gabinet Archeologii Antycznej przy Lyceum Hosianum<\/a><\/li><li><a href=\"https:\/\/muzeumpamieci.umk.pl\/?p=4861\">Braniewo, 1903, Muzeum Staro\u017cytno\u015bci Warmi\u0144skich<\/a><\/li><li><a href=\"https:\/\/muzeumpamieci.umk.pl\/?p=4706\">Bruksela, Muzeum Mi\u0119dzynarodowe, Mundaneum (1905, 1907), sala polska\/ dzia\u0142 polski<\/a><\/li><li><a href=\"https:\/\/muzeumpamieci.umk.pl\/?p=6486\">Brze\u015b\u0107 Litewski, 1900-1918, Muzeum 152 W\u0142adykaukaskiego PP gen. Jermo\u0142owa<\/a><\/li><li><a href=\"https:\/\/muzeumpamieci.umk.pl\/?p=6426\">Bych\u00f3w, 1911-1918, Pokazowe mobilne muzeum pedagogiczne przy powiatowym ziemstwie w Bychowie<\/a><\/li><li><a href=\"https:\/\/muzeumpamieci.umk.pl\/?p=4429\">Bydgoszcz, Muzeum Miejskie (1890)<\/a><\/li><li><a href=\"https:\/\/muzeumpamieci.umk.pl\/?p=5421\">Che\u0142m Lubelski, 1886, Muzeum 65 Moskiewskiego Pu\u0142ku Piechoty Jego Wysoko\u015bci<\/a><\/li><li><a href=\"https:\/\/muzeumpamieci.umk.pl\/?p=2371\">Che\u0142m, Muzeum eparchialnego prawos\u0142awnego Che\u0142mskiego Bractwa Bogurodzicowego (1882)<\/a><\/li><li><a href=\"https:\/\/muzeumpamieci.umk.pl\/?p=2393\">Che\u0142m, Muzeum oddzia\u0142u Polskiego Towarzystwa Krajoznawczego (1911)<\/a><\/li><li><a href=\"https:\/\/muzeumpamieci.umk.pl\/?p=6395\">Chicago, 1891, Muzeum Zwi\u0105zku Narodowego Polskiego<\/a><\/li><li><a href=\"https:\/\/muzeumpamieci.umk.pl\/?p=6492\">Chroberz, 1858-1860, Muzeum Polskie im. \u015awidzi\u0144skich (w ramach ordynacji Myszkowskiej Wielopolskich<\/a><\/li><li><a href=\"https:\/\/muzeumpamieci.umk.pl\/?p=6436\">Cieszyn, 1808, Muzeum i biblioteka Leopolda Jana Szersznika<\/a><\/li><li><a href=\"https:\/\/muzeumpamieci.umk.pl\/?p=6497\">Cieszyn, 1901, Muzeum miejskie<\/a><\/li><li><a href=\"https:\/\/muzeumpamieci.umk.pl\/?p=6191\">Cieszyn, 1901, Muzeum \u015al\u0105skie Polskiego Towarzystwa Ludoznawczego<\/a><\/li><li><a href=\"https:\/\/muzeumpamieci.umk.pl\/?p=6282\">Cz\u0119stochowa, 1905, Muzeum higieny<\/a><\/li><li><a href=\"https:\/\/muzeumpamieci.umk.pl\/?p=2862\">Cz\u0119stochowa, Muzeum oddzia\u0142u Polskiego Towarzystwa Krajoznawczego (1911)<\/a><\/li><li><a href=\"https:\/\/muzeumpamieci.umk.pl\/?p=3345\">Cz\u0119stochowa, rotunda ekspozycyjna obraz\u00f3w panoramowych (1896-1913)<\/a><\/li><li><a href=\"https:\/\/muzeumpamieci.umk.pl\/?p=5938\">D\u0105browa G\u00f3rnicza, 1912, Muzeum Geologiczne im. Zygmunta Glogera<\/a><\/li><li><a href=\"https:\/\/muzeumpamieci.umk.pl\/?p=1037\">Drezno, Muzeum Narodowe im. Wodzi\u0144skich (1848-1850)<\/a><\/li><li><a href=\"https:\/\/muzeumpamieci.umk.pl\/?p=2508\">Dublany pod Lwowem, Muzea Wy\u017cszej Szko\u0142y Rolniczej\/ Akademii Rolniczej (1858)<\/a><\/li><li><a href=\"https:\/\/muzeumpamieci.umk.pl\/?p=6415\">D\u017awi\u0144sk [Dyneburg], 1910, Pedagogiczne muzeum przy d\u017awi\u0144skiej drugiej miejskiej szkole<\/a><\/li><li><a href=\"https:\/\/muzeumpamieci.umk.pl\/?p=2221\">Elbl\u0105g, Muzeum Miejskie (1864)<\/a><\/li><li><a href=\"https:\/\/muzeumpamieci.umk.pl\/?p=5831\">Gda\u0144sk, 1880-1945, Westpreu\u00dfisches Provinzial Museum [Zachodniopruskie Muzeum Prowincjalne]<\/a><\/li><li><a href=\"https:\/\/muzeumpamieci.umk.pl\/?p=1240\">Gda\u0144sk, Muzeum \u017bydowskie Lessera Gie\u0142dzi\u0144skiego (1904)<\/a><\/li><li><a href=\"https:\/\/muzeumpamieci.umk.pl\/?p=3352\">Grodno, Muzeum Przyrodnicze (1924)<\/a><\/li><li><a href=\"https:\/\/muzeumpamieci.umk.pl\/?p=2554\">Grudzi\u0105dz, Miejskie Muzeum Staro\u017cytno\u015bci (1883)<\/a><\/li><li><a href=\"https:\/\/muzeumpamieci.umk.pl\/?p=5752\">Horodok (Gr\u00f3dek pow. R\u00f3wne), 1896, Muzeum Wo\u0142y\u0144skie<\/a><\/li><li><a href=\"https:\/\/muzeumpamieci.umk.pl\/?p=3285\">J\u0119drzej\u00f3w, Muzeum odd. Polskiego Towarzystwa Krajoznawczego (1911)<\/a><\/li><li><a href=\"https:\/\/muzeumpamieci.umk.pl\/?p=4489\">Kalisz, Muzeum Ziemi Kaliskiej Polskiego Towarzystwa Krajoznawczego (1911-1914)<\/a><\/li><li><a href=\"https:\/\/muzeumpamieci.umk.pl\/?p=2918\">Kielce, Muzeum Diecezjalne  (1911)<\/a><\/li><li><a href=\"https:\/\/muzeumpamieci.umk.pl\/?p=3221\">Kielce, Muzeum oddzia\u0142u Polskiego Towarzystwa Krajoznawczego (1908)<\/a><\/li><li><a href=\"https:\/\/muzeumpamieci.umk.pl\/?p=6471\">Klewa\u0144, 1818-1831, Gabinety Szko\u0142y Powiatowej (Gimnazjum Polskiego)<\/a><\/li><li><a href=\"https:\/\/muzeumpamieci.umk.pl\/?p=5620\">Ko\u0142omyja, 1913-1915, Muzeum Pokuckie<\/a><\/li><li><a href=\"https:\/\/muzeumpamieci.umk.pl\/?p=5572\">Kowno, 1897, Muzeum miejskie<\/a><\/li><li><a href=\"https:\/\/muzeumpamieci.umk.pl\/?p=4898\">Ko\u017amin Wielkopolski, 1910, muzeum parafialne<\/a><\/li><li><a href=\"https:\/\/muzeumpamieci.umk.pl\/?p=6212\">Krak\u00f3w, 1783-1817, zbiory Szko\u0142y G\u0142\u00f3wnej Koronnej: Gabinet Historii Naturalnej<\/a><\/li><li><a href=\"https:\/\/muzeumpamieci.umk.pl\/?p=5658\">Krak\u00f3w, 1895, Muzeum Jana Matejki<\/a><\/li><li><a href=\"https:\/\/muzeumpamieci.umk.pl\/?p=6502\">Krak\u00f3w, 1898, Muzeum historyczne m. Krakowa<\/a><\/li><li><a href=\"https:\/\/muzeumpamieci.umk.pl\/?p=5666\">Krak\u00f3w, 1904, Muzeum hr. Hutten-Czapskich<\/a><\/li><li><a href=\"https:\/\/muzeumpamieci.umk.pl\/?p=5822\">Krak\u00f3w, 1911, Muzeum Etnograficzne<\/a><\/li><li><a href=\"https:\/\/muzeumpamieci.umk.pl\/?p=4629\">Krak\u00f3w, Muzeum Anatomii Collegium Medicum Uniwersytetu Jagiello\u0144skiego (1871)<\/a><\/li><li><a href=\"https:\/\/muzeumpamieci.umk.pl\/?p=2776\">Krak\u00f3w, Muzeum Diecezjalne (1906)<\/a><\/li><li><a href=\"https:\/\/muzeumpamieci.umk.pl\/?p=6162\">Krak\u00f3w, Muzeum Feliksa &#8222;Mangghi&#8221; Jasie\u0144skiego<\/a><\/li><li><a href=\"https:\/\/muzeumpamieci.umk.pl\/?p=5794\">Krak\u00f3w, Muzeum Fizjograficzne Towarzystwa Naukowego Krakowskiego i Akademii Umiej\u0119tno\u015bci w Krakowie<\/a><\/li><li><a href=\"https:\/\/muzeumpamieci.umk.pl\/?p=6564\">Krak\u00f3w, Muzeum Ksi\u0105\u017c\u0105t Czartoryskich, 1876<\/a><\/li><li><a href=\"https:\/\/muzeumpamieci.umk.pl\/?p=4713\">Krak\u00f3w, Muzeum Narodowe w Sukiennicach 1884 (1879)<\/a><\/li><li><a href=\"https:\/\/muzeumpamieci.umk.pl\/?p=4320\">Krak\u00f3w, Muzeum Staro\u017cytno\u015bci Towarzystwa Naukowego Krakowskiego (1850-1891)<\/a><\/li><li><a href=\"https:\/\/muzeumpamieci.umk.pl\/?p=3295\">Krak\u00f3w, Pawilon dioramy Bitwa pod Grunwaldem (1910)<\/a><\/li><li><a href=\"https:\/\/muzeumpamieci.umk.pl\/?p=5631\">Krak\u00f3w, Zbiory Arcybractwa Mi\u0142osierdzia i Banku Pobo\u017cnego<\/a><\/li><li><a href=\"https:\/\/muzeumpamieci.umk.pl\/?p=6569\">Krak\u00f3w, Zbiory Ogrodu Botanicznego Uniwersytetu Jagiello\u0144skiego, 1783<\/a><\/li><li><a href=\"https:\/\/muzeumpamieci.umk.pl\/?p=2830\">Krak\u00f3w, Zbiory Towarzystwa Przyjaci\u00f3\u0142 Sztuk Pi\u0119knych (1854)<\/a><\/li><li><a href=\"https:\/\/muzeumpamieci.umk.pl\/?p=6526\">Kro\u015bcienko, 1914, Muzeum Pieni\u0144skie<\/a><\/li><li><a href=\"https:\/\/muzeumpamieci.umk.pl\/?p=4522\">Krzemieniec, zbiory Liceum Krzemienieckiego<\/a><\/li><li><a href=\"https:\/\/muzeumpamieci.umk.pl\/?p=4869\">Kwidzyn, 1876, zbiory Towarzystwa Historycznego Regencji Kwidzy\u0144skiej<\/a><\/li><li><a href=\"https:\/\/muzeumpamieci.umk.pl\/?p=5524\">Lublin, 1906, Muzeum Lubelskie<\/a><\/li><li><a href=\"https:\/\/muzeumpamieci.umk.pl\/?p=6298\">Lublin, 1918, Muzeum Diecezjalne<\/a><\/li><li><a href=\"https:\/\/muzeumpamieci.umk.pl\/?p=2746\">Lublin, Muzeum odd. Polskiego Towarzystwa Krajoznawczego (1911)<\/a><\/li><li><a href=\"https:\/\/muzeumpamieci.umk.pl\/?p=2750\">Lucerna, Muzeum Wojny i Pokoju \/ Kriegs &#038; Friedens Museum (1902-1919)<\/a><\/li><li><a href=\"https:\/\/muzeumpamieci.umk.pl\/?p=5417\">Lw\u00f3w, (1890) 1893, Muzeum historyczne m. Lwowa<\/a><\/li><li><a href=\"https:\/\/muzeumpamieci.umk.pl\/?p=6508\">Lw\u00f3w, 1880, Muzeum Dzieduszyckich<\/a><\/li><li><a href=\"https:\/\/muzeumpamieci.umk.pl\/?p=6385\">Lw\u00f3w, 1905, Muzeum Katechetyczne<\/a><\/li><li><a href=\"https:\/\/muzeumpamieci.umk.pl\/?p=6531\">Lw\u00f3w, 1908-1945, Muzeum Narodowe im. Jana III<\/a><\/li><li><a href=\"https:\/\/muzeumpamieci.umk.pl\/?p=2886\">Lw\u00f3w, galeria D\u0105mbskich (1820)<\/a><\/li><li><a href=\"https:\/\/muzeumpamieci.umk.pl\/?p=4637\">Lw\u00f3w, Lwowska Galeria Miejska (1907)<\/a><\/li><li><a href=\"https:\/\/muzeumpamieci.umk.pl\/?p=4702\">Lw\u00f3w, Muzeum \u201eRekordeum&#8221; (1916)<\/a><\/li><li><a href=\"https:\/\/muzeumpamieci.umk.pl\/?p=1133\">Lw\u00f3w, Muzeum (Galeria) Mi\u0105czy\u0144skich-Dzieduszyckich (1909)<\/a><\/li><li><a href=\"https:\/\/muzeumpamieci.umk.pl\/?p=3369\">Lw\u00f3w, Muzeum Lubomirskich\/Ossolineum (1823\/1870)<\/a><\/li><li><a href=\"https:\/\/muzeumpamieci.umk.pl\/?p=4516\">Lw\u00f3w, Muzeum Technologiczne im. cesarza Franciszka J\u00f3zefa \/zbiory Instytutu Technologicznego Izby Handlowej i Przemys\u0142owej (1898)<\/a><\/li><li><a href=\"https:\/\/muzeumpamieci.umk.pl\/?p=4527\">Lw\u00f3w, Muzeum Towarzystwa Ludoznawczego (1895)<\/a><\/li><li><a href=\"https:\/\/muzeumpamieci.umk.pl\/?p=2426\">Lw\u00f3w, panorama Rac\u0142awicka Kossak\/Styka (1894-1944)<\/a><\/li><li><a href=\"https:\/\/muzeumpamieci.umk.pl\/?p=3280\">Lw\u00f3w, zbiory artystyczne Biblioteki Baworowskich (1900)<\/a><\/li><li><a href=\"https:\/\/muzeumpamieci.umk.pl\/?p=2854\">Lw\u00f3w, zbiory Towarzystwa Przyjaci\u00f3\u0142 Sztuk Pi\u0119knych<\/a><\/li><li><a href=\"https:\/\/muzeumpamieci.umk.pl\/?p=2304\">\u0141\u00f3d\u017a, Muzeum Nauki i Sztuki (1910)<\/a><\/li><li><a href=\"https:\/\/muzeumpamieci.umk.pl\/?p=1976\">\u0141\u00f3d\u017a, Muzeum oddzia\u0142u Polskiego Towarzystwa Krajoznawczego (1909)<\/a><\/li><li><a href=\"https:\/\/muzeumpamieci.umk.pl\/?p=1077\">\u0141om\u017ca, Muzeum Polskiego Towarzystwa Krajoznawczego (1910)<\/a><\/li><li><a href=\"https:\/\/muzeumpamieci.umk.pl\/?p=1123\">\u0141owicz, Muzeum Polskiego Towarzystwa Krajoznawczego (1909)<\/a><\/li><li><a href=\"https:\/\/muzeumpamieci.umk.pl\/?p=1022\">\u0141owicz, Muzeum Staro\u017cytno\u015bci i Pami\u0105tek Historycznych (1906)<\/a><\/li><li><a href=\"https:\/\/muzeumpamieci.umk.pl\/?p=4839\">Malbork, Muzeum  Towarzystwa odbudowy i upi\u0119kszenia Malborka (1884 )<\/a><\/li><li><a href=\"https:\/\/muzeumpamieci.umk.pl\/?p=2326\">Miech\u00f3w, Muzeum oddzia\u0142u Polskiego Towarzystwa Krajoznawczego (1911)<\/a><\/li><li><a href=\"https:\/\/muzeumpamieci.umk.pl\/?p=6166\">Mi\u0144sk Litewski, 1916, zbiory Mi\u0144skiego Ko\u0142a Warszawskiego Towarzystwa Opieki nad Zabytkami Przesz\u0142o\u015bci<\/a><\/li><li><a href=\"https:\/\/muzeumpamieci.umk.pl\/?p=2906\">Mitawa (Je\u0142gawa, \u0141otwa), Kurlandzkie Muzeum Prowincjonalne (Kurl\u00e4ndisches Provincialmuseum) 1818-1939<\/a><\/li><li><a href=\"https:\/\/muzeumpamieci.umk.pl\/?p=5911\">Mohylew, 1867-1919, Muzeum Gubernialnego komitetu statystycznego<\/a><\/li><li><a href=\"https:\/\/muzeumpamieci.umk.pl\/?p=4611\">Na\u0142\u0119cz\u00f3w, Muzeum Ziemi Lubelskiej (1902-1921)<\/a><\/li><li><a href=\"https:\/\/muzeumpamieci.umk.pl\/?p=1100\">Nowogr\u00f3d, Muzeum Kurpiowskie w Nowogrodzie (1917)<\/a><\/li><li><a href=\"https:\/\/muzeumpamieci.umk.pl\/?p=6253\">Nowy S\u0105cz, 1899, Zbiory muzealne C.K. Gimnazjum<\/a><\/li><li><a href=\"https:\/\/muzeumpamieci.umk.pl\/?p=6391\">Nowy S\u0105cz, 1909, Muzeum Ziemi S\u0105deckiej<\/a><\/li><li><a href=\"https:\/\/muzeumpamieci.umk.pl\/?p=4591\">Ojc\u00f3w, Muzeum Krajoznawcze, przyrodniczo-archeologiczne na zamku (1908)<\/a><\/li><li><a href=\"https:\/\/muzeumpamieci.umk.pl\/?p=5731\">Olkusz, 1911, Muzeum Towarzystwa Krajoznawczego<\/a><\/li><li><a href=\"https:\/\/muzeumpamieci.umk.pl\/?p=4249\">Ostr\u00f3g Muzeum im. ks. Ostrogskich (1914)<\/a><\/li><li><a href=\"https:\/\/muzeumpamieci.umk.pl\/?p=2295\">Ostro\u0142\u0119ka, Muzeum Puszcza\u0144skie (1913)<\/a><\/li><li><a href=\"https:\/\/muzeumpamieci.umk.pl\/?p=6455\">Pabianice, 1910,  Muzeum pabianickiego Ko\u0142a Polskiej Macierzy Szkolnej<\/a><\/li><li><a href=\"https:\/\/muzeumpamieci.umk.pl\/?p=4550\">Pieskowa Ska\u0142a, Muzeum na zamku (1907)<\/a><\/li><li><a href=\"https:\/\/muzeumpamieci.umk.pl\/?p=1103\">Piotrk\u00f3w Trybunalski, Muzeum Krajoznawcze Ziemi Piotrkowskiej (1909)<\/a><\/li><li><a href=\"https:\/\/muzeumpamieci.umk.pl\/?p=4887\">P\u0142ock, 1912, Muzeum Mazowsza P\u0142ockiego<\/a><\/li><li><a href=\"https:\/\/muzeumpamieci.umk.pl\/?p=2625\">P\u0142ock, Muzeum Towarzystwa Naukowego P\u0142ockiego (1820-1831)<\/a><\/li><li><a href=\"https:\/\/muzeumpamieci.umk.pl\/?p=5508\">Po\u0142ock, 1788, zbiory muzealne Kolegium Jezuickiego (Akademii Po\u0142ockiej)<\/a><\/li><li><a href=\"https:\/\/muzeumpamieci.umk.pl\/?p=6379\">Pozna\u0144, 1894\/1898, Muzeum Archidiecezjalne<\/a><\/li><li><a href=\"https:\/\/muzeumpamieci.umk.pl\/?p=2741\">Pozna\u0144, Kaiser-Friedrich-Museum (1894)<\/a><\/li><li><a href=\"https:\/\/muzeumpamieci.umk.pl\/?p=4265\">Pozna\u0144, Muzeum Etnograficzne (1911-1939)<\/a><\/li><li><a href=\"https:\/\/muzeumpamieci.umk.pl\/?p=2815\">Pozna\u0144, Posenches Provinzial-Museum der Hist. Gesellschaft f\u00fcr Provinz Posen (1885-1899)<\/a><\/li><li><a href=\"https:\/\/muzeumpamieci.umk.pl\/?p=6446\">Przem\u0119t, 1895, Muzeum Parafialne<\/a><\/li><li><a href=\"https:\/\/muzeumpamieci.umk.pl\/?p=3158\">Przemy\u015bl, Muzeum Diecezjalne (1902)<\/a><\/li><li><a href=\"https:\/\/muzeumpamieci.umk.pl\/?p=4078\">Przemy\u015bl, Muzeum Towarzystwa Przyjaci\u00f3\u0142 Nauk (1909)<\/a><\/li><li><a href=\"https:\/\/muzeumpamieci.umk.pl\/?p=2414\">Radom, gabinet historyczno-naturalny w gmachu rz\u0105du guberni radomskiej (1845-1856)<\/a><\/li><li><a href=\"https:\/\/muzeumpamieci.umk.pl\/?p=2932\">Radom, Muzeum Polskiego Towarzystwa Krajoznawczego (1910)<\/a><\/li><li><a href=\"https:\/\/muzeumpamieci.umk.pl\/?p=5723\">Raperswil, 1870, Muzeum Narodowe Polskie<\/a><\/li><li><a href=\"https:\/\/muzeumpamieci.umk.pl\/?p=5945\">R\u00f3wne, 1908, Muzeum Wo\u0142y\u0144skie<\/a><\/li><li><a href=\"https:\/\/muzeumpamieci.umk.pl\/?p=4453\">Sandomierz, Muzeum Diecezjalne (1902)<\/a><\/li><li><a href=\"https:\/\/muzeumpamieci.umk.pl\/?p=2871\">Siedlce, Muzeum Podlaskie (1909)<\/a><\/li><li><a href=\"https:\/\/muzeumpamieci.umk.pl\/?p=6482\">Siemiatycze,  1777-1800, Gabinet Historii Naturalnej Ksi\u0119\u017cnej Jab\u0142onowskiej<\/a><\/li><li><a href=\"https:\/\/muzeumpamieci.umk.pl\/?p=5636\">Sopot, 1913-1914, Muzeum kaszubsko-pomorskie<\/a><\/li><li><a href=\"https:\/\/muzeumpamieci.umk.pl\/?p=2662\">Stary Szelk\u00f3w, Muzeum Rolnicze (1897)<\/a><\/li><li><a href=\"https:\/\/muzeumpamieci.umk.pl\/?p=5003\">Suwa\u0142ki, 1856, Gabinet P\u0142od\u00f3w Przyrody i Zabytk\u00f3w Archeologicznych<\/a><\/li><li><a href=\"https:\/\/muzeumpamieci.umk.pl\/?p=6264\">Suwa\u0142ki, 1909, Muzeum Ziemi Suwalskiej<\/a><\/li><li><a href=\"https:\/\/muzeumpamieci.umk.pl\/?p=2430\">Szamotu\u0142y, zbiory Towarzystwa Zbieracz\u00f3w Staro\u017cytno\u015bci Krajowych (1841-1846)<\/a><\/li><li><a href=\"https:\/\/muzeumpamieci.umk.pl\/?p=5581\">Tarnopol, 1907, Muzeum Podolskie<\/a><\/li><li><a href=\"https:\/\/muzeumpamieci.umk.pl\/?p=6374\">Tarn\u00f3w, 1888, Muzeum Diecezjalne<\/a><\/li><li><a href=\"https:\/\/muzeumpamieci.umk.pl\/?p=6609\">Theatrum Anatomicum &#8211; Gabinet Anatomiczny Cesarskiego Uniwersytetu Wile\u0144skiego, 1815<\/a><\/li><li><a href=\"https:\/\/muzeumpamieci.umk.pl\/?p=5855\">Toru\u0144, 1594, zbiory naukowe w bibliotece Gimnazjum Akademickiego<\/a><\/li><li><a href=\"https:\/\/muzeumpamieci.umk.pl\/?p=4569\">Toru\u0144, Zbiory Towarzystwa Naukowego Toru\u0144skiego (1875-1930)<\/a><\/li><li><a href=\"https:\/\/muzeumpamieci.umk.pl\/?p=6156\">Wadowice, 1866, zbiory naukowe Gimnazjum Wadowickiego<\/a><\/li><li><a href=\"https:\/\/muzeumpamieci.umk.pl\/?p=2843\">Warszawa zbiory Cesarskiego Uniwersytetu Warszawskiego (1869-1915): Gabinet Mineralogiczny<\/a><\/li><li><a href=\"https:\/\/muzeumpamieci.umk.pl\/?p=4366\">Warszawa zbiory Kr\u00f3lewskiego Uniwersytetu Warszawskiego (1818-1832): Gabinet farmacyiny<\/a><\/li><li><a href=\"https:\/\/muzeumpamieci.umk.pl\/?p=5683\">Warszawa, 1860, Zbiory Towarzystwa Zach\u0119ty Sztuk Pi\u0119knych<\/a><\/li><li><a href=\"https:\/\/muzeumpamieci.umk.pl\/?p=5616\">Warszawa, 1862 Muzeum Sztuk Pi\u0119knych<\/a><\/li><li><a href=\"https:\/\/muzeumpamieci.umk.pl\/?p=5695\">Warszawa, 1875 Muzeum Rolnictwa i Przemys\u0142u<\/a><\/li><li><a href=\"https:\/\/muzeumpamieci.umk.pl\/?p=5765\">Warszawa, 1906-1907, Muzeum szkolne Towarzystwa Polskiej Macierzy Szkolnej<\/a><\/li><li><a href=\"https:\/\/muzeumpamieci.umk.pl\/?p=6198\">Warszawa, 1908, Muzeum Polskiego Towarzystwa Krajoznawczego<\/a><\/li><li><a href=\"https:\/\/muzeumpamieci.umk.pl\/?p=5648\">Warszawa, 1910, Muzeum Archidiecezjalne<\/a><\/li><li><a href=\"https:\/\/muzeumpamieci.umk.pl\/?p=5577\">Warszawa, 1914, Muzeum Staro\u017cytno\u015bci Polskich Towarzystwa Opieki nad Zabytkami Przesz\u0142o\u015bci<\/a><\/li><li><a href=\"https:\/\/muzeumpamieci.umk.pl\/?p=4988\">Warszawa, 1917, Muzeum Pedagogiczne<\/a><\/li><li><a href=\"https:\/\/muzeumpamieci.umk.pl\/?p=1989\">Warszawa, Ma\u0142e Muzeum Biblijne (1916)<\/a><\/li><li><a href=\"https:\/\/muzeumpamieci.umk.pl\/?p=1001\">Warszawa, Muzeum Erazma Majewskiego; Muzeum Przedhistoryczne im. Erazma Majewskiego (1892)<\/a><\/li><li><a href=\"https:\/\/muzeumpamieci.umk.pl\/?p=1200\">Warszawa, Muzeum Instytutu G\u0142uchoniemych i Ociemnia\u0142ych (1875)<\/a><\/li><li><a href=\"https:\/\/muzeumpamieci.umk.pl\/?p=4348\">Warszawa, Muzeum Lejb-Gwardyjskiego Pu\u0142ku Wo\u0142y\u0144skiego ([1900]-1914)<\/a><\/li><li><a href=\"https:\/\/muzeumpamieci.umk.pl\/?p=1796\">Warszawa, Muzeum ornitologiczne hr. Branickich (1887-1918)<\/a><\/li><li><a href=\"https:\/\/muzeumpamieci.umk.pl\/?p=1193\">Warszawa, Muzeum Pszczelnicze (1882-1889)<\/a><\/li><li><a href=\"https:\/\/muzeumpamieci.umk.pl\/?p=1153\">Warszawa, Muzeum Rzemios\u0142 i Sztuki Stosowanej (1891)<\/a><\/li><li><a href=\"https:\/\/muzeumpamieci.umk.pl\/?p=1065\">Warszawa, Muzeum Staro\u017cytno\u015bci \u017bydowskich Mathiasa Bersohna (1905)<\/a><\/li><li><a href=\"https:\/\/muzeumpamieci.umk.pl\/?p=4741\">Warszawa, Muzeum Towarzystwa Przyjaci\u00f3\u0142 Nauk (1811)<\/a><\/li><li><a href=\"https:\/\/muzeumpamieci.umk.pl\/?p=4006\">Warszawa, Muzeum Warszawskie w Domu Dochodowym TZSP (1903)<\/a><\/li><li><a href=\"https:\/\/muzeumpamieci.umk.pl\/?p=3373\">Warszawa, Panorama na Dynasach przy ul. Obo\u017anej (1896)<\/a><\/li><li><a href=\"https:\/\/muzeumpamieci.umk.pl\/?p=3376\">Warszawa, Panorama na Karowej (1897-1907)<\/a><\/li><li><a href=\"https:\/\/muzeumpamieci.umk.pl\/?p=2677\">Warszawa, zbiory Archikonfraterni Literackiej<\/a><\/li><li><a href=\"https:\/\/muzeumpamieci.umk.pl\/?p=2673\">Warszawa, zbiory Cesarskiego Uniwersytetu Warszawskiego (1869-1915):  Gabinet Zoologiczny<\/a><\/li><li><a href=\"https:\/\/muzeumpamieci.umk.pl\/?p=2839\">Warszawa, zbiory Cesarskiego Uniwersytetu Warszawskiego (1869-1915): Gabinet archeologiczny<\/a><\/li><li><a href=\"https:\/\/muzeumpamieci.umk.pl\/?p=2716\">Warszawa, zbiory Cesarskiego Uniwersytetu Warszawskiego (1869-1915): Gabinet Numizmatyczny<\/a><\/li><li><a href=\"https:\/\/muzeumpamieci.umk.pl\/?p=2849\">Warszawa, zbiory Cesarskiego Uniwersytetu Warszawskiego (1869-1915): Gabinet Odlew\u00f3w Gipsowych<\/a><\/li><li><a href=\"https:\/\/muzeumpamieci.umk.pl\/?p=2801\">Warszawa, zbiory Cesarskiego Uniwersytetu Warszawskiego (1869-1915): Muzeum Staro\u017cytno\u015bci S\u0142owia\u0144skich Hipolita Skimborowicza<\/a><\/li><li><a href=\"https:\/\/muzeumpamieci.umk.pl\/?p=2258\">Warszawa, zbiory etnograficzne przy Ogrodzie Zoologicznym (1888-1896\/1939)<\/a><\/li><li><a href=\"https:\/\/muzeumpamieci.umk.pl\/?p=2688\">Warszawa, zbiory Jednoty Reformowanej w Kr\u00f3lestwie Polskim<\/a><\/li><li><a href=\"https:\/\/muzeumpamieci.umk.pl\/?p=2708\">Warszawa, zbiory Kr\u00f3lewskiego Uniwersytetu Warszawskiego (1818-1832): Gabinet Anatomiczny<\/a><\/li><li><a href=\"https:\/\/muzeumpamieci.umk.pl\/?p=2712\">Warszawa, zbiory Kr\u00f3lewskiego Uniwersytetu Warszawskiego (1818-1832): Gabinet Chirurgiczny<\/a><\/li><li><a href=\"https:\/\/muzeumpamieci.umk.pl\/?p=4332\">Warszawa, zbiory Kr\u00f3lewskiego Uniwersytetu Warszawskiego (1818-1832): Gabinet Fizyczny<\/a><\/li><li><a href=\"https:\/\/muzeumpamieci.umk.pl\/?p=2696\">Warszawa, zbiory Kr\u00f3lewskiego Uniwersytetu Warszawskiego (1818-1832): Gabinet Mineralogiczny<\/a><\/li><li><a href=\"https:\/\/muzeumpamieci.umk.pl\/?p=2704\">Warszawa, zbiory Kr\u00f3lewskiego Uniwersytetu Warszawskiego (1818-1832): Gabinet Modeli i Rysunk\u00f3w Architektonicznych<\/a><\/li><li><a href=\"https:\/\/muzeumpamieci.umk.pl\/?p=2700\">Warszawa, zbiory Kr\u00f3lewskiego Uniwersytetu Warszawskiego (1818-1832): Gabinet Numizmatyczny<\/a><\/li><li><a href=\"https:\/\/muzeumpamieci.umk.pl\/?p=2737\">Warszawa, zbiory Kr\u00f3lewskiego Uniwersytetu Warszawskiego (1818-1832): Gabinet Odlew\u00f3w Gipsowych<\/a><\/li><li><a href=\"https:\/\/muzeumpamieci.umk.pl\/?p=2723\">Warszawa, zbiory Kr\u00f3lewskiego Uniwersytetu Warszawskiego (1818-1832): Gabinet Rycin<\/a><\/li><li><a href=\"https:\/\/muzeumpamieci.umk.pl\/?p=2729\">Warszawa, zbiory Kr\u00f3lewskiego Uniwersytetu Warszawskiego (1818-1832): Gabinet Staro\u017cytnych Osobliwo\u015bci<\/a><\/li><li><a href=\"https:\/\/muzeumpamieci.umk.pl\/?p=2667\">Warszawa, zbiory Kr\u00f3lewskiego Uniwersytetu Warszawskiego (1818-1832): Gabinet Zoologiczny<\/a><\/li><li><a href=\"https:\/\/muzeumpamieci.umk.pl\/?p=4375\">Warszawa, zbiory Kr\u00f3lewskiego Uniwersytetu Warszawskiego (1818-1832): Galeria Obraz\u00f3w<\/a><\/li><li><a href=\"https:\/\/muzeumpamieci.umk.pl\/?p=4371\">Warszawa, zbiory Kr\u00f3lewskiego Uniwersytetu Warszawskiego (1818-1832): Zbi\u00f3r materii medycznej<\/a><\/li><li><a href=\"https:\/\/muzeumpamieci.umk.pl\/?p=5691\">Warszawa, Zbiory Magistratu Sto\u0142ecznego m. Warszawy<\/a><\/li><li><a href=\"https:\/\/muzeumpamieci.umk.pl\/?p=2621\">Warszawa, zbiory Towarzystwa Mi\u0142o\u015bnik\u00f3w Historii (1906)<\/a><\/li><li><a href=\"https:\/\/muzeumpamieci.umk.pl\/?p=2613\">Warszawa, zbiory Warszawskiego Towarzystwa Muzycznego (1891, 1899)<\/a><\/li><li><a href=\"https:\/\/muzeumpamieci.umk.pl\/?p=1014\">Warszawa, Zwierzyniec na Bagateli (1884-1902)<\/a><\/li><li><a href=\"https:\/\/muzeumpamieci.umk.pl\/?p=4953\">Wdzydze Kiszewskie, 1907, Muzeum kaszubskie<\/a><\/li><li><a href=\"https:\/\/muzeumpamieci.umk.pl\/?p=4999\">Wiede\u0144, 1915-1921, zbiory muzealne Polskiego Archiwum Wojennego<\/a><\/li><li><a href=\"https:\/\/muzeumpamieci.umk.pl\/?p=5441\">Wieliczka, 1898, Muzeum Salinarne<\/a><\/li><li><a href=\"https:\/\/muzeumpamieci.umk.pl\/?p=6225\">Wielu\u0144, 1910-1912; 1914, Muzeum oddzia\u0142u Polskiego Towarzystwa Krajoznawczego<\/a><\/li><li><a href=\"https:\/\/muzeumpamieci.umk.pl\/?p=7041\">Wilno 1856-1863 Muzeum Staro\u017cytno\u015bci (Komisji Archeologicznej) Eustachego Tyszkiewicza<\/a><\/li><li><a href=\"https:\/\/muzeumpamieci.umk.pl\/?p=6430\">Wilno, 1803-1832, Zbiory Cesarskiego Uniwersytetu Wile\u0144skiego: Gabinet machin<\/a><\/li><li><a href=\"https:\/\/muzeumpamieci.umk.pl\/?p=5714\">Wilno, 1906, Muzeum Staro\u017cytno\u015bci i Artystyczno-Przemys\u0142owe in\u017c. Antoniego Brodowskiego<\/a><\/li><li><a href=\"https:\/\/muzeumpamieci.umk.pl\/?p=5704\">Wilno, 1907, Muzeum Towarzystwa Przyjaci\u00f3\u0142 Nauk<\/a><\/li><li><a href=\"https:\/\/muzeumpamieci.umk.pl\/?p=6308\">W\u0142oc\u0142awek, 1870, Muzeum Diecezjalne<\/a><\/li><li><a href=\"https:\/\/muzeumpamieci.umk.pl\/?p=1810\">W\u0142oc\u0142awek, Muzeum Ziemi Kujawskiej (1908)<\/a><\/li><li><a href=\"https:\/\/muzeumpamieci.umk.pl\/?p=4939\">W\u0142odzimierz Wo\u0142y\u0144ski 1888 muzeum bractwa \u015bw. W\u0142odzimierza<\/a><\/li><li><a href=\"https:\/\/muzeumpamieci.umk.pl\/?p=2758\">Zakopane, Muzeum Tatrza\u0144skie im. Tytusa Cha\u0142ubi\u0144skiego (1888\/1889)<\/a><\/li><li><a href=\"https:\/\/muzeumpamieci.umk.pl\/?p=6477\">Zawiercie, 1911, Zbiory oddzia\u0142u PTK<\/a><\/li><li><a href=\"https:\/\/muzeumpamieci.umk.pl\/?p=4975\">Zbiory Towarzystwa Artystycznego Warszawskiego<\/a><\/li><li><a href=\"https:\/\/muzeumpamieci.umk.pl\/?p=6422\">\u017bytomierz, 1909, Muzeum Diecezjalne<\/a><\/li><\/ul>\n<hr \/>\n","protected":false},"excerpt":{"rendered":"","protected":false},"author":1,"featured_media":0,"parent":0,"menu_order":0,"comment_status":"closed","ping_status":"closed","template":"","meta":{"footnotes":""},"class_list":["post-1336","page","type-page","status-publish","hentry"],"aioseo_notices":[],"_links":{"self":[{"href":"https:\/\/muzeumpamieci.umk.pl\/index.php?rest_route=\/wp\/v2\/pages\/1336","targetHints":{"allow":["GET"]}}],"collection":[{"href":"https:\/\/muzeumpamieci.umk.pl\/index.php?rest_route=\/wp\/v2\/pages"}],"about":[{"href":"https:\/\/muzeumpamieci.umk.pl\/index.php?rest_route=\/wp\/v2\/types\/page"}],"author":[{"embeddable":true,"href":"https:\/\/muzeumpamieci.umk.pl\/index.php?rest_route=\/wp\/v2\/users\/1"}],"replies":[{"embeddable":true,"href":"https:\/\/muzeumpamieci.umk.pl\/index.php?rest_route=%2Fwp%2Fv2%2Fcomments&post=1336"}],"version-history":[{"count":3,"href":"https:\/\/muzeumpamieci.umk.pl\/index.php?rest_route=\/wp\/v2\/pages\/1336\/revisions"}],"predecessor-version":[{"id":1595,"href":"https:\/\/muzeumpamieci.umk.pl\/index.php?rest_route=\/wp\/v2\/pages\/1336\/revisions\/1595"}],"wp:attachment":[{"href":"https:\/\/muzeumpamieci.umk.pl\/index.php?rest_route=%2Fwp%2Fv2%2Fmedia&parent=1336"}],"curies":[{"name":"wp","href":"https:\/\/api.w.org\/{rel}","templated":true}]}}