{"id":1284,"date":"2018-02-12T18:41:20","date_gmt":"2018-02-12T17:41:20","guid":{"rendered":"http:\/\/muzeumpamieci.umk.pl\/?page_id=1284"},"modified":"2018-02-21T10:21:06","modified_gmt":"2018-02-21T09:21:06","slug":"katalogi-zbiorow-muzealnych-i-kolekcji","status":"publish","type":"page","link":"https:\/\/muzeumpamieci.umk.pl\/?page_id=1284","title":{"rendered":"KATALOGI ZBIOR\u00d3W MUZEALNYCH I KOLEKCJI"},"content":{"rendered":"<hr \/>\n<ul class=\"lcp_catlist\" id=\"lcp_instance_0\"><li><a href=\"https:\/\/muzeumpamieci.umk.pl\/?p=4228\">&#8222;Muzeum a pami\u0119\u0107&#8221; &#8211; pierwsza publikacja projektowa!<\/a><\/li><li><a href=\"https:\/\/muzeumpamieci.umk.pl\/?p=7507\">\u201eBy skre\u015bli\u0107 histori\u0119 naszych zbior\u00f3w\u201d. Polskie kolekcje artystyczne &#8211; nowa ksi\u0105\u017cka Tomasza de Rosseta<\/a><\/li><li><a href=\"https:\/\/muzeumpamieci.umk.pl\/?p=9151\">#muzeologiacyfrowa: &#8222;Projekt&#8221; w mediach spo\u0142eczno\u015bciowych w 2020 roku | Ma\u0142gorzata Baka<\/a><\/li><li><a href=\"https:\/\/muzeumpamieci.umk.pl\/?p=7482\">#muzeologiacyfrowa: Do\u015bwiadczenie i umiej\u0119tno\u015bci specjalist\u00f3w dost\u0119pno\u015bci cyfrowej<\/a><\/li><li><a href=\"https:\/\/muzeumpamieci.umk.pl\/?p=7490\">#muzeologiacyfrowa: Summer School on Digital Art History: Digital Exhibition (Malaga, online)<\/a><\/li><li><a href=\"https:\/\/muzeumpamieci.umk.pl\/?p=2835\">100 lat Niepodleg\u0142o\u015bci Polski<\/a><\/li><li><a href=\"https:\/\/muzeumpamieci.umk.pl\/?p=966\">1766 &#8211; Warszawa, Projekt muzeum bogactw naturalnych Stefana Chardona de Rieule<\/a><\/li><li><a href=\"https:\/\/muzeumpamieci.umk.pl\/?p=6692\">1775 &#8211; Museaum Polonicum Micha\u0142a Mniszcha<\/a><\/li><li><a href=\"https:\/\/muzeumpamieci.umk.pl\/?p=1599\">1781 &#8211; Musaeum Potocianum Wincentego Potockiego<\/a><\/li><li><a href=\"https:\/\/muzeumpamieci.umk.pl\/?p=6666\">1782 &#8211; Musei Gottwaldiani (projekt)<\/a><\/li><\/ul>\n<p>&nbsp;<\/p>\n<hr \/>\n<p>&nbsp;<\/p>\n","protected":false},"excerpt":{"rendered":"<p>&nbsp; &nbsp;<\/p>\n","protected":false},"author":3,"featured_media":0,"parent":74,"menu_order":0,"comment_status":"closed","ping_status":"closed","template":"","meta":{"footnotes":""},"class_list":["post-1284","page","type-page","status-publish","hentry"],"aioseo_notices":[],"_links":{"self":[{"href":"https:\/\/muzeumpamieci.umk.pl\/index.php?rest_route=\/wp\/v2\/pages\/1284","targetHints":{"allow":["GET"]}}],"collection":[{"href":"https:\/\/muzeumpamieci.umk.pl\/index.php?rest_route=\/wp\/v2\/pages"}],"about":[{"href":"https:\/\/muzeumpamieci.umk.pl\/index.php?rest_route=\/wp\/v2\/types\/page"}],"author":[{"embeddable":true,"href":"https:\/\/muzeumpamieci.umk.pl\/index.php?rest_route=\/wp\/v2\/users\/3"}],"replies":[{"embeddable":true,"href":"https:\/\/muzeumpamieci.umk.pl\/index.php?rest_route=%2Fwp%2Fv2%2Fcomments&post=1284"}],"version-history":[{"count":4,"href":"https:\/\/muzeumpamieci.umk.pl\/index.php?rest_route=\/wp\/v2\/pages\/1284\/revisions"}],"predecessor-version":[{"id":1330,"href":"https:\/\/muzeumpamieci.umk.pl\/index.php?rest_route=\/wp\/v2\/pages\/1284\/revisions\/1330"}],"up":[{"embeddable":true,"href":"https:\/\/muzeumpamieci.umk.pl\/index.php?rest_route=\/wp\/v2\/pages\/74"}],"wp:attachment":[{"href":"https:\/\/muzeumpamieci.umk.pl\/index.php?rest_route=%2Fwp%2Fv2%2Fmedia&parent=1284"}],"curies":[{"name":"wp","href":"https:\/\/api.w.org\/{rel}","templated":true}]}}